{"id":2293,"date":"2023-04-26T12:07:43","date_gmt":"2023-04-26T12:07:43","guid":{"rendered":"https:\/\/cruisebus.barcelona\/politica-de-privacitat\/"},"modified":"2023-04-26T12:07:43","modified_gmt":"2023-04-26T12:07:43","slug":"politica-de-privacitat","status":"publish","type":"page","link":"https:\/\/cruisebus.barcelona\/ru\/politica-de-privacitat\/","title":{"rendered":"Pol\u00edtica de Privacitat"},"content":{"rendered":"<p>[et_pb_section fb_built=&#187;1&#8243; fullwidth=&#187;on&#187; theme_builder_area=&#187;post_content&#187; _builder_version=&#187;4.20.4&#8243; _module_preset=&#187;default&#187;][et_pb_fullwidth_header _builder_version=&#187;4.20.4&#8243; _module_preset=&#187;default&#187; theme_builder_area=&#187;post_content&#187; title=&#187;Pol\u00edtica de Privacitat&#187; hover_enabled=&#187;0&#8243; sticky_enabled=&#187;0&#8243;][\/et_pb_fullwidth_header][\/et_pb_section][et_pb_section fb_built=&#187;1&#8243; _builder_version=&#187;4.20.4&#8243; _module_preset=&#187;default&#187; global_colors_info=&#187;{}&#187;][et_pb_row _builder_version=&#187;4.20.4&#8243; _module_preset=&#187;default&#187; global_colors_info=&#187;{}&#187;][et_pb_column type=&#187;4_4&#8243; _builder_version=&#187;4.20.4&#8243; _module_preset=&#187;default&#187; global_colors_info=&#187;{}&#187;][et_pb_text _builder_version=&#187;4.20.4&#8243; _module_preset=&#187;default&#187; global_colors_info=&#187;{}&#187;]Mitjan\u00e7ant la present Pol\u00edtica de Privacitat, l&#8217;informem sobre la recopilaci\u00f3, tractament i \u00fas de les seves dades personals.<\/p>\n<p><strong>1. Qui \u00e9s el responsable del tractament de les seves dades?<\/strong><\/p>\n<table style=\"height: 144px; width: 580px; border-style: solid;\" border=\"0\" cellspacing=\"0\" cellpadding=\"10px\">\n<tbody>\n<tr style=\"height: 48px;\">\n<td style=\"width: 288px; border-style: solid; border-color: #333333; height: 48px;\" width=\"288\">Identitat del responsable<\/td>\n<td style=\"border-style: solid; border-color: #333333; height: 48px; width: 292px;\" width=\"288\">MARFINA, S.L.(en endavat, Moventis) amb CIF: B-59372755<\/td>\n<\/tr>\n<tr style=\"height: 48px;\">\n<td style=\"border-style: solid; border-color: #333333; height: 48px; width: 288px;\" width=\"288\">Direcci\u00f3<\/td>\n<td style=\"border-style: solid; border-color: #333333; height: 48px; width: 292px;\" width=\"288\">Sabadell \u2013 Barcelona, Passeig del Comer\u00e7, 100<\/td>\n<\/tr>\n<tr style=\"height: 48px;\">\n<td style=\"border-style: solid; border-color: #333333; height: 48px; width: 288px;\" width=\"288\">Correu<\/td>\n<td style=\"border-style: solid; border-color: #333333; height: 48px; width: 292px;\" width=\"288\"><span style=\"color: #ff0000;\"><a href=\"mailto:protecciondedatos@moventis.es\">protecciondedatos@moventis.es<\/a><\/span><\/td>\n<\/tr>\n<\/tbody>\n<\/table>\n<p>&nbsp;<\/p>\n<p><strong>2. Amb quina finalitat tractem les seves dades?<\/strong><\/p>\n<p>A Moventis tractem les dades personas que ens faciliti, amb les seg\u00fcents finalitats principals:<\/p>\n<p style=\"padding-left: 40px;\">a) Gestionar les sol\u00b7licituds de pressupost per la prestaci\u00f3 dels nostres serveis<\/p>\n<p style=\"padding-left: 40px;\">b) Realitzar un control de qualitat sobre els productes i serveis contractats.<\/p>\n<p style=\"padding-left: 40px;\">c ) Compliment de les obligacions legals.<\/p>\n<p style=\"padding-left: 40px;\">d )Atendre les seves consultes i sol\u00b7licituds.<\/p>\n<p style=\"padding-left: 40px;\">e) Enviar-li informaci\u00f3 relativa als productes i serveis, novetats i promocions de Moventis, podent ser tals comunicacions adaptades al \u00a0seu perfil concret i poguent ser enviades tamb\u00e9 per mitjans electr\u00f2nics.<\/p>\n<p style=\"padding-left: 40px;\">f) Gestionar la seva candidatura laboral.<\/p>\n<p>&nbsp;<\/p>\n<p><strong>3. Quina \u00e9s la legitimaci\u00f3 per el tractament de les seves dades?<\/strong><\/p>\n<p>La base legal per al tractament de les seves dades \u00e9s, per a les finalitats a) i b), l&#8217;execuci\u00f3 d&#8217;un contracte o l&#8217;aplicaci\u00f3 a petici\u00f3 seva de mesures precontractuals, per a la finalitat c), el compliment d&#8217;obligacions legals aplicables, aix\u00ed com per a la finalitat d), e) i f), el consentiment prestat per vost\u00e8. No obstant aix\u00f2, vost\u00e8 pot retirar el seu consentiment en qualsevol moment, sense que en cap cas la retirada d&#8217;aquests consentiments condicioni la gesti\u00f3 i administraci\u00f3 del seu contracte, ni afecti la licitud del tractament basat en el consentiment previ a la seva retirada.<\/p>\n<p>&nbsp;<\/p>\n<p><strong>4. Durant quan temps conservarem les seves dades?<\/strong><\/p>\n<p>Conservaremos sus datos personales mientras sean necesarios para la finalidad identificada y mientras usted no retire los consentimientos otorgados, y en cualquier caso mientras usted no solicite su supresi\u00f3n, as\u00ed como el tiempo necesario para dar cumplimiento a las obligaciones legales que en cada caso correspondan acorde con cada tipolog\u00eda de datos.<\/p>\n<p>&nbsp;<\/p>\n<p><strong>5. A quins destinataris es comunicaran les dades?<\/strong><\/p>\n<p>Les seves dades no seran comunicats a tercers excepte per al compliment d&#8217;obligacions legals aplicables en cada cas.<\/p>\n<p>&nbsp;<\/p>\n<p><strong>6. Quins s\u00f3n els seus drets com a titular de les dades? <\/strong><\/p>\n<table border=\"0\" cellspacing=\"0\" cellpadding=\"10px\">\n<tbody>\n<tr>\n<td style=\"border-style: solid; border-color: #333333; background-color: #f7cdcd;\" width=\"102\">Dret<\/td>\n<td style=\"border-style: solid; border-color: #333333; background-color: #f7cdcd;\" width=\"302\">Contingut<\/td>\n<td style=\"border-style: solid; border-color: #333333; background-color: #f7cdcd;\" width=\"177\">Canals d&#8217;atenci\u00f3<\/td>\n<\/tr>\n<tr>\n<td style=\"border-style: solid; border-color: #333333;\" width=\"102\">Acc\u00e9s<\/td>\n<td style=\"border-style: solid; border-color: #333333; text-align: left;\" width=\"302\">Podr\u00e0 obtenir confirmaci\u00f3 de si estem tractant les seves dades personals, aix\u00ed com consultar les seves dades personals incloses en els nostres fitxers.<\/td>\n<td style=\"border-style: solid; border-color: #333333;\" rowspan=\"6\" width=\"177\">\n<p><span style=\"color: #000000;\">Podr\u00e0 exercir els seus drets enviant un correu electr\u00f2nic a <a href=\"mailto:protecciondedatos@moventis.es\">protecciondedatos@moventis.es<\/a><\/span><\/p>\n<p>&nbsp;<\/p>\n<p>Per a l&#8217;exercici dels seus drets haur\u00e0 d&#8217;adjuntar una c\u00f2pia del seu DNI o un altre document que acrediti la seva identitat, i indicar el dret que desitja exercir.<\/td>\n<\/tr>\n<tr>\n<td style=\"border-style: solid; border-color: #333333;\" width=\"102\">Rectificaci\u00f3<\/td>\n<td style=\"border-style: solid; border-color: #333333; text-align: left;\" width=\"302\">Podr\u00e1 modificar les seves dades personals quan siguin inexactes, aix\u00ed com completar aquells que siguin incomplets.<\/td>\n<\/tr>\n<tr>\n<td style=\"border-style: solid; border-color: #333333;\" width=\"102\">Supressi\u00f3<\/td>\n<td style=\"border-style: solid; border-color: #333333; text-align: left;\" width=\"302\">Podr\u00e0 sol\u00b7licitar l&#8217;eliminaci\u00f3 de les seves dades personals quan, entre altres motius, les dades ja no siguin necess\u00e0ries per als fins que van ser recollides.<\/td>\n<\/tr>\n<tr>\n<td style=\"border-style: solid; border-color: #333333;\" width=\"102\">Oposici\u00f3<\/td>\n<td style=\"border-style: solid; border-color: #333333; text-align: left;\" width=\"302\">Podr\u00e0 sol\u00b7licitar a no es tractin les seves dades personals. Deixarem de tractar les dades, excepte per motius leg\u00edtims imperiosos, o l&#8217;exercici o la defensa de possibles reclamacions.<\/td>\n<\/tr>\n<tr>\n<td style=\"border-style: solid; border-color: #333333;\" width=\"102\">Limitaci\u00f3 del tractament<\/td>\n<td style=\"border-style: solid; border-color: #333333;\" width=\"302\">\n<p style=\"text-align: left;\">Podr\u00e0 sol\u00b7licitar la limitaci\u00f3 al tractament de les seves dades en els seg\u00fcents suposats:<\/p>\n<ul style=\"text-align: left;\">\n<li>Mentre es comprovi la impugnaci\u00f3 de l&#8217;exactitud de les seves dades.<\/li>\n<li>Quan el tractament sigui il\u00b7l\u00edcit, vost\u00e8 s&#8217;oposi a la supressi\u00f3 de les seves dades, i sol\u00b7liciti la limitaci\u00f3 del seu \u00fas.<\/li>\n<li>Quan no necessitem tractar les seves dades per\u00f2 vost\u00e8 els necessiti per a l&#8217;exercici o la defensa de reclamacions.<\/li>\n<li>Quan s&#8217;hagi oposat al tractament de les seves dades per al compliment d&#8217;una missi\u00f3 d&#8217;inter\u00e8s p\u00fablic o per a la satisfacci\u00f3 d&#8217;un inter\u00e8s leg\u00edtim, mentre es verifica si els motius leg\u00edtims per al tractament prevalen sobre els seus.<\/li>\n<\/ul>\n<\/td>\n<\/tr>\n<tr>\n<td style=\"border-style: solid; border-color: #333333;\" width=\"102\">Portabilitat<\/td>\n<td style=\"border-style: solid; border-color: #333333; text-align: left;\" width=\"302\">Podr\u00e0 rebre, en format electr\u00f2nic, les dades personals que ens hagi facilitat i aquells que s&#8217;han obtingut de la seva relaci\u00f3 contractual amb nosaltres, aix\u00ed com a transmetre&#8217;ls a una altra entitat.<\/td>\n<\/tr>\n<tr>\n<td style=\"border-style: solid; border-color: #333333;\" colspan=\"3\" width=\"581\">Si considera que no hem tractat les teves dades personals de conformitat amb la normativa aplicable, podr\u00e0 presentar una reclamaci\u00f3 enfront de l&#8217;autoritat de control competent, a trav\u00e9s de la p\u00e0gina web www.aepd.es.<\/td>\n<\/tr>\n<\/tbody>\n<\/table>\n<p>[\/et_pb_text][\/et_pb_column][\/et_pb_row][\/et_pb_section]<\/p>\n","protected":false},"excerpt":{"rendered":"<p>Mitjan\u00e7ant la present Pol\u00edtica de Privacitat, l&#8217;informem sobre la recopilaci\u00f3, tractament i \u00fas de les seves dades personals. 1. Qui \u00e9s el responsable del tractament de les seves dades? Identitat del responsable MARFINA, S.L.(en endavat, Moventis) amb CIF: B-59372755 Direcci\u00f3 Sabadell \u2013 Barcelona, Passeig del Comer\u00e7, 100 Correu protecciondedatos@moventis.es &nbsp; 2. Amb quina finalitat tractem [&hellip;]<\/p>\n","protected":false},"author":3,"featured_media":0,"parent":0,"menu_order":0,"comment_status":"closed","ping_status":"closed","template":"","meta":{"_et_pb_use_builder":"on","_et_pb_old_content":"","_et_gb_content_width":"","_joinchat":[],"footnotes":""},"class_list":["post-2293","page","type-page","status-publish","hentry"],"_links":{"self":[{"href":"https:\/\/cruisebus.barcelona\/ru\/wp-json\/wp\/v2\/pages\/2293","targetHints":{"allow":["GET"]}}],"collection":[{"href":"https:\/\/cruisebus.barcelona\/ru\/wp-json\/wp\/v2\/pages"}],"about":[{"href":"https:\/\/cruisebus.barcelona\/ru\/wp-json\/wp\/v2\/types\/page"}],"author":[{"embeddable":true,"href":"https:\/\/cruisebus.barcelona\/ru\/wp-json\/wp\/v2\/users\/3"}],"replies":[{"embeddable":true,"href":"https:\/\/cruisebus.barcelona\/ru\/wp-json\/wp\/v2\/comments?post=2293"}],"version-history":[{"count":0,"href":"https:\/\/cruisebus.barcelona\/ru\/wp-json\/wp\/v2\/pages\/2293\/revisions"}],"wp:attachment":[{"href":"https:\/\/cruisebus.barcelona\/ru\/wp-json\/wp\/v2\/media?parent=2293"}],"curies":[{"name":"wp","href":"https:\/\/api.w.org\/{rel}","templated":true}]}}