{"id":2286,"date":"2023-04-26T12:17:00","date_gmt":"2023-04-26T12:17:00","guid":{"rendered":"https:\/\/cruisebus.barcelona\/legal\/"},"modified":"2024-03-20T12:52:17","modified_gmt":"2024-03-20T12:52:17","slug":"legal","status":"publish","type":"page","link":"https:\/\/cruisebus.barcelona\/ru\/legal\/","title":{"rendered":"Av\u00eds Legal"},"content":{"rendered":"<p>[et_pb_section fb_built=&#187;1&#8243; fullwidth=&#187;on&#187; _builder_version=&#187;4.20.4&#8243; _module_preset=&#187;default&#187; global_colors_info=&#187;{}&#187; collapsed=&#187;off&#187;][et_pb_fullwidth_header title=&#187;Av\u00eds Legal&#187; _builder_version=&#187;4.20.4&#8243; _module_preset=&#187;default&#187; global_colors_info=&#187;{}&#187;][\/et_pb_fullwidth_header][\/et_pb_section][et_pb_section fb_built=&#187;1&#8243; _builder_version=&#187;4.20.4&#8243; _module_preset=&#187;default&#187; global_colors_info=&#187;{}&#187;][et_pb_row _builder_version=&#187;4.20.4&#8243; _module_preset=&#187;default&#187; global_colors_info=&#187;{}&#187;][et_pb_column type=&#187;4_4&#8243; _builder_version=&#187;4.20.4&#8243; _module_preset=&#187;default&#187; global_colors_info=&#187;{}&#187;][et_pb_text _builder_version=&#187;4.20.4&#8243; _module_preset=&#187;default&#187; global_colors_info=&#187;{}&#187;]En compliment de la Llei 34\/2002, d&#8217;11 de juliol, de Serveis de la Societat de la Informaci\u00f3 i de Comer\u00e7 electr\u00f2nic, s&#8217;informa l&#8217;Usuari que el titular de la present p\u00e0gina web (d&#8217;ara endavant, \u201cP\u00e0gina Web\u201d) <a href=\"https:\/\/beta.cruisebus.barcelona\/\">https:\/\/beta.cruisebus.barcelona\/<\/a> \u00e9s Marfina, S.L. (d&#8217;ara endavant, &#171;Moventis\u201d) les dades d&#8217;identificaci\u00f3 de la qual s\u00f3n els seg\u00fcents:<\/p>\n<p>Domicili social: Sabadell \u2013 Barcelona, Passeig del Comer\u00e7, 100<\/p>\n<p>CIF: B-59372755<\/p>\n<p>L&#8217;Usuari pot efectuar les seves consultes a trav\u00e9s de la nostra secci\u00f3 de Contacte o b\u00e9 remetent un correu electr\u00f2nic a <span style=\"color: #ff0000;\"><a href=\"mailto:protecciondedatos@moventis.es\">protecciondedatos@moventis.es<\/a>.<\/span><\/p>\n<p>Dades del registre: Inscripci\u00f3n en el Registro Mercantil de Barcelona: asiento n\u00fam. 3.689, folio 103, volumen 20.407, full B-6285, inscripci\u00f3n 1\u00aa<\/p>\n<p><strong>1. Acc\u00e9s i funcionament de la P\u00e0gina Web<\/strong><\/p>\n<p>L&#8217;Av\u00eds Legal regula l&#8217;acc\u00e9s i \u00fas dels Usuaris a la P\u00e0gina Web i t\u00e9 per objecte permetre la participaci\u00f3 dels Usuaris amb la finalitat de consultar els productes i serveis oferts per Moventis i, en el seu cas, sol\u00b7licitar un pressupost per a qualsevol d&#8217;aquests, aix\u00ed com presentar la seva candidatura laboral per a incorporar-se a Moventis. L&#8217;acc\u00e9s est\u00e0 obert al p\u00fablic en general, sense cap mena de restricci\u00f3.<\/p>\n<p><strong>2.Utilitzaci\u00f3 de la P\u00e0gina Web<\/strong><\/p>\n<p>L&#8217;Usuari es compromet a fer un \u00fas adequat dels continguts de la P\u00e0gina Web estant obligat a:<\/p>\n<p style=\"padding-left: 40px;\">i. Facilitar informaci\u00f3 vera\u00e7 i exacta sobre les dades sol\u00b7licitades en els diferents formularis, i mantenir-les actualitzades, mentre que es faci \u00fas de la P\u00e0gina Web;<\/p>\n<p style=\"padding-left: 40px;\">ii. No inc\u00f3rrer en activitats il\u00b7l\u00edcites, il\u00b7legals o contr\u00e0ries a la bona fe i a l\u2019ordre p\u00fablic;<\/p>\n<p style=\"padding-left: 40px;\">iii. No difondre continguts o propaganda de car\u00e0cter racista, xen\u00f2fob, discriminatori per motiu de ra\u00e7a, sexe, ideologia, religi\u00f3 o que de qualsevol forma atempti contra la moral, l&#8217;ordre p\u00fablic, els drets fonamentals, les llibertats p\u00fabliques, l\u2019honor, la intimitat o la imatge de tercers i en general, de la normativa vigent;<\/p>\n<p style=\"padding-left: 40px;\">iv. No provocar danys en els sistemes f\u00edsics i l\u00f2gics de la P\u00e0gina Web, dels prove\u00efdors de Moventis o de terceres persones, ni introduir ni difondre en la xarxa, virus inform\u00e0tics o qualsevol altres sistemes f\u00edsics o l\u00f2gics que siguin susceptibles de provocar els danys anteriorment mencionats;<\/p>\n<p style=\"padding-left: 40px;\">v. No utilitzar els continguts de la P\u00e0gina Web i la informaci\u00f3 de la mateixa per remetre publicitat, o enviar missatges amb qualsevol altre fi comercial, ni per recollir o emmagatzemar dades de tercers;<\/p>\n<p style=\"padding-left: 40px;\">vi. No intentar accedir i, en el seu cas, utilitzar els comptes de correu electr\u00f2nic d\u2019altres usuaris i modificar o manipular els seus missatges.<\/p>\n<p>Moventis es reserva el dret d&#8217;efectuar sense previ av\u00eds les modificacions que consideri oportunes en la seva P\u00e0gina Web, podent canviar, suprimir o afegir tant els continguts i serveis que es prestin a trav\u00e9s de la mateixa com la forma en la qual aquests apareguin presentats o localitzats en el seu portal. Per aix\u00f2, recomanem que l&#8217;Usuari llegeixi peri\u00f2dicament el present Av\u00eds Legal i la resta d&#8217;informaci\u00f3 de la P\u00e0gina Web.<\/p>\n<p><strong>3. Responsabilitats<\/strong><\/p>\n<p style=\"padding-left: 40px;\"><strong>a) Responsabilitat per l\u2019\u00fas de la P\u00e0gina Web:<\/strong> L&#8217;Usuari \u00e9s l&#8217;\u00fanic responsable de les infraccions en les quals pugui inc\u00f3rrer o dels perjudicis que pugui causar per la utilitzaci\u00f3 de la P\u00e0gina Web, quedant Moventis exonerat de qualsevol classe de responsabilitat que pogu\u00e9s derivar-se de les accions de l&#8217;usuari.<\/p>\n<p style=\"padding-left: 40px;\">Moventis emprar\u00e0 tots els esfor\u00e7os i mitjans raonables per a facilitar informaci\u00f3 actualitzada i fefaent en la P\u00e0gina Web. No obstant aix\u00f2, Moventis no assumeix cap garantia en relaci\u00f3 amb la pres\u00e8ncia d&#8217;errors o possibles inexactituds i\/o omissions en cap dels continguts accessibles a trav\u00e9s d&#8217;aquesta P\u00e0gina Web.<\/p>\n<p style=\"padding-left: 40px;\">L&#8217;usuari \u00e9s l&#8217;\u00fanic responsable enfront de qualsevol reclamaci\u00f3 o acci\u00f3 legal, judicial o extrajudicial, iniciada per terceres persones contra Moventis basada en la utilitzaci\u00f3 del Web per l&#8217;usuari. En el seu cas, l&#8217;usuari assumir\u00e0 quantes despeses, costos i indemnitzacions siguin irrogats a Moventis amb motiu de tals reclamacions o accions legals.<\/p>\n<p style=\"padding-left: 40px;\"><strong>b) Responsabilitat pel funcionament de la P\u00e0gina Web:<\/strong> Moventis exclou tota responsabilitat que es pogu\u00e9s derivar d&#8217;interfer\u00e8ncies, omissions, interrupcions, virus inform\u00e0tics, avaries telef\u00f2niques o desconnexions en el funcionament operatiu del sistema electr\u00f2nic.<\/p>\n<p style=\"padding-left: 40px;\">Aix\u00ed mateix, tamb\u00e9 s&#8217;exclou qualsevol responsabilitat que pogu\u00e9s derivar-se per retards o bloquejos en el funcionament operatiu d&#8217;aquest sistema electr\u00f2nic causat per defici\u00e8ncies o sobre c\u00e0rrega en les l\u00ednies telef\u00f2niques o en Internet, aix\u00ed com de danys causats per terceres persones mitjan\u00e7ant intromissions il\u00b7leg\u00edtimes fora del control de Moventis. Aquesta est\u00e0 facultada per a suspendre temporalment, i sense previ av\u00eds, l&#8217;accessibilitat a la P\u00e0gina Web amb motiu d&#8217;operacions de manteniment, reparaci\u00f3, actualitzaci\u00f3 o millora.<\/p>\n<p style=\"padding-left: 40px;\"><strong>c) Responsabilitat per contingut:<\/strong> Moventis no es far\u00e0 responsable, a no ser en aquells extrems als quals obligui la Llei, dels danys o perjudicis que es poguessin ocasionar per l&#8217;\u00fas, reproducci\u00f3, distribuci\u00f3 o comunicaci\u00f3 p\u00fablica o qualsevol tipus d&#8217;activitat que realitzi sobre els textos i\/o fotografies que es trobin protegits per drets de propietat intel\u00b7lectual pertanyents a tercers, sense que l&#8217;usuari hagi obtingut pr\u00e8viament dels seus titulars l&#8217;autoritzaci\u00f3 necess\u00e0ria per a dur a terme l&#8217;\u00fas que efectua o pret\u00e9n efectuar.<\/p>\n<p style=\"padding-left: 40px;\">D&#8217;altra banda, Moventis no ser\u00e0 responsable per la informaci\u00f3 enviada per l&#8217;usuari quan no tingui coneixement efectiu que la informaci\u00f3 emmagatzemada \u00e9s il\u00b7l\u00edcita o que lesiona b\u00e9ns o drets d&#8217;un tercer susceptibles d&#8217;indemnitzaci\u00f3. En el moment que Moventis tingui coneixement efectiu que allotja dades com els anteriorment referits, es compromet a actuar amb dilig\u00e8ncia per a retirar-los o fer impossible l&#8217;acc\u00e9s a ells.<\/p>\n<p style=\"padding-left: 40px;\">En tot cas, per a interposar qualsevol reclamaci\u00f3 relacionada amb els continguts inserits en qualsevol de les seccions de la present P\u00e0gina Web, pot fer-ho dirigint-se per Moventis a trav\u00e9s de les adreces de contacte indicades en la present P\u00e0gina Web.<\/p>\n<p><strong>4. Enlla\u00e7os de tercers <\/strong><\/p>\n<p style=\"padding-left: 40px;\"><strong>a<\/strong><strong>) Web enlla\u00e7ant:<\/strong> Els tercers que tinguin la intenci\u00f3 d&#8217;incloure en la seva p\u00e0gina web un enlla\u00e7 de la present P\u00e0gina Web hauran de complir amb la legislaci\u00f3 vigent i no podran allotjar continguts que siguin inapropiats i\/o il\u00b7l\u00edcits. En cap cas, Moventis es fa responsable del contingut de la p\u00e0gina web del tercer, ni promou, garanteix, supervisa ni recomana els continguts d&#8217;aquesta. En el cas que, la Web enlla\u00e7ant incompleixi algun dels aspectes anteriors estar\u00e0 obligat a suprimir l&#8217;enlla\u00e7 de manera immediata.<\/p>\n<p style=\"padding-left: 40px;\"><strong>b) Web enlla\u00e7ada:<\/strong> En aquesta P\u00e0gina Web es poden incloure enlla\u00e7os de p\u00e0gines web de tercers que permetin a l&#8217;Usuari accedir. No obstant l&#8217;anterior, [Denominaci\u00f3 comercial de l&#8217;empresa] no es fa responsable del contingut d&#8217;aquestes p\u00e0gines web enlla\u00e7ades, sin\u00f3 que ser\u00e0 l&#8217;Usuari l&#8217;encarregat d&#8217;acceptar i comprovar els accessos cada vegada que accedeixi. El present Av\u00eds Legal es refereix \u00fanicament a aquesta P\u00e0gina Web i continguts de Moventis, i no s&#8217;aplica als enlla\u00e7os o a les p\u00e0gines webs de tercers accessibles a trav\u00e9s de la P\u00e0gina Web.<\/p>\n<p style=\"padding-left: 40px;\">Tals enlla\u00e7os o esments tenen una finalitat que no implica el suport, l&#8217;aprovaci\u00f3, comercialitzaci\u00f3 o cap relaci\u00f3 entre Moventis i les persones o entitats titulars dels llocs on es trobin.<\/p>\n<p><strong>5. Propietat intel\u00b7lectual i industrial sobre els continguts <\/strong><\/p>\n<p>Tots els continguts de la P\u00e0gina Web, tret que s&#8217;indiqui el contrari, s\u00f3n titularitat exclusiva de Moventis i, amb car\u00e0cter enunciatiu, que no limitatiu, el disseny gr\u00e0fic, codi font, logos, textos, gr\u00e0fics, il\u00b7lustracions, fotografies, i altres elements que apareixen en la P\u00e0gina Web. Igualment, tots els noms comercials, marques o signes distintius de qualsevol classe continguts en la P\u00e0gina Web estan protegits per la Llei.<\/p>\n<p>Moventis no concedeix cap mena de llic\u00e8ncia o autoritzaci\u00f3 d&#8217;\u00fas personal a l&#8217;usuari sobre els seus drets de propietat intel\u00b7lectual i industrial o sobre qualsevol altre dret relacionat amb el seu Web i els serveis oferts en aquesta.<\/p>\n<p>Per aix\u00f2, l&#8217;Usuari reconeix que la reproducci\u00f3, distribuci\u00f3, comercialitzaci\u00f3, transformaci\u00f3, i en general, qualsevol altra forma d&#8217;explotaci\u00f3, per qualsevol procediment, de tot o part dels continguts d&#8217;aquesta P\u00e0gina Web constitueix una infracci\u00f3 dels drets de propietat intel\u00b7lectual i\/o industrial de Moventis o del titular d&#8217;aquests.<\/p>\n<p><strong>6. Publicitat<\/strong><\/p>\n<p>En la P\u00e0gina Web podran allotjar-se continguts publicitaris o patrocinats. Els anunciants o patrocinadors s\u00f3n els \u00fanics responsables d&#8217;assegurar-se que el material rem\u00e8s per a la seva inclusi\u00f3 en la P\u00e0gina Web compleix amb les lleis que en cada cas puguin ser aplicables.\u00a0Moventis no ser\u00e0 responsable de cap error, inexactitud o irregularitat que puguin contenir els continguts publicitaris dels patrocinadors. En tot cas, per a interposar qualsevol reclamaci\u00f3 relacionada amb els continguts publicitaris inserits en aquesta P\u00e0gina Web poden posar-se en contacte amb Moventis a trav\u00e9s dels mitjans indicats a l&#8217;inici.<\/p>\n<p><strong>7. Tractament de Dades Personals<\/strong><\/p>\n<p>Per a con\u00e8ixer el tractament que Moventis<\/p>\n<p>dur\u00e0 a terme de les dades personals que tracti a trav\u00e9s de la present P\u00e0gina Web, pot dirigir a la Pol\u00edtica de Privacitat. Preguem que llegeixi atentament aquest text legal abans de facilitar-nos les seves dades personals<\/p>\n<p><strong>8. Legislaci\u00f3 aplicable<\/strong><\/p>\n<p>L\u2019Av\u00eds Legal es regir\u00e0 i interpretar\u00e0 de conformitat amb la legislaci\u00f3 espanyola.<\/p>\n<p>Per a la resoluci\u00f3 de qualsevol conflicte que pogu\u00e9s derivar-se de l&#8217;acc\u00e9s a la P\u00e0gina Web, se sotmetran als jutjats o tribunals pertinents del domicili de l&#8217;Usuari.<\/p>\n<p>Moventis perseguir\u00e0 l&#8217;incompliment del present Av\u00eds Legal, aix\u00ed com qualsevol utilitzaci\u00f3 indeguda de la P\u00e0gina Web exercint totes les accions civils i penals que li puguin correspondre i assisteixin en dret.<\/p>\n<p><strong>9. Contacte<\/strong><\/p>\n<p>Per a qualsevol consulta o comentari sobre el present Av\u00eds Legal es podr\u00e0 posar en contacte amb nosaltres a trav\u00e9s del correu electr\u00f2nic <span style=\"color: #ff0000;\"><a href=\"mailto:protecciondedatos@moventis.es\">protecciondedatos@moventis.es<\/a><\/span>[\/et_pb_text][\/et_pb_column][\/et_pb_row][\/et_pb_section]<\/p>\n","protected":false},"excerpt":{"rendered":"<p>En compliment de la Llei 34\/2002, d&#8217;11 de juliol, de Serveis de la Societat de la Informaci\u00f3 i de Comer\u00e7 electr\u00f2nic, s&#8217;informa l&#8217;Usuari que el titular de la present p\u00e0gina web (d&#8217;ara endavant, \u201cP\u00e0gina Web\u201d) https:\/\/beta.cruisebus.barcelona\/ \u00e9s Marfina, S.L. (d&#8217;ara endavant, &#171;Moventis\u201d) les dades d&#8217;identificaci\u00f3 de la qual s\u00f3n els seg\u00fcents: Domicili social: Sabadell \u2013 [&hellip;]<\/p>\n","protected":false},"author":3,"featured_media":0,"parent":0,"menu_order":0,"comment_status":"closed","ping_status":"closed","template":"","meta":{"_et_pb_use_builder":"on","_et_pb_old_content":"","_et_gb_content_width":"","_joinchat":[],"footnotes":""},"class_list":["post-2286","page","type-page","status-publish","hentry"],"_links":{"self":[{"href":"https:\/\/cruisebus.barcelona\/ru\/wp-json\/wp\/v2\/pages\/2286","targetHints":{"allow":["GET"]}}],"collection":[{"href":"https:\/\/cruisebus.barcelona\/ru\/wp-json\/wp\/v2\/pages"}],"about":[{"href":"https:\/\/cruisebus.barcelona\/ru\/wp-json\/wp\/v2\/types\/page"}],"author":[{"embeddable":true,"href":"https:\/\/cruisebus.barcelona\/ru\/wp-json\/wp\/v2\/users\/3"}],"replies":[{"embeddable":true,"href":"https:\/\/cruisebus.barcelona\/ru\/wp-json\/wp\/v2\/comments?post=2286"}],"version-history":[{"count":3,"href":"https:\/\/cruisebus.barcelona\/ru\/wp-json\/wp\/v2\/pages\/2286\/revisions"}],"predecessor-version":[{"id":2524,"href":"https:\/\/cruisebus.barcelona\/ru\/wp-json\/wp\/v2\/pages\/2286\/revisions\/2524"}],"wp:attachment":[{"href":"https:\/\/cruisebus.barcelona\/ru\/wp-json\/wp\/v2\/media?parent=2286"}],"curies":[{"name":"wp","href":"https:\/\/api.w.org\/{rel}","templated":true}]}}