{"id":1518,"date":"2016-11-10T10:22:20","date_gmt":"2016-11-10T10:22:20","guid":{"rendered":"https:\/\/www.cruisebus.barcelona\/el-servei\/"},"modified":"2025-04-08T07:22:06","modified_gmt":"2025-04-08T07:22:06","slug":"o-servico","status":"publish","type":"page","link":"https:\/\/cruisebus.barcelona\/pt-pt\/o-servico\/","title":{"rendered":"O servi\u00e7o"},"content":{"rendered":"<p>[et_pb_section fb_built=&#8221;1&#8243; fullwidth=&#8221;on&#8221; _builder_version=&#8221;4.20.4&#8243; _module_preset=&#8221;default&#8221; global_colors_info=&#8221;{}&#8221;][et_pb_fullwidth_header title=&#8221;O servi\u00e7o&#8221; _builder_version=&#8221;4.20.4&#8243; _module_preset=&#8221;default&#8221; global_colors_info=&#8221;{}&#8221;][\/et_pb_fullwidth_header][\/et_pb_section][et_pb_section fb_built=&#8221;1&#8243; _builder_version=&#8221;4.16&#8243; global_colors_info=&#8221;{}&#8221;][et_pb_row column_structure=&#8221;1_2,1_2&#8243; _builder_version=&#8221;4.16&#8243; background_size=&#8221;initial&#8221; background_position=&#8221;top_left&#8221; background_repeat=&#8221;repeat&#8221; global_colors_info=&#8221;{}&#8221;][et_pb_column type=&#8221;1_2&#8243; _builder_version=&#8221;4.16&#8243; custom_padding=&#8221;|||&#8221; global_colors_info=&#8221;{}&#8221; custom_padding__hover=&#8221;|||&#8221;][et_pb_text admin_label=&#8221;Text&#8221; _builder_version=&#8221;4.24.0&#8243; background_size=&#8221;initial&#8221; background_position=&#8221;top_left&#8221; background_repeat=&#8221;repeat&#8221; global_colors_info=&#8221;{}&#8221;]<\/p>\n<h2>Do cruzeiro a Las Ramblas em 5 minutos<\/h2>\n<p>Cruise Bus \u00e9 o servi\u00e7o de autobus vai-vem que liga os terminais do cruzeiro do Muelle Adossat e o Muelle C, junto ao World Trade Center. A partir deste ponto, os passageiros podem deslocar-se em dire\u00e7\u00e3o ao centro de Barcelona e visitar a cidade.<\/p>\n<p>Por 4,50 \u20ac (ida e volta) \u00e9 a melhor alternativa tanto para quem chega de cruzeiro em tr\u00e2nsito e quer visitar a cidade ao seu pr\u00f3prio ritmo, como para os passageiros que come\u00e7am ou terminam o seu cruzeiro em Barcelona.<\/p>\n<p>[\/et_pb_text][\/et_pb_column][et_pb_column type=&#8221;1_2&#8243; _builder_version=&#8221;4.16&#8243; custom_padding=&#8221;|||&#8221; global_colors_info=&#8221;{}&#8221; custom_padding__hover=&#8221;|||&#8221;][et_pb_image src=&#8221;https:\/\/beta.cruisebus.barcelona\/wp-content\/uploads\/2016\/11\/CRUISE-BUS-_PORTADA_WEB-1.jpg&#8221; title_text=&#8221;cruise-bus-_portada_web&#8221; force_fullwidth=&#8221;on&#8221; _builder_version=&#8221;4.20.4&#8243; _module_preset=&#8221;default&#8221; global_colors_info=&#8221;{}&#8221;][\/et_pb_image][\/et_pb_column][\/et_pb_row][\/et_pb_section]<\/p>\n","protected":false},"excerpt":{"rendered":"<p>Do cruzeiro a Las Ramblas em 5 minutos Cruise Bus \u00e9 o servi\u00e7o de autobus vai-vem que liga os terminais do cruzeiro do Muelle Adossat e o Muelle C, junto ao World Trade Center. A partir deste ponto, os passageiros podem deslocar-se em dire\u00e7\u00e3o ao centro de Barcelona e visitar a cidade. Por 4,50 \u20ac [&hellip;]<\/p>\n","protected":false},"author":3,"featured_media":0,"parent":0,"menu_order":0,"comment_status":"closed","ping_status":"closed","template":"","meta":{"_et_pb_use_builder":"on","_et_pb_old_content":"<h2><span style=\"color: #ff6600;\">Do cruzeiro a Las Ramblas em 5 minutos<\/span><\/h2>\r\n[su_row][su_column size=\"2\/3\"]\r\n<h3><span style=\"color: #808080;\">Cruise Bus \u00e9 o servi\u00e7o de autobus vai-vem que liga os terminais do cruzeiro do Muelle Adossat e o Muelle C, junto ao World Trade Center. A partir deste ponto, os passageiros podem deslocar-se em dire\u00e7\u00e3o ao centro de Barcelona e visitar a cidade.<\/span><\/h3>\r\n<h3><span style=\"color: #808080;\">Por 4,50 \u20ac (ida e volta) \u00e9 a melhor alternativa tanto para quem chega de cruzeiro em tr\u00e2nsito e quer visitar a cidade ao seu pr\u00f3prio ritmo, como para os passageiros que come\u00e7am ou terminam o seu cruzeiro em Barcelona.<\/span><\/h3>\r\n[\/su_column]\r\n[su_column size=\"1\/3\"][\/su_column][\/su_row]<img class=\"aligncenter wp-image-1110 \" src=\"http:\/\/www.cruisebus.barcelona\/wp-content\/uploads\/2016\/11\/CRUISE-BUS-_PORTADA_WEB-300x120.jpg\" alt=\"cruise-bus-_portada_web\" width=\"721\" height=\"288\" \/>\r\n\r\n\u00a0","_et_gb_content_width":"","_joinchat":[],"footnotes":""},"class_list":["post-1518","page","type-page","status-publish","hentry"],"_links":{"self":[{"href":"https:\/\/cruisebus.barcelona\/pt-pt\/wp-json\/wp\/v2\/pages\/1518","targetHints":{"allow":["GET"]}}],"collection":[{"href":"https:\/\/cruisebus.barcelona\/pt-pt\/wp-json\/wp\/v2\/pages"}],"about":[{"href":"https:\/\/cruisebus.barcelona\/pt-pt\/wp-json\/wp\/v2\/types\/page"}],"author":[{"embeddable":true,"href":"https:\/\/cruisebus.barcelona\/pt-pt\/wp-json\/wp\/v2\/users\/3"}],"replies":[{"embeddable":true,"href":"https:\/\/cruisebus.barcelona\/pt-pt\/wp-json\/wp\/v2\/comments?post=1518"}],"version-history":[{"count":9,"href":"https:\/\/cruisebus.barcelona\/pt-pt\/wp-json\/wp\/v2\/pages\/1518\/revisions"}],"predecessor-version":[{"id":2679,"href":"https:\/\/cruisebus.barcelona\/pt-pt\/wp-json\/wp\/v2\/pages\/1518\/revisions\/2679"}],"wp:attachment":[{"href":"https:\/\/cruisebus.barcelona\/pt-pt\/wp-json\/wp\/v2\/media?parent=1518"}],"curies":[{"name":"wp","href":"https:\/\/api.w.org\/{rel}","templated":true}]}}