{"id":1540,"date":"2016-10-28T09:52:48","date_gmt":"2016-10-28T09:52:48","guid":{"rendered":"https:\/\/www.cruisebus.barcelona\/home\/"},"modified":"2025-08-01T05:31:32","modified_gmt":"2025-08-01T05:31:32","slug":"home","status":"publish","type":"page","link":"https:\/\/cruisebus.barcelona\/it\/","title":{"rendered":"Inici"},"content":{"rendered":"<p>[et_pb_section fb_built=&#8221;1&#8243; disabled_on=&#8221;on|on|on&#8221; admin_label=&#8221;AVIS&#8221; module_id=&#8221;avis&#8221; _builder_version=&#8221;4.20.4&#8243; _module_preset=&#8221;default&#8221; custom_margin=&#8221;0px||0px||false|false&#8221; custom_padding=&#8221;0px||0px||false|false&#8221; disabled=&#8221;on&#8221; global_colors_info=&#8221;{}&#8221;][et_pb_row _builder_version=&#8221;4.20.4&#8243; _module_preset=&#8221;default&#8221; custom_margin=&#8221;5px||5px||false|false&#8221; custom_padding=&#8221;5px||5px||false|false&#8221; global_colors_info=&#8221;{}&#8221;][et_pb_column type=&#8221;4_4&#8243; _builder_version=&#8221;4.20.4&#8243; _module_preset=&#8221;default&#8221; global_colors_info=&#8221;{}&#8221;][et_pb_text _builder_version=&#8221;4.20.4&#8243; _module_preset=&#8221;default&#8221; global_colors_info=&#8221;{}&#8221;]<\/p>\n<h3 style=\"text-align: center;\">Missatge d&#8217;Av\u00eds<\/h3>\n<p style=\"text-align: center;\">Lorem ipsum dolor sit amet, consectetur adipiscing elit. Suspendisse quis hendrerit ligula. In varius non diam ut tincidunt. Vivamus a eros suscipit, interdum quam nec, auctor magna. Sed in tincidunt tortor. <\/p>\n<p>[\/et_pb_text][\/et_pb_column][\/et_pb_row][\/et_pb_section][et_pb_section fb_built=&#8221;1&#8243; module_id=&#8221;row-home&#8221; _builder_version=&#8221;4.20.4&#8243; _module_preset=&#8221;default&#8221; background_color=&#8221;RGBA(255,255,255,0)&#8221; background_enable_image=&#8221;off&#8221; custom_margin=&#8221;0px||0px||false|false&#8221; custom_padding=&#8221;0px||0px||false|false&#8221; global_colors_info=&#8221;{}&#8221;][et_pb_row column_structure=&#8221;1_2,1_2&#8243; use_custom_gutter=&#8221;on&#8221; gutter_width=&#8221;1&#8243; _builder_version=&#8221;4.20.4&#8243; _module_preset=&#8221;default&#8221; background_color=&#8221;RGBA(255,255,255,0)&#8221; global_colors_info=&#8221;{}&#8221;][et_pb_column type=&#8221;1_2&#8243; _builder_version=&#8221;4.20.4&#8243; _module_preset=&#8221;default&#8221; global_colors_info=&#8221;{}&#8221;][et_pb_text module_class=&#8221;claim&#8221; _builder_version=&#8221;4.27.4&#8243; _module_preset=&#8221;default&#8221; global_colors_info=&#8221;{}&#8221;]<\/p>\n<h3 style=\"text-align: center;\">Dalla crociera alla Rambla in 5 minuti<\/h3>\n<h4 style=\"text-align: center;\">Tutta la citt\u00e0 ai tuoi piedi<\/h4>\n<p>[\/et_pb_text][\/et_pb_column][et_pb_column type=&#8221;1_2&#8243; _builder_version=&#8221;4.20.4&#8243; _module_preset=&#8221;default&#8221; global_colors_info=&#8221;{}&#8221;][et_pb_text _builder_version=&#8221;4.20.4&#8243; _module_preset=&#8221;default&#8221; global_colors_info=&#8221;{}&#8221;]<link href=\"https:\/\/fonts.googleapis.com\/css?family=Ubuntu+Condensed\" rel=\"stylesheet\">\n<form name=\"form\" id=\"form\" action=\"\/ventabilletes\/conexionTPVV.php\" method=\"post\">\n    <input type=\"hidden\" name=\"Action\" id=\"Action\" action=\"formulari.php\" value=\"SendForm\" \/><br \/>\n    <input type=\"hidden\" name=\"arrTitulos\" id=\"arrTitulos\" value='a:2:{i:0;a:12:{s:8:\"idtitulo\";s:3:\"332\";s:9:\"codtitulo\";s:6:\"PBIDAW\";s:10:\"desctitulo\";s:20:\"CRUISE BUS - IDA WEB\";s:13:\"desctitulo_es\";s:20:\"CRUISE BUS - IDA WEB\";s:13:\"desctitulo_ca\";s:22:\"CRUISE BUS - ANADA WEB\";s:13:\"desctitulo_en\";s:24:\"CRUISE BUS - ONE WAY WEB\";s:13:\"desctitulo_fr\";s:22:\"CRUISE BUS - ALLER WEB\";s:13:\"desctitulo_de\";s:25:\"CRUISE BUS - HINFAHRT WEB\";s:13:\"desctitulo_ru\";s:43:\"CRUISE BUS - \u0412 \u043e\u0434\u043d\u0443 \u0441\u0442\u043e\u0440\u043e\u043d\u0443 WEB\";s:13:\"desctitulo_pt\";s:20:\"CRUISE BUS - IDA WEB\";s:13:\"desctitulo_it\";s:20:\"CRUISE BUS - IDA WEB\";s:7:\"importe\";s:1:\"3\";}i:1;a:12:{s:8:\"idtitulo\";s:3:\"335\";s:9:\"codtitulo\";s:5:\"DTWEB\";s:10:\"desctitulo\";s:14:\"DAY TICKET WEB\";s:13:\"desctitulo_es\";s:14:\"DAY TICKET WEB\";s:13:\"desctitulo_ca\";s:14:\"DAY TICKET WEB\";s:13:\"desctitulo_en\";s:14:\"DAY TICKET WEB\";s:13:\"desctitulo_fr\";s:14:\"DAY TICKET WEB\";s:13:\"desctitulo_de\";s:14:\"DAY TICKET WEB\";s:13:\"desctitulo_ru\";s:14:\"DAY TICKET WEB\";s:13:\"desctitulo_pt\";s:14:\"DAY TICKET WEB\";s:13:\"desctitulo_it\";s:14:\"DAY TICKET WEB\";s:7:\"importe\";s:4:\"4.50\";}}' \/><\/p>\n<div class=\"callout red corner\">\n<h3>Data della prenotazione <i class=\"fa fa-ticket\" aria-hidden=\"true\"><\/i><\/h3>\n<div class=\"grid-x grid-padding-x\">\n<div class=\"large-12 cell\">\n<div class=\"input-group\">\n                        <span class=\"input-group-label\">Data<\/span><input type=\"date\" name=\"fecha_reserva\" id=\"fecha_reserva\" value=\"\"   required title=\"Devi comunicare la data in cui verr\u00e0 utilizzato il biglietto\" min=\"2026-04-11\" class=\"input-group-field\" \/>\n                    <\/div>\n<p>                    <span class=\"help\">Devi comunicare la data in cui verr\u00e0 utilizzato il biglietto<\/span>\n                <\/div>\n<\/p><\/div>\n<div id=\"input_viajeros\" class=\"grid-x grid-padding-x\">\n<div class=\"large-12 cell\">\n<div class=\"input-group\">\n                    <span class=\"input-group-label\">CRUISE BUS &#8211; IDA WEB (3&euro;)<\/span><br \/>\n                    <select name=\"viajeros[0]\" id=\"viajeros[0]\" onchange=\"change_tipo();\"><option value=\"0\">Numero di passeggeri<\/option><option value=\"1\" >1<\/option><option value=\"2\" >2<\/option><option value=\"3\" >3<\/option><option value=\"4\" >4<\/option><option value=\"5\" >5<\/option><option value=\"6\" >6<\/option><option value=\"7\" >7<\/option><option value=\"8\" >8<\/option><option value=\"9\" >9<\/option><option value=\"10\" >10<\/option><\/select><br \/>\n                    <input type=\"hidden\" name=\"tipo[0]\" id=\"tipo[0]\" value=\"332|CRUISE BUS - IDA WEB|3\" \/>\n                <\/div>\n<p>                                <span class=\"help\">I biglietti di andata sono validi solamente per la data riportata sul biglietto.<\/span><\/p><\/div>\n<div class=\"large-12 cell\">\n<div class=\"input-group\">\n                    <span class=\"input-group-label\">DAY TICKET WEB (4.50&euro;)<\/span><br \/>\n                    <select name=\"viajeros[1]\" id=\"viajeros[1]\" onchange=\"change_tipo();\"><option value=\"0\">Numero di passeggeri<\/option><option value=\"1\" >1<\/option><option value=\"2\" >2<\/option><option value=\"3\" >3<\/option><option value=\"4\" >4<\/option><option value=\"5\" >5<\/option><option value=\"6\" >6<\/option><option value=\"7\" >7<\/option><option value=\"8\" >8<\/option><option value=\"9\" >9<\/option><option value=\"10\" >10<\/option><\/select><br \/>\n                    <input type=\"hidden\" name=\"tipo[1]\" id=\"tipo[1]\" value=\"335|DAY TICKET WEB|4.50\" \/>\n                <\/div>\n<p>                <span class=\"help\">I Day Ticket consentono viaggi multipli solo per la data indicata sul biglietto.<\/span>\n            <\/div>\n<\/p><\/div>\n<div class=\"grid-x grid-padding-x\">\n<div  id=\"importe_total_ws\" class=\"large-12 cell\">            <\/div>\n<\/p><\/div>\n<div class=\"grid-x grid-padding-x\">\n<div class=\"large-8 cell\">\n<div class=\"input-group\">\n                        <span class=\"input-group-label\">Email<\/span><input type=\"email\" placeholder=\"Email\" name=\"email_reserva\" id=\"email_reserva\" value=\"\"\/>\n                    <\/div>\n<div class=\"large-12 cell\">\n                        <input name=\"acepto\" id=\"acepto\" type=\"checkbox\"  style=\"float:left; margin-top: 6px;\"><label for=\"checkbox1\" style=\"float:left;;margin-left:5px;\">Sono d&#8217;accordo con <a onclick=\"$('#privacitat').slideToggle(100)\" style=\"cursor:pointer;\">l&#8217;informativa sulla privacy<\/a><\/label>\n                    <\/div>\n<\/p><\/div>\n<div class=\"large-12 cell\">\n<div class=\"callout\">I biglietti saranno inviati per e-mail in formato PDF da stampare e presentare fisicamente.<\/div>\n<\/div>\n<div class=\"large-12 cell\">\n<div class=\"grid-x grid-padding-x\">\n                        <!-- S\u00f3lo Tarjeta  --><\/p>\n<div class=\"large-6 cell\">\n                            <label>Pagamento per <strong> Carta<\/strong> <i class=\"fa fa-credit-card\" aria-hidden=\"true\"><\/i><\/label>\n                                                    <\/div>\n<p>                        <input type=\"hidden\" id=\"payment_method_tarjeta\" name=\"payment_method\" value=\"tarjeta\"><\/p>\n<div class=\"large-6 cell\">\n                            <input type=\"submit\" class=\"button\" style=\"float:right;\" value=\"Pagare\" \/>\n                        <\/div>\n<p>                        <!-- S\u00f3lo Tarjeta  -->\n                    <\/div>\n<\/p><\/div>\n<\/p><\/div>\n<\/p><\/div>\n<p>    <input type=\"hidden\" name=\"IdEmpleado\" value=\"30000\"\/><br \/>\n<\/form>\n<div id=\"privacitat\" style=\"display:none;\">\n<p style=\"text-align:right;position:absolute; right:1.25rem; font-size: 2rem;\"><a style=\"cursor:pointer; text-decoration: none;\" onclick=\"$('#privacitat').slideToggle(100)\" title=\"CHIUDERE\">&times;<\/a><\/p>\n<h4>l&#8217;informativa sulla privacy<\/h4>\n<p style=\"text-align: justify;\">Con riferimento all&#8217;adempimento alla Legge sulla protezione dei dati si informa che i dati personali da Lei inoltrati attraverso l&#8217;invio dei moduli inclusi nel presente sito sono inclusi in archivi informatici di propriet\u00e0 e responsabilit\u00e0 di TRANSPORTS CIUTAT COMTAL S.A., societ\u00e0 di nazionalit\u00e0 spagnola con Codice Fiscale\/Partita IVA A59736686 e sede sociale a RAMBLA CATALUNYA, 123, 2\u00ba, 08008 Barcellona (Spagna) e tali dati saranno trattati con metodi automatizzati con l&#8217;unico scopo di rendere possibile la gestione amministrativa dei nostri rapporti commerciali e\/o di permettere la prestazione dei servizi esposti sul presente sito. Da parte Sua, potr\u00e0 esercitare i diritti di accesso, rettifica, cancellazione e opposizione conferiti dalla vigente Legge 15\/1999 sulla protezione dei dati, mediante semplice notifica per posta, fax o e-mail, oppure direttamente sul presente sito.<\/p>\n<p style=\"text-align: justify;\">Lo scopo fondamentale del presente sito \u00e8 permettere la realizzazione della prenotazione online di biglietti di  CRUISE BUS e pertanto conserviamo l&#8217;indirizzo di posta elettronica con l&#8217;unico scopo di permettere questo contatto, intendendosi che il presente messaggio \u00e8 stato destinato alla realizzazione di una comunicazione della contrattazione dei servizi forniti attraverso il presente sito.<\/p>\n<p style=\"text-align: justify;\">Da parte nostra ci impegniamo ad adempiere a tutte le specifiche e i requisiti della Legge Organica 15\/1999 sulla protezione dei dati di carattere personale: ovviamente, in qualsiasi momento Lei potr\u00e0 esercitare i Suoi diritti di accesso, rettifica, cancellazione e opposizione conferiti dalla vigente Legge 15\/1999 sulla protezione dei dati mediante semplice notifica per posta, fax o e-mail, oppure direttamente sul presente sito. <\/p>\n<\/p><\/div>\n<p>[\/et_pb_text][\/et_pb_column][\/et_pb_row][et_pb_row disabled_on=&#8221;on|on|on&#8221; admin_label=&#8221;ANUNCIO&#8221; module_id=&#8221;promo&#8221; _builder_version=&#8221;4.21.0&#8243; _module_preset=&#8221;default&#8221; background_color=&#8221;RGBA(255,255,255,0)&#8221; custom_margin=&#8221;0px||||false|false&#8221; custom_padding=&#8221;0px||||false|false&#8221; global_colors_info=&#8221;{}&#8221; disabled=&#8221;on&#8221;][et_pb_column type=&#8221;4_4&#8243; _builder_version=&#8221;4.20.4&#8243; _module_preset=&#8221;default&#8221; global_colors_info=&#8221;{}&#8221;][et_pb_image src=&#8221;https:\/\/cruisebus.barcelona\/wp-content\/uploads\/2025\/06\/TOMBCN-Cruise-Ad-June-Desktop.png&#8221; title_text=&#8221;TOMBCN-Cruise-Ad-June-Desktop&#8221; url=&#8221;https:\/\/www.google.com\/maps\/place\/Time+Out+Market+Barcelona\/@41.3752689,2.1830457,854m\/data=!3m2!1e3!5s0x12a4a25366a6e099:0xd9f4d09c6cd50b1c!4m6!3m5!1s0x12a4a3b8151c7619:0xe1efb1b1f6735f35!8m2!3d41.3752689!4d2.1830457!16s%2Fg%2F11y5762b6t!5m1!1e1?entry=ttu&#038;g_ep=EgoyMDI1MDYyMy4yIKXMDSoASAFQAw%3D%3D&#8221; url_new_window=&#8221;on&#8221; force_fullwidth=&#8221;on&#8221; disabled_on=&#8221;off|off|off&#8221; _builder_version=&#8221;4.27.4&#8243; _module_preset=&#8221;default&#8221; global_colors_info=&#8221;{}&#8221;][\/et_pb_image][\/et_pb_column][\/et_pb_row][et_pb_row disabled_on=&#8221;on|on|on&#8221; admin_label=&#8221;ANUNCIO&#8221; module_id=&#8221;promo&#8221; _builder_version=&#8221;4.21.0&#8243; _module_preset=&#8221;default&#8221; background_color=&#8221;RGBA(255,255,255,0)&#8221; custom_margin=&#8221;0px||||false|false&#8221; custom_padding=&#8221;0px||||false|false&#8221; global_colors_info=&#8221;{}&#8221; disabled=&#8221;on&#8221;][et_pb_column type=&#8221;4_4&#8243; _builder_version=&#8221;4.20.4&#8243; _module_preset=&#8221;default&#8221; global_colors_info=&#8221;{}&#8221;][et_pb_image src=&#8221;https:\/\/cruisebus.barcelona\/wp-content\/uploads\/2025\/06\/TOMBCN-Cruise-Ad-June-Mobile.png&#8221; title_text=&#8221;TOMBCN-Cruise-Ad-June-Mobile&#8221; url=&#8221;https:\/\/www.google.com\/maps\/place\/Time+Out+Market+Barcelona\/@41.3752689,2.1830457,854m\/data=!3m2!1e3!5s0x12a4a25366a6e099:0xd9f4d09c6cd50b1c!4m6!3m5!1s0x12a4a3b8151c7619:0xe1efb1b1f6735f35!8m2!3d41.3752689!4d2.1830457!16s%2Fg%2F11y5762b6t!5m1!1e1?entry=ttu&#038;g_ep=EgoyMDI1MDYyMy4yIKXMDSoASAFQAw%3D%3D&#8221; url_new_window=&#8221;on&#8221; force_fullwidth=&#8221;on&#8221; disabled_on=&#8221;off|off|off&#8221; _builder_version=&#8221;4.27.4&#8243; _module_preset=&#8221;default&#8221; global_colors_info=&#8221;{}&#8221;][\/et_pb_image][\/et_pb_column][\/et_pb_row][\/et_pb_section]<\/p>\n","protected":false},"excerpt":{"rendered":"<p>Missatge d&#8217;Av\u00eds Lorem ipsum dolor sit amet, consectetur adipiscing elit. Suspendisse quis hendrerit ligula. In varius non diam ut tincidunt. Vivamus a eros suscipit, interdum quam nec, auctor magna. Sed in tincidunt tortor. Dalla crociera alla Rambla in 5 minuti Tutta la citt\u00e0 ai tuoi piedi<\/p>\n","protected":false},"author":3,"featured_media":0,"parent":0,"menu_order":0,"comment_status":"closed","ping_status":"closed","template":"","meta":{"_et_pb_use_builder":"on","_et_pb_old_content":"<div class=\"row\">\r\n<div class=\"large-12 columns\">\r\n<h2 style=\"color: #000!important; margin: 0;\">Dalla nave da crociera alla Rambla in 5 minuti<\/h2>\r\n<h3 style=\"color: #000!important; font-size: 1.6375rem!important;\">Tutta la citt\u00e0 ai tuoi piedi<\/h3>\r\n<\/div>\r\n<\/div>\r\n<?php include(\"\/var\/www\/vhosts\/cruisebus.barcelona\/httpdocs\/ventabilletes\/formulari.php\"); ?>","_et_gb_content_width":"","_joinchat":[],"footnotes":""},"class_list":["post-1540","page","type-page","status-publish","hentry"],"_links":{"self":[{"href":"https:\/\/cruisebus.barcelona\/it\/wp-json\/wp\/v2\/pages\/1540","targetHints":{"allow":["GET"]}}],"collection":[{"href":"https:\/\/cruisebus.barcelona\/it\/wp-json\/wp\/v2\/pages"}],"about":[{"href":"https:\/\/cruisebus.barcelona\/it\/wp-json\/wp\/v2\/types\/page"}],"author":[{"embeddable":true,"href":"https:\/\/cruisebus.barcelona\/it\/wp-json\/wp\/v2\/users\/3"}],"replies":[{"embeddable":true,"href":"https:\/\/cruisebus.barcelona\/it\/wp-json\/wp\/v2\/comments?post=1540"}],"version-history":[{"count":20,"href":"https:\/\/cruisebus.barcelona\/it\/wp-json\/wp\/v2\/pages\/1540\/revisions"}],"predecessor-version":[{"id":2773,"href":"https:\/\/cruisebus.barcelona\/it\/wp-json\/wp\/v2\/pages\/1540\/revisions\/2773"}],"wp:attachment":[{"href":"https:\/\/cruisebus.barcelona\/it\/wp-json\/wp\/v2\/media?parent=1540"}],"curies":[{"name":"wp","href":"https:\/\/api.w.org\/{rel}","templated":true}]}}