{"id":1527,"date":"2016-11-10T10:21:44","date_gmt":"2016-11-10T10:21:44","guid":{"rendered":"https:\/\/www.cruisebus.barcelona\/quem-somos\/"},"modified":"2023-04-26T06:30:57","modified_gmt":"2023-04-26T06:30:57","slug":"chi-siamo","status":"publish","type":"page","link":"https:\/\/cruisebus.barcelona\/it\/chi-siamo\/","title":{"rendered":"Chi siamo"},"content":{"rendered":"<p>[et_pb_section fb_built=&#8221;1&#8243; fullwidth=&#8221;on&#8221; theme_builder_area=&#8221;post_content&#8221; _builder_version=&#8221;4.20.4&#8243; _module_preset=&#8221;default&#8221;][et_pb_fullwidth_header _builder_version=&#8221;4.20.4&#8243; _module_preset=&#8221;default&#8221; theme_builder_area=&#8221;post_content&#8221; title=&#8221;Chi siamo&#8221; hover_enabled=&#8221;0&#8243; sticky_enabled=&#8221;0&#8243;][\/et_pb_fullwidth_header][\/et_pb_section][et_pb_section fb_built=&#8221;1&#8243; _builder_version=&#8221;4.16&#8243; global_colors_info=&#8221;{}&#8221; theme_builder_area=&#8221;post_content&#8221;][et_pb_row column_structure=&#8221;1_2,1_2&#8243; _builder_version=&#8221;4.16&#8243; background_size=&#8221;initial&#8221; background_position=&#8221;top_left&#8221; background_repeat=&#8221;repeat&#8221; global_colors_info=&#8221;{}&#8221; theme_builder_area=&#8221;post_content&#8221;][et_pb_column type=&#8221;1_2&#8243; _builder_version=&#8221;4.16&#8243; custom_padding=&#8221;|||&#8221; global_colors_info=&#8221;{}&#8221; custom_padding__hover=&#8221;|||&#8221; theme_builder_area=&#8221;post_content&#8221;][et_pb_text admin_label=&#8221;Text&#8221; _builder_version=&#8221;4.20.4&#8243; background_size=&#8221;initial&#8221; background_position=&#8221;top_left&#8221; background_repeat=&#8221;repeat&#8221; hover_enabled=&#8221;0&#8243; global_colors_info=&#8221;{}&#8221; theme_builder_area=&#8221;post_content&#8221; sticky_enabled=&#8221;0&#8243;]<\/p>\n<h2>In movimento dal 1923<\/h2>\n<p>TCC \u2013 Transports Ciutat Comtal \u00e8 un&#8217;azienda del gruppo Moventis, fondata nel 1991. \u00c8 un operatore di trasporti che, tra i vari servizi, gestisce il servizio Cruise Bus.<\/p>\n<p>TCC gestisce altri servizi nell&#8217;area di Barcellona quali, ad esempio: il trasporto di PMR del Comune di Barcellona, il TibiBus, il Bus G\u00fcell, varie linee urbane delle citt\u00e0 di Barcellona, Vilanova i la Geltr\u00fa, Sitges e Sant Sadurn\u00ed d\u2019Anoia.<\/p>\n<p>Il gruppo a cui appartiene TCC (Gruppo Moventis) gestisce anche altri servizi come il Barcelona City Tour, Catalunya Bus Tur\u00edstic, i tram di Barcellona con le linee del Trambaix e del Trambes\u00f3s, oltre a servizi discrezionali di noleggio di pullman su misura come quelli offerti dal Gruppo Moventis per amministrazioni pubbliche, congressi, scuole, navette, aziende, operatori turistici, ecc. <\/p>\n<p>[\/et_pb_text][\/et_pb_column][et_pb_column type=&#8221;1_2&#8243; _builder_version=&#8221;4.16&#8243; custom_padding=&#8221;|||&#8221; global_colors_info=&#8221;{}&#8221; custom_padding__hover=&#8221;|||&#8221; theme_builder_area=&#8221;post_content&#8221;][et_pb_image src=&#8221;https:\/\/beta.cruisebus.barcelona\/wp-content\/uploads\/2021\/07\/quisom.jpg&#8221; title_text=&#8221;quisom&#8221; force_fullwidth=&#8221;on&#8221; _builder_version=&#8221;4.20.4&#8243; _module_preset=&#8221;default&#8221; global_colors_info=&#8221;{}&#8221; theme_builder_area=&#8221;post_content&#8221;][\/et_pb_image][\/et_pb_column][\/et_pb_row][\/et_pb_section]<\/p>\n","protected":false},"excerpt":{"rendered":"<p>In movimento dal 1923 TCC \u2013 Transports Ciutat Comtal \u00e8 un&#8217;azienda del gruppo Moventis, fondata nel 1991. \u00c8 un operatore di trasporti che, tra i vari servizi, gestisce il servizio Cruise Bus. TCC gestisce altri servizi nell&#8217;area di Barcellona quali, ad esempio: il trasporto di PMR del Comune di Barcellona, il TibiBus, il Bus G\u00fcell, [&hellip;]<\/p>\n","protected":false},"author":3,"featured_media":0,"parent":0,"menu_order":0,"comment_status":"closed","ping_status":"closed","template":"","meta":{"_et_pb_use_builder":"on","_et_pb_old_content":"<h2><span style=\"color: #ff6600;\">In movimento dal 1923<\/span><\/h2>\r\n[su_row][su_column size=\"1\/2\"]\r\n<h3><span style=\"color: #808080;\">TCC \u2013 Transports Ciutat Comtal \u00e8 un'azienda del gruppo Moventis, fondata nel 1991. \u00c8 un operatore di trasporti che, tra i vari servizi, gestisce il servizio Cruise Bus.<\/span><\/h3>\r\n<h3><span style=\"color: #808080;\">TCC gestisce altri servizi nell'area di Barcellona quali, ad esempio: il trasporto di PMR del Comune di Barcellona, il TibiBus, il Bus G\u00fcell, varie linee urbane delle citt\u00e0 di Barcellona, Vilanova i la Geltr\u00fa, Sitges e Sant Sadurn\u00ed d\u2019Anoia.<\/span><\/h3>\r\n<h3><span style=\"color: #808080;\"><\/span><\/h3>\r\n[\/su_column]\r\n[su_column size=\"1\/2\"]<img class=\"alignnone wp-image-1111 size-full\" src=\"https:\/\/beta.cruisebus.barcelona\/wp-content\/uploads\/2021\/07\/quisom.jpg\" width=\"614\" \/>[\/su_column]\r\n[\/su_row]\r\n<h3><span style=\"color: #808080;\"><strong>Il gruppo a cui appartiene TCC (Gruppo Moventis) gestisce anche altri servizi come il Barcelona City Tour, Catalunya Bus Tur\u00edstic, i tram di Barcellona con le linee del Trambaix e del Trambes\u00f3s, oltre a servizi discrezionali di noleggio di pullman su misura come quelli offerti dal Gruppo Moventis per amministrazioni pubbliche, congressi, scuole, navette, aziende, operatori turistici, ecc. <\/strong><\/span><\/h3>\r\n<h3><span style=\"color: #808080;\"><strong>\u00a0<\/strong><\/span><\/h3>","_et_gb_content_width":"","_joinchat":[],"footnotes":""},"class_list":["post-1527","page","type-page","status-publish","hentry"],"_links":{"self":[{"href":"https:\/\/cruisebus.barcelona\/it\/wp-json\/wp\/v2\/pages\/1527","targetHints":{"allow":["GET"]}}],"collection":[{"href":"https:\/\/cruisebus.barcelona\/it\/wp-json\/wp\/v2\/pages"}],"about":[{"href":"https:\/\/cruisebus.barcelona\/it\/wp-json\/wp\/v2\/types\/page"}],"author":[{"embeddable":true,"href":"https:\/\/cruisebus.barcelona\/it\/wp-json\/wp\/v2\/users\/3"}],"replies":[{"embeddable":true,"href":"https:\/\/cruisebus.barcelona\/it\/wp-json\/wp\/v2\/comments?post=1527"}],"version-history":[{"count":2,"href":"https:\/\/cruisebus.barcelona\/it\/wp-json\/wp\/v2\/pages\/1527\/revisions"}],"predecessor-version":[{"id":1840,"href":"https:\/\/cruisebus.barcelona\/it\/wp-json\/wp\/v2\/pages\/1527\/revisions\/1840"}],"wp:attachment":[{"href":"https:\/\/cruisebus.barcelona\/it\/wp-json\/wp\/v2\/media?parent=1527"}],"curies":[{"name":"wp","href":"https:\/\/api.w.org\/{rel}","templated":true}]}}