{"id":929,"date":"2016-10-28T09:52:48","date_gmt":"2016-10-28T09:52:48","guid":{"rendered":"http:\/\/www.cruisebus.barcelona\/fr\/home\/"},"modified":"2025-08-01T05:28:29","modified_gmt":"2025-08-01T05:28:29","slug":"home","status":"publish","type":"page","link":"https:\/\/cruisebus.barcelona\/fr\/","title":{"rendered":"Inici"},"content":{"rendered":"<p>[et_pb_section fb_built=\u00a0\u00bb1&Prime; disabled_on=\u00a0\u00bbon|on|on\u00a0\u00bb admin_label=\u00a0\u00bbAVIS\u00a0\u00bb module_id=\u00a0\u00bbavis\u00a0\u00bb _builder_version=\u00a0\u00bb4.20.4&Prime; _module_preset=\u00a0\u00bbdefault\u00a0\u00bb custom_margin=\u00a0\u00bb0px||0px||false|false\u00a0\u00bb custom_padding=\u00a0\u00bb0px||0px||false|false\u00a0\u00bb disabled=\u00a0\u00bbon\u00a0\u00bb global_colors_info=\u00a0\u00bb{}\u00a0\u00bb][et_pb_row _builder_version=\u00a0\u00bb4.20.4&Prime; _module_preset=\u00a0\u00bbdefault\u00a0\u00bb custom_margin=\u00a0\u00bb5px||5px||false|false\u00a0\u00bb custom_padding=\u00a0\u00bb5px||5px||false|false\u00a0\u00bb global_colors_info=\u00a0\u00bb{}\u00a0\u00bb][et_pb_column type=\u00a0\u00bb4_4&Prime; _builder_version=\u00a0\u00bb4.20.4&Prime; _module_preset=\u00a0\u00bbdefault\u00a0\u00bb global_colors_info=\u00a0\u00bb{}\u00a0\u00bb][et_pb_text _builder_version=\u00a0\u00bb4.20.4&Prime; _module_preset=\u00a0\u00bbdefault\u00a0\u00bb global_colors_info=\u00a0\u00bb{}\u00a0\u00bb]<\/p>\n<h3 style=\"text-align: center;\">Missatge d&rsquo;Av\u00eds<\/h3>\n<p style=\"text-align: center;\">Lorem ipsum dolor sit amet, consectetur adipiscing elit. Suspendisse quis hendrerit ligula. In varius non diam ut tincidunt. Vivamus a eros suscipit, interdum quam nec, auctor magna. Sed in tincidunt tortor. <\/p>\n<p>[\/et_pb_text][\/et_pb_column][\/et_pb_row][\/et_pb_section][et_pb_section fb_built=\u00a0\u00bb1&Prime; module_id=\u00a0\u00bbrow-home\u00a0\u00bb _builder_version=\u00a0\u00bb4.20.4&Prime; _module_preset=\u00a0\u00bbdefault\u00a0\u00bb background_color=\u00a0\u00bbRGBA(255,255,255,0)\u00a0\u00bb background_enable_image=\u00a0\u00bboff\u00a0\u00bb custom_margin=\u00a0\u00bb0px||0px||false|false\u00a0\u00bb custom_padding=\u00a0\u00bb0px||0px||false|false\u00a0\u00bb global_colors_info=\u00a0\u00bb{}\u00a0\u00bb][et_pb_row column_structure=\u00a0\u00bb1_2,1_2&Prime; use_custom_gutter=\u00a0\u00bbon\u00a0\u00bb gutter_width=\u00a0\u00bb1&Prime; _builder_version=\u00a0\u00bb4.20.4&Prime; _module_preset=\u00a0\u00bbdefault\u00a0\u00bb background_color=\u00a0\u00bbRGBA(255,255,255,0)\u00a0\u00bb global_colors_info=\u00a0\u00bb{}\u00a0\u00bb][et_pb_column type=\u00a0\u00bb1_2&Prime; _builder_version=\u00a0\u00bb4.20.4&Prime; _module_preset=\u00a0\u00bbdefault\u00a0\u00bb global_colors_info=\u00a0\u00bb{}\u00a0\u00bb][et_pb_text module_class=\u00a0\u00bbclaim\u00a0\u00bb _builder_version=\u00a0\u00bb4.27.4&Prime; _module_preset=\u00a0\u00bbdefault\u00a0\u00bb global_colors_info=\u00a0\u00bb{}\u00a0\u00bb]<\/p>\n<h3 style=\"text-align: center;\">De la croisi\u00e8re \u00e0 La Rambla en 5 minutes<\/h3>\n<h4 style=\"text-align: center;\">Le centre de Barcelone \u00e0 votre guise<\/h4>\n<p>[\/et_pb_text][\/et_pb_column][et_pb_column type=\u00a0\u00bb1_2&Prime; _builder_version=\u00a0\u00bb4.20.4&Prime; _module_preset=\u00a0\u00bbdefault\u00a0\u00bb global_colors_info=\u00a0\u00bb{}\u00a0\u00bb][et_pb_text _builder_version=\u00a0\u00bb4.20.4&Prime; _module_preset=\u00a0\u00bbdefault\u00a0\u00bb global_colors_info=\u00a0\u00bb{}\u00a0\u00bb]<link href=\"https:\/\/fonts.googleapis.com\/css?family=Ubuntu+Condensed\" rel=\"stylesheet\">\n<form name=\"form\" id=\"form\" action=\"\/ventabilletes\/conexionTPVV.php\" method=\"post\">\n    <input type=\"hidden\" name=\"Action\" id=\"Action\" action=\"formulari.php\" value=\"SendForm\" \/><br \/>\n    <input type=\"hidden\" name=\"arrTitulos\" id=\"arrTitulos\" value='a:2:{i:0;a:12:{s:8:\"idtitulo\";s:3:\"332\";s:9:\"codtitulo\";s:6:\"PBIDAW\";s:10:\"desctitulo\";s:20:\"CRUISE BUS - IDA WEB\";s:13:\"desctitulo_es\";s:20:\"CRUISE BUS - IDA WEB\";s:13:\"desctitulo_ca\";s:22:\"CRUISE BUS - ANADA WEB\";s:13:\"desctitulo_en\";s:24:\"CRUISE BUS - ONE WAY WEB\";s:13:\"desctitulo_fr\";s:22:\"CRUISE BUS - ALLER WEB\";s:13:\"desctitulo_de\";s:25:\"CRUISE BUS - HINFAHRT WEB\";s:13:\"desctitulo_ru\";s:43:\"CRUISE BUS - \u0412 \u043e\u0434\u043d\u0443 \u0441\u0442\u043e\u0440\u043e\u043d\u0443 WEB\";s:13:\"desctitulo_pt\";s:20:\"CRUISE BUS - IDA WEB\";s:13:\"desctitulo_it\";s:20:\"CRUISE BUS - IDA WEB\";s:7:\"importe\";s:1:\"3\";}i:1;a:12:{s:8:\"idtitulo\";s:3:\"335\";s:9:\"codtitulo\";s:5:\"DTWEB\";s:10:\"desctitulo\";s:14:\"DAY TICKET WEB\";s:13:\"desctitulo_es\";s:14:\"DAY TICKET WEB\";s:13:\"desctitulo_ca\";s:14:\"DAY TICKET WEB\";s:13:\"desctitulo_en\";s:14:\"DAY TICKET WEB\";s:13:\"desctitulo_fr\";s:14:\"DAY TICKET WEB\";s:13:\"desctitulo_de\";s:14:\"DAY TICKET WEB\";s:13:\"desctitulo_ru\";s:14:\"DAY TICKET WEB\";s:13:\"desctitulo_pt\";s:14:\"DAY TICKET WEB\";s:13:\"desctitulo_it\";s:14:\"DAY TICKET WEB\";s:7:\"importe\";s:4:\"4.50\";}}' \/><\/p>\n<div class=\"callout red corner\">\n<h3>D\u00e9tails de la r\u00e9servation <i class=\"fa fa-ticket\" aria-hidden=\"true\"><\/i><\/h3>\n<div class=\"grid-x grid-padding-x\">\n<div class=\"large-12 cell\">\n<div class=\"input-group\">\n                        <span class=\"input-group-label\">Date<\/span><input type=\"date\" name=\"fecha_reserva\" id=\"fecha_reserva\" value=\"\"   required title=\"Vous devez informer la date \u00e0 laquelle le billet sera utilis\u00e9\" min=\"2026-04-03\" class=\"input-group-field\" \/>\n                    <\/div>\n<p>                    <span class=\"help\">Vous devez informer la date \u00e0 laquelle le billet sera utilis\u00e9<\/span>\n                <\/div>\n<\/p><\/div>\n<div id=\"input_viajeros\" class=\"grid-x grid-padding-x\">\n<div class=\"large-12 cell\">\n<div class=\"input-group\">\n                    <span class=\"input-group-label\">CRUISE BUS &#8211; ALLER WEB (3&euro;)<\/span><br \/>\n                    <select name=\"viajeros[0]\" id=\"viajeros[0]\" onchange=\"change_tipo();\"><option value=\"0\">Nombre de voyageurs<\/option><option value=\"1\" >1<\/option><option value=\"2\" >2<\/option><option value=\"3\" >3<\/option><option value=\"4\" >4<\/option><option value=\"5\" >5<\/option><option value=\"6\" >6<\/option><option value=\"7\" >7<\/option><option value=\"8\" >8<\/option><option value=\"9\" >9<\/option><option value=\"10\" >10<\/option><\/select><br \/>\n                    <input type=\"hidden\" name=\"tipo[0]\" id=\"tipo[0]\" value=\"332|CRUISE BUS - ALLER WEB|3\" \/>\n                <\/div>\n<p>                                <span class=\"help\">Les billets d&rsquo;aller ne sont valables que pour la date indiqu\u00e9e sur le billet.<\/span><\/p><\/div>\n<div class=\"large-12 cell\">\n<div class=\"input-group\">\n                    <span class=\"input-group-label\">DAY TICKET WEB (4.50&euro;)<\/span><br \/>\n                    <select name=\"viajeros[1]\" id=\"viajeros[1]\" onchange=\"change_tipo();\"><option value=\"0\">Nombre de voyageurs<\/option><option value=\"1\" >1<\/option><option value=\"2\" >2<\/option><option value=\"3\" >3<\/option><option value=\"4\" >4<\/option><option value=\"5\" >5<\/option><option value=\"6\" >6<\/option><option value=\"7\" >7<\/option><option value=\"8\" >8<\/option><option value=\"9\" >9<\/option><option value=\"10\" >10<\/option><\/select><br \/>\n                    <input type=\"hidden\" name=\"tipo[1]\" id=\"tipo[1]\" value=\"335|DAY TICKET WEB|4.50\" \/>\n                <\/div>\n<p>                <span class=\"help\">Les Day Ticket autorisent plusieurs trajets uniquement pour la date indiqu\u00e9e sur le billet.<\/span>\n            <\/div>\n<\/p><\/div>\n<div class=\"grid-x grid-padding-x\">\n<div  id=\"importe_total_ws\" class=\"large-12 cell\">            <\/div>\n<\/p><\/div>\n<div class=\"grid-x grid-padding-x\">\n<div class=\"large-8 cell\">\n<div class=\"input-group\">\n                        <span class=\"input-group-label\">Email<\/span><input type=\"email\" placeholder=\"Email\" name=\"email_reserva\" id=\"email_reserva\" value=\"\"\/>\n                    <\/div>\n<div class=\"large-12 cell\">\n                        <input name=\"acepto\" id=\"acepto\" type=\"checkbox\"  style=\"float:left; margin-top: 6px;\"><label for=\"checkbox1\" style=\"float:left;;margin-left:5px;\">J&rsquo;accepte la <a onclick=\"$('#privacitat').slideToggle(100)\" style=\"cursor:pointer;\">politique de confidentialit\u00e9<\/a><\/label>\n                    <\/div>\n<\/p><\/div>\n<div class=\"large-12 cell\">\n<div class=\"callout\">Les billets seront envoy\u00e9s par courriel en format PDF \u00e0 imprimer et physiquement pr\u00e9sent.<\/div>\n<\/div>\n<div class=\"large-12 cell\">\n<div class=\"grid-x grid-padding-x\">\n                        <!-- S\u00f3lo Tarjeta  --><\/p>\n<div class=\"large-6 cell\">\n                            <label>Paiement <strong> Carte<\/strong> <i class=\"fa fa-credit-card\" aria-hidden=\"true\"><\/i><\/label>\n                                                    <\/div>\n<p>                        <input type=\"hidden\" id=\"payment_method_tarjeta\" name=\"payment_method\" value=\"tarjeta\"><\/p>\n<div class=\"large-6 cell\">\n                            <input type=\"submit\" class=\"button\" style=\"float:right;\" value=\"Payer\" \/>\n                        <\/div>\n<p>                        <!-- S\u00f3lo Tarjeta  -->\n                    <\/div>\n<\/p><\/div>\n<\/p><\/div>\n<\/p><\/div>\n<p>    <input type=\"hidden\" name=\"IdEmpleado\" value=\"30000\"\/><br \/>\n<\/form>\n<div id=\"privacitat\" style=\"display:none;\">\n<p style=\"text-align:right;position:absolute; right:1.25rem; font-size: 2rem;\"><a style=\"cursor:pointer; text-decoration: none;\" onclick=\"$('#privacitat').slideToggle(100)\" title=\"FERMER\">&times;<\/a><\/p>\n<h4>politique de confidentialit\u00e9<\/h4>\n<p style=\"text-align: justify;\">Concernant le respect de la loi sur la protection des donn\u00e9es, nous vous informons que les informations personnelles que vous avez fournies dans les formulaires de ce site web sont incluses dans des fichiers informatiques \u00e9tant la propri\u00e9t\u00e9 et la responsabilit\u00e9 de TRANSPORTS CIUTAT COMTAL S.A., soci\u00e9t\u00e9 de nationalit\u00e9 espagnole, code d&rsquo;identification fiscal n\u00ba A59736686 et dont le si\u00e8ge social se trouve \u00e0 RAMBLA CATALUNYA, 123, 2\u00ba, 08008 Barcelona (Espagne) et seront trait\u00e9es par des m\u00e9thodes automatis\u00e9es dont le seul objectif est de permettre la gestion administrative de nos relations commerciales, et\/ou de permettre la r\u00e9alisation des services expliqu\u00e9s sur ce site web. Vous pouvez exercer les droits d&rsquo;acc\u00e8s, de rectification, d&rsquo;annulation et d&rsquo;opposition que vous conf\u00e8re la loi en vigueur 15\/1999 sur la Protection des donn\u00e9es, en pr\u00e9venant simplement par courrier, fax ou e-mail, ou directement sur ce site web. <\/p>\n<p style=\"text-align: justify;\">L&rsquo;objectif principal de ce site web est de permettre la r\u00e9servation en ligne de billets de CRUISE BUS pour lequel nous gardons le courrier \u00e9lectronique dans le seul but de permettre ce contact, en sachant que ce courrier a \u00e9t\u00e9 destin\u00e9 \u00e0 pouvoir r\u00e9aliser une communication de l&rsquo;acquisition des services fournis \u00e0 travers cette page web. <\/p>\n<p style=\"text-align: justify;\">Nous nous engageons \u00e0 respecter toutes les sp\u00e9cifications et exigences de la Loi organique 15\/1999 sur la protection des donn\u00e9es \u00e0 caract\u00e8re personnel\u00a0: vous pouvez bien s\u00fbr \u00e0 tout moment exercer votre droit d&rsquo;acc\u00e8s, de rectification, d&rsquo;annulation et d&rsquo;opposition que vous conf\u00e8re la loi en vigueur 15\/1999 sur la protection des donn\u00e9es, en pr\u00e9venant simplement par courrier, fax ou e-mail, ou directement sur ce site web. <\/p>\n<\/p><\/div>\n<p>[\/et_pb_text][\/et_pb_column][\/et_pb_row][et_pb_row disabled_on=\u00a0\u00bbon|on|on\u00a0\u00bb admin_label=\u00a0\u00bbANUNCIO\u00a0\u00bb module_id=\u00a0\u00bbpromo\u00a0\u00bb _builder_version=\u00a0\u00bb4.21.0&Prime; _module_preset=\u00a0\u00bbdefault\u00a0\u00bb background_color=\u00a0\u00bbRGBA(255,255,255,0)\u00a0\u00bb custom_margin=\u00a0\u00bb0px||||false|false\u00a0\u00bb custom_padding=\u00a0\u00bb0px||||false|false\u00a0\u00bb global_colors_info=\u00a0\u00bb{}\u00a0\u00bb disabled=\u00a0\u00bbon\u00a0\u00bb][et_pb_column type=\u00a0\u00bb4_4&Prime; _builder_version=\u00a0\u00bb4.20.4&Prime; _module_preset=\u00a0\u00bbdefault\u00a0\u00bb global_colors_info=\u00a0\u00bb{}\u00a0\u00bb][et_pb_image src=\u00a0\u00bbhttps:\/\/cruisebus.barcelona\/wp-content\/uploads\/2025\/06\/TOMBCN-Cruise-Ad-June-Desktop.png\u00a0\u00bb title_text=\u00a0\u00bbTOMBCN-Cruise-Ad-June-Desktop\u00a0\u00bb url=\u00a0\u00bbhttps:\/\/www.google.com\/maps\/place\/Time+Out+Market+Barcelona\/@41.3752689,2.1830457,854m\/data=!3m2!1e3!5s0x12a4a25366a6e099:0xd9f4d09c6cd50b1c!4m6!3m5!1s0x12a4a3b8151c7619:0xe1efb1b1f6735f35!8m2!3d41.3752689!4d2.1830457!16s%2Fg%2F11y5762b6t!5m1!1e1?entry=ttu&#038;g_ep=EgoyMDI1MDYyMy4yIKXMDSoASAFQAw%3D%3D\u00a0\u00bb url_new_window=\u00a0\u00bbon\u00a0\u00bb force_fullwidth=\u00a0\u00bbon\u00a0\u00bb disabled_on=\u00a0\u00bboff|off|off\u00a0\u00bb _builder_version=\u00a0\u00bb4.27.4&Prime; _module_preset=\u00a0\u00bbdefault\u00a0\u00bb global_colors_info=\u00a0\u00bb{}\u00a0\u00bb][\/et_pb_image][\/et_pb_column][\/et_pb_row][et_pb_row disabled_on=\u00a0\u00bbon|on|on\u00a0\u00bb admin_label=\u00a0\u00bbANUNCIO\u00a0\u00bb module_id=\u00a0\u00bbpromo\u00a0\u00bb _builder_version=\u00a0\u00bb4.21.0&Prime; _module_preset=\u00a0\u00bbdefault\u00a0\u00bb background_color=\u00a0\u00bbRGBA(255,255,255,0)\u00a0\u00bb custom_margin=\u00a0\u00bb0px||||false|false\u00a0\u00bb custom_padding=\u00a0\u00bb0px||||false|false\u00a0\u00bb global_colors_info=\u00a0\u00bb{}\u00a0\u00bb disabled=\u00a0\u00bbon\u00a0\u00bb][et_pb_column type=\u00a0\u00bb4_4&Prime; _builder_version=\u00a0\u00bb4.20.4&Prime; _module_preset=\u00a0\u00bbdefault\u00a0\u00bb global_colors_info=\u00a0\u00bb{}\u00a0\u00bb][et_pb_image src=\u00a0\u00bbhttps:\/\/cruisebus.barcelona\/wp-content\/uploads\/2025\/06\/TOMBCN-Cruise-Ad-June-Mobile.png\u00a0\u00bb title_text=\u00a0\u00bbTOMBCN-Cruise-Ad-June-Mobile\u00a0\u00bb url=\u00a0\u00bbhttps:\/\/www.google.com\/maps\/place\/Time+Out+Market+Barcelona\/@41.3752689,2.1830457,854m\/data=!3m2!1e3!5s0x12a4a25366a6e099:0xd9f4d09c6cd50b1c!4m6!3m5!1s0x12a4a3b8151c7619:0xe1efb1b1f6735f35!8m2!3d41.3752689!4d2.1830457!16s%2Fg%2F11y5762b6t!5m1!1e1?entry=ttu&#038;g_ep=EgoyMDI1MDYyMy4yIKXMDSoASAFQAw%3D%3D\u00a0\u00bb url_new_window=\u00a0\u00bbon\u00a0\u00bb force_fullwidth=\u00a0\u00bbon\u00a0\u00bb disabled_on=\u00a0\u00bboff|off|off\u00a0\u00bb _builder_version=\u00a0\u00bb4.27.4&Prime; _module_preset=\u00a0\u00bbdefault\u00a0\u00bb global_colors_info=\u00a0\u00bb{}\u00a0\u00bb][\/et_pb_image][\/et_pb_column][\/et_pb_row][\/et_pb_section]<\/p>\n","protected":false},"excerpt":{"rendered":"<p>Missatge d&rsquo;Av\u00eds Lorem ipsum dolor sit amet, consectetur adipiscing elit. Suspendisse quis hendrerit ligula. In varius non diam ut tincidunt. Vivamus a eros suscipit, interdum quam nec, auctor magna. Sed in tincidunt tortor. De la croisi\u00e8re \u00e0 La Rambla en 5 minutes Le centre de Barcelone \u00e0 votre guise<\/p>\n","protected":false},"author":3,"featured_media":0,"parent":0,"menu_order":0,"comment_status":"closed","ping_status":"closed","template":"","meta":{"_et_pb_use_builder":"on","_et_pb_old_content":"<div class=\"row\">\r\n<div class=\"large-12 columns\">\r\n<h2 style=\"color: #000; margin: 0;\">De la croisi\u00e8re \u00e0 la Rambla en 5 minutes<\/h2>\r\n<h3 style=\"color: #000; font-size: 1.6375rem!important;\">Le centre de Barcelone \u00e0 votre guise<\/h3>\r\n<\/div>\r\n<\/div>\r\n<?php include(\"\/var\/www\/vhosts\/cruisebus.barcelona\/httpdocs\/ventabilletes\/formulari.php\"); ?>","_et_gb_content_width":"","_joinchat":[],"footnotes":""},"class_list":["post-929","page","type-page","status-publish","hentry"],"_links":{"self":[{"href":"https:\/\/cruisebus.barcelona\/fr\/wp-json\/wp\/v2\/pages\/929","targetHints":{"allow":["GET"]}}],"collection":[{"href":"https:\/\/cruisebus.barcelona\/fr\/wp-json\/wp\/v2\/pages"}],"about":[{"href":"https:\/\/cruisebus.barcelona\/fr\/wp-json\/wp\/v2\/types\/page"}],"author":[{"embeddable":true,"href":"https:\/\/cruisebus.barcelona\/fr\/wp-json\/wp\/v2\/users\/3"}],"replies":[{"embeddable":true,"href":"https:\/\/cruisebus.barcelona\/fr\/wp-json\/wp\/v2\/comments?post=929"}],"version-history":[{"count":29,"href":"https:\/\/cruisebus.barcelona\/fr\/wp-json\/wp\/v2\/pages\/929\/revisions"}],"predecessor-version":[{"id":2770,"href":"https:\/\/cruisebus.barcelona\/fr\/wp-json\/wp\/v2\/pages\/929\/revisions\/2770"}],"wp:attachment":[{"href":"https:\/\/cruisebus.barcelona\/fr\/wp-json\/wp\/v2\/media?parent=929"}],"curies":[{"name":"wp","href":"https:\/\/api.w.org\/{rel}","templated":true}]}}