{"id":2296,"date":"2023-04-26T11:53:21","date_gmt":"2023-04-26T11:53:21","guid":{"rendered":"https:\/\/cruisebus.barcelona\/politica-de-cookies\/"},"modified":"2024-02-06T08:47:54","modified_gmt":"2024-02-06T08:47:54","slug":"politica-de-cookies","status":"publish","type":"page","link":"https:\/\/cruisebus.barcelona\/fr\/politica-de-cookies\/","title":{"rendered":"Pol\u00edtica de Cookies"},"content":{"rendered":"<p>[et_pb_section fb_built=\u00a0\u00bb1&Prime; fullwidth=\u00a0\u00bbon\u00a0\u00bb _builder_version=\u00a0\u00bb4.20.4&Prime; _module_preset=\u00a0\u00bbdefault\u00a0\u00bb global_colors_info=\u00a0\u00bb{}\u00a0\u00bb][et_pb_fullwidth_header title=\u00a0\u00bbPol\u00edtica de Cookies\u00a0\u00bb _builder_version=\u00a0\u00bb4.20.4&Prime; _module_preset=\u00a0\u00bbdefault\u00a0\u00bb global_colors_info=\u00a0\u00bb{}\u00a0\u00bb][\/et_pb_fullwidth_header][\/et_pb_section][et_pb_section fb_built=\u00a0\u00bb1&Prime; admin_label=\u00a0\u00bbsection\u00a0\u00bb _builder_version=\u00a0\u00bb4.16&Prime; global_colors_info=\u00a0\u00bb{}\u00a0\u00bb][et_pb_row admin_label=\u00a0\u00bbrow\u00a0\u00bb _builder_version=\u00a0\u00bb4.16&Prime; background_size=\u00a0\u00bbinitial\u00a0\u00bb background_position=\u00a0\u00bbtop_left\u00a0\u00bb background_repeat=\u00a0\u00bbrepeat\u00a0\u00bb global_colors_info=\u00a0\u00bb{}\u00a0\u00bb][et_pb_column type=\u00a0\u00bb4_4&Prime; _builder_version=\u00a0\u00bb4.16&Prime; custom_padding=\u00a0\u00bb|||\u00a0\u00bb global_colors_info=\u00a0\u00bb{}\u00a0\u00bb custom_padding__hover=\u00a0\u00bb|||\u00a0\u00bb][et_pb_text _builder_version=\u00a0\u00bb4.24.0&Prime; _module_preset=\u00a0\u00bbdefault\u00a0\u00bb hover_enabled=\u00a0\u00bb0&Prime; global_colors_info=\u00a0\u00bb{}\u00a0\u00bb sticky_enabled=\u00a0\u00bb0&Prime;]<\/p>\n<p><strong>1. \u00bfQu\u00e9 son les cookies?<\/strong><\/p>\n<p>Les cookies s\u00f3n fitxers que emmagatzemen i recuperen informaci\u00f3 sobre els h\u00e0bits de navegaci\u00f3 de l&rsquo;usuari. La informaci\u00f3 que s&rsquo;obt\u00e9 est\u00e0 relacionada, per exemple, amb el nombre de p\u00e0gines que es visiten, l&rsquo;idioma, el lloc des del qual s&rsquo;accedeix, el nombre de nous usuaris, la freq\u00fc\u00e8ncia i reincid\u00e8ncia de les visites, el temps que dura la mateixa, el navegador o l&rsquo;equip des del qual es realitza la visita o s&rsquo;executa l&rsquo;aplicaci\u00f3.<\/p>\n<p><strong>2. <\/strong><strong>\u00bfQuin tipus de <em>cookies<\/em> utiliza el lloc web? <\/strong><\/p>\n<p>La tipologia de cookies que s\u2019utilitzen amb la navegaci\u00f3 a trav\u00e9s del lloc web s\u00f3n les que es detallen a continuaci\u00f3:<\/p>\n<p><em>Segons l\u2019entitat que les gestiona: <\/em><\/p>\n<ul>\n<li>Cookies pr\u00f2pies: s&rsquo;envien a l&rsquo;equip terminal de l&rsquo;usuari des d&rsquo;un equip o domini gestionat pel propi editor i des del qual es presta el servei sol\u00b7licitat per l&rsquo;Usuari.<\/li>\n<li>Cookies de tercers s&rsquo;envien a l&rsquo;equip terminal de l&rsquo;usuari des d&rsquo;un equip o domini que no \u00e9s gestionat per l&rsquo;editor, sin\u00f3 per una altra entitat que tracta les dades obtingudes a trav\u00e9s de les cookies.<\/li>\n<\/ul>\n<p><em>Segons el per\u00edode de temps que romanguin actives:<\/em><\/p>\n<ul>\n<li>Cookies de sessi\u00f3: recopilen i emmagatzemen dades mentre l\u2019usuari accedeix al lloc web<\/li>\n<li>Cookies persistents: recopilen dades emmagatzemades en el terminal i s\u00f3n accedides i tractades durant el per\u00edode definit.<\/li>\n<\/ul>\n<p><em>Segons la seva finalitat:<\/em><\/p>\n<ul>\n<li>Cookies t\u00e8cniques: permeten la navegaci\u00f3 a trav\u00e9s del lloc web i la utilitzaci\u00f3 de diferents serveis que existeixin en la mateixa com podria ser controlar el tr\u00e0nsit i comunicaci\u00f3 de dades, realitzar el proc\u00e9s de compra d&rsquo;una comanda o utilitzar elements de seguretat durant la navegaci\u00f3.<\/li>\n<li>Cookies de personalitzaci\u00f3: permeten a l\u2019usuari accedir al servei en funci\u00f3 de caracter\u00edstiques predefinides.<\/li>\n<li>Cookies d\u2019an\u00e0lisis: permeten el seguiment i an\u00e0lisi del comportament dels usuaris (per exemple, per al mesurament de l&rsquo;activitat de l&rsquo;aplicaci\u00f3, l&rsquo;elaboraci\u00f3 de perfils d&rsquo;usuaris, etc., amb la finalitat d&rsquo;introduir millores en el servei en funci\u00f3 de les dades d&rsquo;\u00fas que fan els usuaris).<\/li>\n<li>Cookies publicit\u00e0ries: permeten la gesti\u00f3 de manera efica\u00e7 dels espais publicitaris inclosos en el lloc web, sobre la base de criteris com el contingut editat o la freq\u00fc\u00e8ncia en la qual es mostren els anuncis.<\/li>\n<li>Cookies de publicitat comportamental: permeten la gesti\u00f3, de la forma m\u00e9s efica\u00e7 possible, dels espais publicitaris inclosos en el lloc web. Aquestes cookies emmagatzemen informaci\u00f3 del comportament dels usuaris obtinguda a trav\u00e9s de l&rsquo;observaci\u00f3 continuada dels seus h\u00e0bits de navegaci\u00f3, la qual cosa permet desenvolupar un perfil espec\u00edfic per a mostrar publicitat en funci\u00f3 d&rsquo;aquest.<\/li>\n<\/ul>\n<p><strong><br \/>3. Com administrar les cookies?<\/strong><\/p>\n<p>L&rsquo;usuari t\u00e9 l&rsquo;opci\u00f3 de permetre, bloquejar o eliminar les cookies instal\u00b7lades en el seu dispositiu en la \u00a0finestra de configuraci\u00f3 de les cookies.<\/p>\n<p>Per altra part, la deshabilitaci\u00f3 de les cookies podria modificar el funcionament del lloc web. Per favor, consulti les instruccions i manuals del seu dispositiu per ampliar aquesta informaci\u00f3.<\/p>\n<p>En cas de bloquejar l&rsquo;\u00fas de cookies en el seu dispositiu \u00e9s possible que alguns serveis o funcionalitats del lloc web no estiguin disponibles. Si acceptes les cookies del nostre lloc web i m\u00e9s tard desitges eliminar les cookies que hem configurat en el dispositiu, consulti el men\u00fa d&rsquo;ajuda del seu navegador per a obtenir les instruccions amb els passos a seguir.<\/p>\n<p>&nbsp;<\/p>\n<p><strong>4. Actualitzaci\u00f3 de la pol\u00edtica de <em>cookies<\/em><\/strong><\/p>\n<p>En el caso que las caracter\u00edstiques o finalitats d\u2019\u00fas de les cookies del lloc web siguin modificades, l\u2019informarem sobre els canvis per tal de recabar novament el seu consentiment.<\/p>\n<p>[\/et_pb_text][et_pb_code _builder_version=\u00a0\u00bb4.24.0&Prime; _module_preset=\u00a0\u00bbdefault\u00a0\u00bb hover_enabled=\u00a0\u00bb0&Prime; sticky_enabled=\u00a0\u00bb0&Prime;]<script id=\"CookieDeclaration\" src=\"https:\/\/consent.cookiebot.com\/3b22834f-530f-48aa-b7f1-e1ba30e6d07b\/cd.js\" type=\"text\/javascript\" async><\/script>[\/et_pb_code][\/et_pb_column][\/et_pb_row][\/et_pb_section]<\/p>\n","protected":false},"excerpt":{"rendered":"<p>1. \u00bfQu\u00e9 son les cookies? Les cookies s\u00f3n fitxers que emmagatzemen i recuperen informaci\u00f3 sobre els h\u00e0bits de navegaci\u00f3 de l&rsquo;usuari. La informaci\u00f3 que s&rsquo;obt\u00e9 est\u00e0 relacionada, per exemple, amb el nombre de p\u00e0gines que es visiten, l&rsquo;idioma, el lloc des del qual s&rsquo;accedeix, el nombre de nous usuaris, la freq\u00fc\u00e8ncia i reincid\u00e8ncia de les [&hellip;]<\/p>\n","protected":false},"author":3,"featured_media":0,"parent":0,"menu_order":0,"comment_status":"closed","ping_status":"closed","template":"","meta":{"_et_pb_use_builder":"on","_et_pb_old_content":"","_et_gb_content_width":"","_joinchat":[],"footnotes":""},"class_list":["post-2296","page","type-page","status-publish","hentry"],"_links":{"self":[{"href":"https:\/\/cruisebus.barcelona\/fr\/wp-json\/wp\/v2\/pages\/2296","targetHints":{"allow":["GET"]}}],"collection":[{"href":"https:\/\/cruisebus.barcelona\/fr\/wp-json\/wp\/v2\/pages"}],"about":[{"href":"https:\/\/cruisebus.barcelona\/fr\/wp-json\/wp\/v2\/types\/page"}],"author":[{"embeddable":true,"href":"https:\/\/cruisebus.barcelona\/fr\/wp-json\/wp\/v2\/users\/3"}],"replies":[{"embeddable":true,"href":"https:\/\/cruisebus.barcelona\/fr\/wp-json\/wp\/v2\/comments?post=2296"}],"version-history":[{"count":1,"href":"https:\/\/cruisebus.barcelona\/fr\/wp-json\/wp\/v2\/pages\/2296\/revisions"}],"predecessor-version":[{"id":2490,"href":"https:\/\/cruisebus.barcelona\/fr\/wp-json\/wp\/v2\/pages\/2296\/revisions\/2490"}],"wp:attachment":[{"href":"https:\/\/cruisebus.barcelona\/fr\/wp-json\/wp\/v2\/media?parent=2296"}],"curies":[{"name":"wp","href":"https:\/\/api.w.org\/{rel}","templated":true}]}}