{"id":1169,"date":"2016-11-10T10:24:16","date_gmt":"2016-11-10T10:24:16","guid":{"rendered":"http:\/\/www.cruisebus.barcelona\/fr\/visita-barcelona\/"},"modified":"2023-04-25T12:42:49","modified_gmt":"2023-04-25T12:42:49","slug":"visita-barcelona","status":"publish","type":"page","link":"https:\/\/cruisebus.barcelona\/fr\/visita-barcelona\/","title":{"rendered":"Visitez Barcelone"},"content":{"rendered":"<p>[et_pb_section fb_built=\u00a0\u00bb1&Prime; fullwidth=\u00a0\u00bbon\u00a0\u00bb theme_builder_area=\u00a0\u00bbpost_content\u00a0\u00bb _builder_version=\u00a0\u00bb4.20.4&Prime; _module_preset=\u00a0\u00bbdefault\u00a0\u00bb][et_pb_fullwidth_header _builder_version=\u00a0\u00bb4.20.4&Prime; _module_preset=\u00a0\u00bbdefault\u00a0\u00bb theme_builder_area=\u00a0\u00bbpost_content\u00a0\u00bb title=\u00a0\u00bbVisitez Barcelone\u00a0\u00bb hover_enabled=\u00a0\u00bb0&Prime; sticky_enabled=\u00a0\u00bb0&Prime;][\/et_pb_fullwidth_header][\/et_pb_section][et_pb_section fb_built=\u00a0\u00bb1&Prime; _builder_version=\u00a0\u00bb4.16&Prime; saved_tabs=\u00a0\u00bball\u00a0\u00bb global_colors_info=\u00a0\u00bb{}\u00a0\u00bb theme_builder_area=\u00a0\u00bbpost_content\u00a0\u00bb][et_pb_row column_structure=\u00a0\u00bb3_5,2_5&Prime; _builder_version=\u00a0\u00bb4.16&Prime; background_size=\u00a0\u00bbinitial\u00a0\u00bb background_position=\u00a0\u00bbtop_left\u00a0\u00bb background_repeat=\u00a0\u00bbrepeat\u00a0\u00bb global_colors_info=\u00a0\u00bb{}\u00a0\u00bb theme_builder_area=\u00a0\u00bbpost_content\u00a0\u00bb][et_pb_column type=\u00a0\u00bb3_5&Prime; _builder_version=\u00a0\u00bb4.16&Prime; custom_padding=\u00a0\u00bb|||\u00a0\u00bb global_colors_info=\u00a0\u00bb{}\u00a0\u00bb custom_padding__hover=\u00a0\u00bb|||\u00a0\u00bb theme_builder_area=\u00a0\u00bbpost_content\u00a0\u00bb][et_pb_text _builder_version=\u00a0\u00bb4.20.4&Prime; background_size=\u00a0\u00bbinitial\u00a0\u00bb background_position=\u00a0\u00bbtop_left\u00a0\u00bb background_repeat=\u00a0\u00bbrepeat\u00a0\u00bb hover_enabled=\u00a0\u00bb0&Prime; global_colors_info=\u00a0\u00bb{}\u00a0\u00bb theme_builder_area=\u00a0\u00bbpost_content\u00a0\u00bb sticky_enabled=\u00a0\u00bb0&Prime;]<\/p>\n<h2>Toute la ville s\u2019\u00e9tend \u00e0 vos pieds<\/h2>\n<p>Barcelone est l\u2019une des villes les plus visit\u00e9es du monde gr\u00e2ce \u00e0 la richesse de son offre commerciale, culturelle et de loisirs.<\/p>\n<p>Profitez de votre escale pour visiter Barcelone \u00e0 votre guise, librement, sans files d\u2019attente et avec la possibilit\u00e9 de rester aussi longtemps que vous le souhaitez dans votre recoin de ville favori.<\/p>\n<p>[\/et_pb_text][\/et_pb_column][et_pb_column type=\u00a0\u00bb2_5&Prime; _builder_version=\u00a0\u00bb4.16&Prime; custom_padding=\u00a0\u00bb|||\u00a0\u00bb global_colors_info=\u00a0\u00bb{}\u00a0\u00bb custom_padding__hover=\u00a0\u00bb|||\u00a0\u00bb theme_builder_area=\u00a0\u00bbpost_content\u00a0\u00bb][et_pb_image src=\u00a0\u00bbhttps:\/\/beta.cruisebus.barcelona\/wp-content\/uploads\/2016\/11\/IMG_6181.jpg\u00a0\u00bb title_text=\u00a0\u00bbimg_6181&Prime; _builder_version=\u00a0\u00bb4.20.4&Prime; _module_preset=\u00a0\u00bbdefault\u00a0\u00bb global_colors_info=\u00a0\u00bb{}\u00a0\u00bb theme_builder_area=\u00a0\u00bbpost_content\u00a0\u00bb][\/et_pb_image][\/et_pb_column][\/et_pb_row][et_pb_row _builder_version=\u00a0\u00bb4.20.4&Prime; _module_preset=\u00a0\u00bbdefault\u00a0\u00bb global_colors_info=\u00a0\u00bb{}\u00a0\u00bb theme_builder_area=\u00a0\u00bbpost_content\u00a0\u00bb][et_pb_column type=\u00a0\u00bb4_4&Prime; _builder_version=\u00a0\u00bb4.20.4&Prime; _module_preset=\u00a0\u00bbdefault\u00a0\u00bb global_colors_info=\u00a0\u00bb{}\u00a0\u00bb theme_builder_area=\u00a0\u00bbpost_content\u00a0\u00bb][et_pb_text _builder_version=\u00a0\u00bb4.20.4&Prime; background_size=\u00a0\u00bbinitial\u00a0\u00bb background_position=\u00a0\u00bbtop_left\u00a0\u00bb background_repeat=\u00a0\u00bbrepeat\u00a0\u00bb hover_enabled=\u00a0\u00bb0&Prime; global_colors_info=\u00a0\u00bb{}\u00a0\u00bb theme_builder_area=\u00a0\u00bbpost_content\u00a0\u00bb sticky_enabled=\u00a0\u00bb0&Prime;]<\/p>\n<p>Voici une liste des liens les plus utiles pour pr\u00e9parer votre visite selon vos envies:<\/p>\n<p>[\/et_pb_text][\/et_pb_column][\/et_pb_row][et_pb_row column_structure=\u00a0\u00bb1_5,1_5,1_5,1_5,1_5&Prime; use_custom_gutter=\u00a0\u00bbon\u00a0\u00bb gutter_width=\u00a0\u00bb1&Prime; _builder_version=\u00a0\u00bb4.20.4&Prime; _module_preset=\u00a0\u00bbdefault\u00a0\u00bb global_colors_info=\u00a0\u00bb{}\u00a0\u00bb theme_builder_area=\u00a0\u00bbpost_content\u00a0\u00bb][et_pb_column type=\u00a0\u00bb1_5&Prime; _builder_version=\u00a0\u00bb4.20.4&Prime; _module_preset=\u00a0\u00bbdefault\u00a0\u00bb global_colors_info=\u00a0\u00bb{}\u00a0\u00bb theme_builder_area=\u00a0\u00bbpost_content\u00a0\u00bb][et_pb_image src=\u00a0\u00bbhttps:\/\/beta.cruisebus.barcelona\/wp-content\/uploads\/2023\/04\/port-barcelona.jpg\u00a0\u00bb title_text=\u00a0\u00bbport-barcelona\u00a0\u00bb url=\u00a0\u00bbhttps:\/\/www.portdebarcelona.cat\/home_apb\u00a0\u00bb url_new_window=\u00a0\u00bbon\u00a0\u00bb force_fullwidth=\u00a0\u00bbon\u00a0\u00bb _builder_version=\u00a0\u00bb4.20.4&Prime; _module_preset=\u00a0\u00bbdefault\u00a0\u00bb global_colors_info=\u00a0\u00bb{}\u00a0\u00bb theme_builder_area=\u00a0\u00bbpost_content\u00a0\u00bb][\/et_pb_image][\/et_pb_column][et_pb_column type=\u00a0\u00bb1_5&Prime; _builder_version=\u00a0\u00bb4.20.4&Prime; _module_preset=\u00a0\u00bbdefault\u00a0\u00bb global_colors_info=\u00a0\u00bb{}\u00a0\u00bb theme_builder_area=\u00a0\u00bbpost_content\u00a0\u00bb][et_pb_image src=\u00a0\u00bbhttps:\/\/beta.cruisebus.barcelona\/wp-content\/uploads\/2023\/04\/bcn-turisme.jpg\u00a0\u00bb title_text=\u00a0\u00bbbcn-turisme\u00a0\u00bb url=\u00a0\u00bbhttps:\/\/www.barcelonaturisme.com\/wv3\/ca\/\u00a0\u00bb url_new_window=\u00a0\u00bbon\u00a0\u00bb force_fullwidth=\u00a0\u00bbon\u00a0\u00bb _builder_version=\u00a0\u00bb4.20.4&Prime; _module_preset=\u00a0\u00bbdefault\u00a0\u00bb global_colors_info=\u00a0\u00bb{}\u00a0\u00bb theme_builder_area=\u00a0\u00bbpost_content\u00a0\u00bb][\/et_pb_image][\/et_pb_column][et_pb_column type=\u00a0\u00bb1_5&Prime; _builder_version=\u00a0\u00bb4.20.4&Prime; _module_preset=\u00a0\u00bbdefault\u00a0\u00bb global_colors_info=\u00a0\u00bb{}\u00a0\u00bb theme_builder_area=\u00a0\u00bbpost_content\u00a0\u00bb][et_pb_image src=\u00a0\u00bbhttps:\/\/beta.cruisebus.barcelona\/wp-content\/uploads\/2023\/04\/tibidabo.jpg\u00a0\u00bb title_text=\u00a0\u00bbtibidabo\u00a0\u00bb url=\u00a0\u00bbhttps:\/\/www.tibidabo.cat\/\u00a0\u00bb url_new_window=\u00a0\u00bbon\u00a0\u00bb force_fullwidth=\u00a0\u00bbon\u00a0\u00bb _builder_version=\u00a0\u00bb4.20.4&Prime; _module_preset=\u00a0\u00bbdefault\u00a0\u00bb global_colors_info=\u00a0\u00bb{}\u00a0\u00bb theme_builder_area=\u00a0\u00bbpost_content\u00a0\u00bb][\/et_pb_image][\/et_pb_column][et_pb_column type=\u00a0\u00bb1_5&Prime; _builder_version=\u00a0\u00bb4.20.4&Prime; _module_preset=\u00a0\u00bbdefault\u00a0\u00bb global_colors_info=\u00a0\u00bb{}\u00a0\u00bb theme_builder_area=\u00a0\u00bbpost_content\u00a0\u00bb][et_pb_image src=\u00a0\u00bbhttps:\/\/beta.cruisebus.barcelona\/wp-content\/uploads\/2023\/04\/bus-turistic.jpg\u00a0\u00bb title_text=\u00a0\u00bbbus-turistic\u00a0\u00bb url=\u00a0\u00bbhttps:\/\/www.catalunyabusturistic.com\/es\u00a0\u00bb url_new_window=\u00a0\u00bbon\u00a0\u00bb force_fullwidth=\u00a0\u00bbon\u00a0\u00bb _builder_version=\u00a0\u00bb4.20.4&Prime; _module_preset=\u00a0\u00bbdefault\u00a0\u00bb global_colors_info=\u00a0\u00bb{}\u00a0\u00bb theme_builder_area=\u00a0\u00bbpost_content\u00a0\u00bb][\/et_pb_image][\/et_pb_column][et_pb_column type=\u00a0\u00bb1_5&Prime; _builder_version=\u00a0\u00bb4.20.4&Prime; _module_preset=\u00a0\u00bbdefault\u00a0\u00bb global_colors_info=\u00a0\u00bb{}\u00a0\u00bb theme_builder_area=\u00a0\u00bbpost_content\u00a0\u00bb][et_pb_image src=\u00a0\u00bbhttps:\/\/beta.cruisebus.barcelona\/wp-content\/uploads\/2023\/04\/city-tour-barcelona.jpg\u00a0\u00bb title_text=\u00a0\u00bbcity-tour-barcelona\u00a0\u00bb url=\u00a0\u00bbhttps:\/\/barcelona.city-tour.com\/es\/\u00a0\u00bb url_new_window=\u00a0\u00bbon\u00a0\u00bb force_fullwidth=\u00a0\u00bbon\u00a0\u00bb _builder_version=\u00a0\u00bb4.20.4&Prime; _module_preset=\u00a0\u00bbdefault\u00a0\u00bb global_colors_info=\u00a0\u00bb{}\u00a0\u00bb theme_builder_area=\u00a0\u00bbpost_content\u00a0\u00bb][\/et_pb_image][\/et_pb_column][\/et_pb_row][\/et_pb_section]<\/p>\n","protected":false},"excerpt":{"rendered":"<p>Toute la ville s\u2019\u00e9tend \u00e0 vos pieds Barcelone est l\u2019une des villes les plus visit\u00e9es du monde gr\u00e2ce \u00e0 la richesse de son offre commerciale, culturelle et de loisirs. Profitez de votre escale pour visiter Barcelone \u00e0 votre guise, librement, sans files d\u2019attente et avec la possibilit\u00e9 de rester aussi longtemps que vous le souhaitez [&hellip;]<\/p>\n","protected":false},"author":3,"featured_media":0,"parent":0,"menu_order":0,"comment_status":"closed","ping_status":"closed","template":"","meta":{"_et_pb_use_builder":"on","_et_pb_old_content":"<h2><span style=\"color: #ff6600;\">Toute la ville s\u2019\u00e9tend \u00e0 vos pieds<\/span><\/h2>\r\n<h3><span style=\"color: #808080;\">Barcelone est l\u2019une des villes les plus visit\u00e9es du monde gr\u00e2ce \u00e0 la richesse de son offre commerciale, culturelle et de loisirs.<\/span><\/h3>\r\n<h3><span style=\"color: #808080;\">Profitez de votre escale pour visiter Barcelone \u00e0 votre guise, librement, sans files d\u2019attente et avec la possibilit\u00e9 de rester aussi longtemps que vous le souhaitez dans votre recoin de ville favori.<\/span><\/h3>\r\n<h3><span style=\"color: #808080;\">Voici une liste des liens les plus utiles pour pr\u00e9parer votre visite selon vos envies:<\/span><\/h3>\r\n<a href=\"http:\/\/www.portdebarcelona.cat\/fr\/home_apb\"><img class=\"alignnone wp-image-1121\" src=\"https:\/\/beta.cruisebus.barcelona\/wp-content\/uploads\/2016\/11\/logo-vector-port-de-barcelona.jpg\" alt=\"\" width=\"215\" height=\"109\" \/><\/a>\u00a0 \u00a0 <a href=\"https:\/\/www.barcelonaturisme.com\/wv3\/fr\/\"><img class=\"alignnone wp-image-1482\" src=\"https:\/\/beta.cruisebus.barcelona\/wp-content\/uploads\/2021\/07\/bcn-turisme-logo.jpg\" alt=\"\" width=\"134\" height=\"134\" \/><\/a>\r\n\r\n<a href=\"http:\/\/www.tibidabo.cat\/\" target=\"_blank\" rel=\"noopener\"><img class=\"alignnone wp-image-1095\" src=\"http:\/\/www.cruisebus.barcelona\/wp-content\/uploads\/2016\/11\/logo_tibidabo_1_2.jpg\" alt=\"logo_tibidabo_1_2\" width=\"164\" height=\"116\" \/><\/a>\u00a0 \u00a0 <a href=\"https:\/\/www.catalunyabusturistic.com\/en\"><img class=\"alignnone wp-image-1431\" src=\"https:\/\/beta.cruisebus.barcelona\/wp-content\/uploads\/2021\/07\/CBT-logo.png\" alt=\"\" width=\"196\" height=\"90\" \/><\/a><a href=\"https:\/\/barcelona.city-tour.com\/fr\"><img class=\"alignnone wp-image-1425\" src=\"https:\/\/beta.cruisebus.barcelona\/wp-content\/uploads\/2021\/07\/bcn-ct-logo.png\" alt=\"\" width=\"138\" height=\"119\" \/><\/a>\r\n\r\n\u00a0","_et_gb_content_width":"","_joinchat":[],"footnotes":""},"class_list":["post-1169","page","type-page","status-publish","hentry"],"_links":{"self":[{"href":"https:\/\/cruisebus.barcelona\/fr\/wp-json\/wp\/v2\/pages\/1169","targetHints":{"allow":["GET"]}}],"collection":[{"href":"https:\/\/cruisebus.barcelona\/fr\/wp-json\/wp\/v2\/pages"}],"about":[{"href":"https:\/\/cruisebus.barcelona\/fr\/wp-json\/wp\/v2\/types\/page"}],"author":[{"embeddable":true,"href":"https:\/\/cruisebus.barcelona\/fr\/wp-json\/wp\/v2\/users\/3"}],"replies":[{"embeddable":true,"href":"https:\/\/cruisebus.barcelona\/fr\/wp-json\/wp\/v2\/comments?post=1169"}],"version-history":[{"count":6,"href":"https:\/\/cruisebus.barcelona\/fr\/wp-json\/wp\/v2\/pages\/1169\/revisions"}],"predecessor-version":[{"id":1763,"href":"https:\/\/cruisebus.barcelona\/fr\/wp-json\/wp\/v2\/pages\/1169\/revisions\/1763"}],"wp:attachment":[{"href":"https:\/\/cruisebus.barcelona\/fr\/wp-json\/wp\/v2\/media?parent=1169"}],"curies":[{"name":"wp","href":"https:\/\/api.w.org\/{rel}","templated":true}]}}