{"id":1153,"date":"2016-11-10T10:21:44","date_gmt":"2016-11-10T10:21:44","guid":{"rendered":"http:\/\/www.cruisebus.barcelona\/fr\/qui-som\/"},"modified":"2023-04-25T13:54:50","modified_gmt":"2023-04-25T13:54:50","slug":"qui-som","status":"publish","type":"page","link":"https:\/\/cruisebus.barcelona\/fr\/qui-som\/","title":{"rendered":"Qui sommes nous"},"content":{"rendered":"<p>[et_pb_section fb_built=\u00a0\u00bb1&Prime; fullwidth=\u00a0\u00bbon\u00a0\u00bb theme_builder_area=\u00a0\u00bbpost_content\u00a0\u00bb _builder_version=\u00a0\u00bb4.20.4&Prime; _module_preset=\u00a0\u00bbdefault\u00a0\u00bb][et_pb_fullwidth_header _builder_version=\u00a0\u00bb4.20.4&Prime; _module_preset=\u00a0\u00bbdefault\u00a0\u00bb theme_builder_area=\u00a0\u00bbpost_content\u00a0\u00bb title=\u00a0\u00bbQui sommes nous\u00a0\u00bb hover_enabled=\u00a0\u00bb0&Prime; sticky_enabled=\u00a0\u00bb0&Prime;][\/et_pb_fullwidth_header][\/et_pb_section][et_pb_section fb_built=\u00a0\u00bb1&Prime; _builder_version=\u00a0\u00bb4.16&Prime; global_colors_info=\u00a0\u00bb{}\u00a0\u00bb theme_builder_area=\u00a0\u00bbpost_content\u00a0\u00bb][et_pb_row column_structure=\u00a0\u00bb1_2,1_2&Prime; _builder_version=\u00a0\u00bb4.16&Prime; background_size=\u00a0\u00bbinitial\u00a0\u00bb background_position=\u00a0\u00bbtop_left\u00a0\u00bb background_repeat=\u00a0\u00bbrepeat\u00a0\u00bb global_colors_info=\u00a0\u00bb{}\u00a0\u00bb theme_builder_area=\u00a0\u00bbpost_content\u00a0\u00bb][et_pb_column type=\u00a0\u00bb1_2&Prime; _builder_version=\u00a0\u00bb4.16&Prime; custom_padding=\u00a0\u00bb|||\u00a0\u00bb global_colors_info=\u00a0\u00bb{}\u00a0\u00bb custom_padding__hover=\u00a0\u00bb|||\u00a0\u00bb theme_builder_area=\u00a0\u00bbpost_content\u00a0\u00bb][et_pb_text _builder_version=\u00a0\u00bb4.20.4&Prime; background_size=\u00a0\u00bbinitial\u00a0\u00bb background_position=\u00a0\u00bbtop_left\u00a0\u00bb background_repeat=\u00a0\u00bbrepeat\u00a0\u00bb hover_enabled=\u00a0\u00bb0&Prime; global_colors_info=\u00a0\u00bb{}\u00a0\u00bb theme_builder_area=\u00a0\u00bbpost_content\u00a0\u00bb sticky_enabled=\u00a0\u00bb0&Prime;]<\/p>\n<h2>En mouvement depuis 1923<\/h2>\n<p>TCC \u2013 Transports Ciutat Comtal est une entreprise du groupe Moventis, cr\u00e9\u00e9e en 1991. C\u2019est un op\u00e9rateur de transport qui, entre autres services, g\u00e8re le service Cruise Bus.<\/p>\n<p>TCC g\u00e8re d\u2019autres services dans la r\u00e9gion de Barcelone comme, par exemple : le transport de PMR (personnes \u00e0 mobilit\u00e9 r\u00e9duite) de la Mairie de Barcelone, le TibiBus, diff\u00e9rentes lignes urbaines de la ville de Barcelone, de Vilanova i la Geltr\u00fa, Sitges et Sant Sadurn\u00ed d\u2019Anoia.<\/p>\n<p>Le groupe auquel appartient TCC (Groupe Moventis) g\u00e8re \u00e9galement d\u2019autres services comme le Barcelona City Tour, Catalunya Bus Tur\u00edstic, les tramways de Barcelone avec les lignes du Trambaix et le Trambes\u00f3s, ainsi que des services occasionnels sur-mesure, tels que ceux offerts par Calella Moventis, pour les administrations publiques, congr\u00e8s, \u00e9coles, navettes, entreprises, op\u00e9rateurs touristiques, etc.<\/p>\n<p>[\/et_pb_text][\/et_pb_column][et_pb_column type=\u00a0\u00bb1_2&Prime; _builder_version=\u00a0\u00bb4.16&Prime; custom_padding=\u00a0\u00bb|||\u00a0\u00bb global_colors_info=\u00a0\u00bb{}\u00a0\u00bb custom_padding__hover=\u00a0\u00bb|||\u00a0\u00bb theme_builder_area=\u00a0\u00bbpost_content\u00a0\u00bb][et_pb_image src=\u00a0\u00bbhttps:\/\/beta.cruisebus.barcelona\/wp-content\/uploads\/2021\/07\/quisom.jpg\u00a0\u00bb title_text=\u00a0\u00bbquisom\u00a0\u00bb force_fullwidth=\u00a0\u00bbon\u00a0\u00bb _builder_version=\u00a0\u00bb4.20.4&Prime; _module_preset=\u00a0\u00bbdefault\u00a0\u00bb global_colors_info=\u00a0\u00bb{}\u00a0\u00bb theme_builder_area=\u00a0\u00bbpost_content\u00a0\u00bb][\/et_pb_image][\/et_pb_column][\/et_pb_row][\/et_pb_section]<\/p>\n","protected":false},"excerpt":{"rendered":"<p>En mouvement depuis 1923 TCC \u2013 Transports Ciutat Comtal est une entreprise du groupe Moventis, cr\u00e9\u00e9e en 1991. C\u2019est un op\u00e9rateur de transport qui, entre autres services, g\u00e8re le service Cruise Bus. TCC g\u00e8re d\u2019autres services dans la r\u00e9gion de Barcelone comme, par exemple : le transport de PMR (personnes \u00e0 mobilit\u00e9 r\u00e9duite) de la [&hellip;]<\/p>\n","protected":false},"author":3,"featured_media":0,"parent":0,"menu_order":0,"comment_status":"closed","ping_status":"closed","template":"","meta":{"_et_pb_use_builder":"on","_et_pb_old_content":"<h2><span style=\"color: #ff6600;\">En mouvement depuis 1923<\/span><\/h2>\r\n[su_row][su_column size=\"1\/2\"]\r\n<h3><span style=\"color: #808080;\">TCC - Transports Ciutat Comtal est une entreprise du groupe Moventis, cr\u00e9\u00e9e en 1991. C\u2019est un op\u00e9rateur de transport qui, entre autres services, g\u00e8re le service Cruise Bus.<\/span><\/h3>\r\n<h3><span style=\"color: #808080;\">TCC g\u00e8re d'autres services dans la r\u00e9gion de Barcelone comme, par exemple : le transport de PMR (personnes \u00e0 mobilit\u00e9 r\u00e9duite) de la Mairie de Barcelone, le TibiBus, diff\u00e9rentes lignes urbaines de la ville de Barcelone, de Vilanova i la Geltr\u00fa, Sitges et Sant Sadurn\u00ed d'Anoia.<\/span><\/h3>\r\n[\/su_column]\r\n[su_column size=\"1\/2\"]<img class=\"alignnone wp-image-1111 size-full\" src=\"https:\/\/beta.cruisebus.barcelona\/wp-content\/uploads\/2021\/07\/quisom.jpg\" width=\"614\" height=\"343\" \/>[\/su_column]\r\n[\/su_row]\r\n<h3><span style=\"color: #808080;\"><strong>Le groupe auquel appartient TCC (Groupe Moventis) g\u00e8re \u00e9galement d'autres services comme le Barcelona City Tour, Catalunya Bus Tur\u00edstic, les tramways de Barcelone avec les lignes du Trambaix et le Trambes\u00f3s, ainsi que des services occasionnels sur-mesure, tels que ceux offerts par Calella Moventis, pour les administrations publiques, congr\u00e8s, \u00e9coles, navettes, entreprises, op\u00e9rateurs touristiques, etc.<\/strong><\/span><\/h3>\r\n<h3><span style=\"color: #808080;\"><strong>\u00a0<\/strong><\/span><\/h3>","_et_gb_content_width":"","_joinchat":[],"footnotes":""},"class_list":["post-1153","page","type-page","status-publish","hentry"],"_links":{"self":[{"href":"https:\/\/cruisebus.barcelona\/fr\/wp-json\/wp\/v2\/pages\/1153","targetHints":{"allow":["GET"]}}],"collection":[{"href":"https:\/\/cruisebus.barcelona\/fr\/wp-json\/wp\/v2\/pages"}],"about":[{"href":"https:\/\/cruisebus.barcelona\/fr\/wp-json\/wp\/v2\/types\/page"}],"author":[{"embeddable":true,"href":"https:\/\/cruisebus.barcelona\/fr\/wp-json\/wp\/v2\/users\/3"}],"replies":[{"embeddable":true,"href":"https:\/\/cruisebus.barcelona\/fr\/wp-json\/wp\/v2\/comments?post=1153"}],"version-history":[{"count":5,"href":"https:\/\/cruisebus.barcelona\/fr\/wp-json\/wp\/v2\/pages\/1153\/revisions"}],"predecessor-version":[{"id":1834,"href":"https:\/\/cruisebus.barcelona\/fr\/wp-json\/wp\/v2\/pages\/1153\/revisions\/1834"}],"wp:attachment":[{"href":"https:\/\/cruisebus.barcelona\/fr\/wp-json\/wp\/v2\/media?parent=1153"}],"curies":[{"name":"wp","href":"https:\/\/api.w.org\/{rel}","templated":true}]}}