{"id":1145,"date":"2016-11-10T10:22:20","date_gmt":"2016-11-10T10:22:20","guid":{"rendered":"http:\/\/www.cruisebus.barcelona\/fr\/el-servei\/"},"modified":"2025-04-08T07:03:54","modified_gmt":"2025-04-08T07:03:54","slug":"el-servei","status":"publish","type":"page","link":"https:\/\/cruisebus.barcelona\/fr\/el-servei\/","title":{"rendered":"Le service"},"content":{"rendered":"<p>[et_pb_section fb_built=\u00a0\u00bb1&Prime; fullwidth=\u00a0\u00bbon\u00a0\u00bb _builder_version=\u00a0\u00bb4.20.4&Prime; _module_preset=\u00a0\u00bbdefault\u00a0\u00bb global_colors_info=\u00a0\u00bb{}\u00a0\u00bb][et_pb_fullwidth_header title=\u00a0\u00bbLe service\u00a0\u00bb _builder_version=\u00a0\u00bb4.20.4&Prime; _module_preset=\u00a0\u00bbdefault\u00a0\u00bb global_colors_info=\u00a0\u00bb{}\u00a0\u00bb][\/et_pb_fullwidth_header][\/et_pb_section][et_pb_section fb_built=\u00a0\u00bb1&Prime; _builder_version=\u00a0\u00bb4.16&Prime; global_colors_info=\u00a0\u00bb{}\u00a0\u00bb][et_pb_row column_structure=\u00a0\u00bb1_2,1_2&Prime; _builder_version=\u00a0\u00bb4.16&Prime; background_size=\u00a0\u00bbinitial\u00a0\u00bb background_position=\u00a0\u00bbtop_left\u00a0\u00bb background_repeat=\u00a0\u00bbrepeat\u00a0\u00bb global_colors_info=\u00a0\u00bb{}\u00a0\u00bb][et_pb_column type=\u00a0\u00bb1_2&Prime; _builder_version=\u00a0\u00bb4.16&Prime; custom_padding=\u00a0\u00bb|||\u00a0\u00bb global_colors_info=\u00a0\u00bb{}\u00a0\u00bb custom_padding__hover=\u00a0\u00bb|||\u00a0\u00bb][et_pb_text admin_label=\u00a0\u00bbText\u00a0\u00bb _builder_version=\u00a0\u00bb4.24.0&Prime; background_size=\u00a0\u00bbinitial\u00a0\u00bb background_position=\u00a0\u00bbtop_left\u00a0\u00bb background_repeat=\u00a0\u00bbrepeat\u00a0\u00bb global_colors_info=\u00a0\u00bb{}\u00a0\u00bb]<\/p>\n<h2>De la croisi\u00e8re \u00e0 la Rambla en 5 minutes<\/h2>\n<p>Cruise Bus est le service de bus navette qui relie les terminaux de la croisi\u00e8re du Muelle Adosado et du Portal de la Pau. \u00c0 partir de ces points, les passagers peuvent se rendre dans le centre de Barcelone et visiter la ville.<\/p>\n<p>Pour 4 euros (aller et retour), c\u2019est la meilleure solution pour les passagers de la croisi\u00e8re en escale qui souhaitent se rendre dans la capitale catalane \u00e0 leur guise, comme pour les voyageurs qui commencent ou ach\u00e8vent leur croisi\u00e8re \u00e0 Barcelone.<\/p>\n<p>[\/et_pb_text][\/et_pb_column][et_pb_column type=\u00a0\u00bb1_2&Prime; _builder_version=\u00a0\u00bb4.16&Prime; custom_padding=\u00a0\u00bb|||\u00a0\u00bb global_colors_info=\u00a0\u00bb{}\u00a0\u00bb custom_padding__hover=\u00a0\u00bb|||\u00a0\u00bb][et_pb_image src=\u00a0\u00bbhttps:\/\/beta.cruisebus.barcelona\/wp-content\/uploads\/2016\/11\/CRUISE-BUS-_PORTADA_WEB-1.jpg\u00a0\u00bb title_text=\u00a0\u00bbcruise-bus-_portada_web\u00a0\u00bb force_fullwidth=\u00a0\u00bbon\u00a0\u00bb _builder_version=\u00a0\u00bb4.20.4&Prime; _module_preset=\u00a0\u00bbdefault\u00a0\u00bb global_colors_info=\u00a0\u00bb{}\u00a0\u00bb][\/et_pb_image][\/et_pb_column][\/et_pb_row][\/et_pb_section]<\/p>\n","protected":false},"excerpt":{"rendered":"<p>De la croisi\u00e8re \u00e0 la Rambla en 5 minutes Cruise Bus est le service de bus navette qui relie les terminaux de la croisi\u00e8re du Muelle Adosado et du Portal de la Pau. \u00c0 partir de ces points, les passagers peuvent se rendre dans le centre de Barcelone et visiter la ville. Pour 4 euros [&hellip;]<\/p>\n","protected":false},"author":3,"featured_media":0,"parent":0,"menu_order":0,"comment_status":"closed","ping_status":"closed","template":"","meta":{"_et_pb_use_builder":"on","_et_pb_old_content":"<h2><span style=\"color: #ff6600;\">De la croisi\u00e8re \u00e0 la Rambla en 5 minutes<\/span><\/h2>\r\n[su_row][su_column size=\"2\/3\"]\r\n<h3><span style=\"color: #808080;\">Cruise Bus est le service de bus navette qui relie les terminaux de la croisi\u00e8re du Muelle Adosado et du Portal de la Pau. \u00c0 partir de ces points, les passagers peuvent se rendre dans le centre de Barcelone et visiter la ville.<\/span><\/h3>\r\n<h3><span style=\"color: #808080;\">Pour 4 euros (aller et retour), c\u2019est la meilleure solution pour les passagers de la croisi\u00e8re en escale qui souhaitent se rendre dans la capitale catalane \u00e0 leur guise, comme pour les voyageurs qui commencent ou ach\u00e8vent leur croisi\u00e8re \u00e0 Barcelone.<\/span><\/h3>\r\n[\/su_column]\r\n[su_column size=\"1\/3\"][\/su_column][\/su_row]<img class=\"aligncenter wp-image-1110 \" src=\"http:\/\/www.cruisebus.barcelona\/wp-content\/uploads\/2016\/11\/CRUISE-BUS-_PORTADA_WEB-300x120.jpg\" alt=\"cruise-bus-_portada_web\" width=\"721\" height=\"288\" \/>\r\n\r\n\u00a0","_et_gb_content_width":"","_joinchat":[],"footnotes":""},"class_list":["post-1145","page","type-page","status-publish","hentry"],"_links":{"self":[{"href":"https:\/\/cruisebus.barcelona\/fr\/wp-json\/wp\/v2\/pages\/1145","targetHints":{"allow":["GET"]}}],"collection":[{"href":"https:\/\/cruisebus.barcelona\/fr\/wp-json\/wp\/v2\/pages"}],"about":[{"href":"https:\/\/cruisebus.barcelona\/fr\/wp-json\/wp\/v2\/types\/page"}],"author":[{"embeddable":true,"href":"https:\/\/cruisebus.barcelona\/fr\/wp-json\/wp\/v2\/users\/3"}],"replies":[{"embeddable":true,"href":"https:\/\/cruisebus.barcelona\/fr\/wp-json\/wp\/v2\/comments?post=1145"}],"version-history":[{"count":9,"href":"https:\/\/cruisebus.barcelona\/fr\/wp-json\/wp\/v2\/pages\/1145\/revisions"}],"predecessor-version":[{"id":2664,"href":"https:\/\/cruisebus.barcelona\/fr\/wp-json\/wp\/v2\/pages\/1145\/revisions\/2664"}],"wp:attachment":[{"href":"https:\/\/cruisebus.barcelona\/fr\/wp-json\/wp\/v2\/media?parent=1145"}],"curies":[{"name":"wp","href":"https:\/\/api.w.org\/{rel}","templated":true}]}}