{"id":904,"date":"2016-10-28T09:52:48","date_gmt":"2016-10-28T09:52:48","guid":{"rendered":"http:\/\/www.cruisebus.barcelona\/home\/"},"modified":"2025-08-01T05:26:32","modified_gmt":"2025-08-01T05:26:32","slug":"home","status":"publish","type":"page","link":"https:\/\/cruisebus.barcelona\/es\/","title":{"rendered":"Inici"},"content":{"rendered":"<p>[et_pb_section fb_built=\u00bb1&#8243; disabled_on=\u00bbon|on|on\u00bb admin_label=\u00bbAVIS\u00bb module_id=\u00bbavis\u00bb _builder_version=\u00bb4.20.4&#8243; _module_preset=\u00bbdefault\u00bb custom_margin=\u00bb0px||0px||false|false\u00bb custom_padding=\u00bb0px||0px||false|false\u00bb disabled=\u00bbon\u00bb global_colors_info=\u00bb{}\u00bb][et_pb_row _builder_version=\u00bb4.20.4&#8243; _module_preset=\u00bbdefault\u00bb custom_margin=\u00bb5px||5px||false|false\u00bb custom_padding=\u00bb5px||5px||false|false\u00bb global_colors_info=\u00bb{}\u00bb][et_pb_column type=\u00bb4_4&#8243; _builder_version=\u00bb4.20.4&#8243; _module_preset=\u00bbdefault\u00bb global_colors_info=\u00bb{}\u00bb][et_pb_text _builder_version=\u00bb4.20.4&#8243; _module_preset=\u00bbdefault\u00bb global_colors_info=\u00bb{}\u00bb]<\/p>\n<h3 style=\"text-align: center;\">Missatge d&#8217;Av\u00eds<\/h3>\n<p style=\"text-align: center;\">Lorem ipsum dolor sit amet, consectetur adipiscing elit. Suspendisse quis hendrerit ligula. In varius non diam ut tincidunt. Vivamus a eros suscipit, interdum quam nec, auctor magna. Sed in tincidunt tortor.<\/p>\n<p>[\/et_pb_text][et_pb_button button_text=\u00bbDescarga el horario\u00bb button_alignment=\u00bbcenter\u00bb _builder_version=\u00bb4.20.4&#8243; _module_preset=\u00bbdefault\u00bb global_colors_info=\u00bb{}\u00bb][\/et_pb_button][\/et_pb_column][\/et_pb_row][\/et_pb_section][et_pb_section fb_built=\u00bb1&#8243; module_id=\u00bbrow-home\u00bb _builder_version=\u00bb4.20.4&#8243; _module_preset=\u00bbdefault\u00bb background_color=\u00bbRGBA(255,255,255,0)\u00bb background_enable_image=\u00bboff\u00bb custom_margin=\u00bb0px||0px||false|false\u00bb custom_padding=\u00bb0px||0px||false|false\u00bb global_colors_info=\u00bb{}\u00bb][et_pb_row column_structure=\u00bb1_2,1_2&#8243; use_custom_gutter=\u00bbon\u00bb gutter_width=\u00bb1&#8243; _builder_version=\u00bb4.20.4&#8243; _module_preset=\u00bbdefault\u00bb background_color=\u00bbRGBA(255,255,255,0)\u00bb global_colors_info=\u00bb{}\u00bb][et_pb_column type=\u00bb1_2&#8243; _builder_version=\u00bb4.20.4&#8243; _module_preset=\u00bbdefault\u00bb global_colors_info=\u00bb{}\u00bb][et_pb_text module_class=\u00bbclaim\u00bb _builder_version=\u00bb4.27.4&#8243; _module_preset=\u00bbdefault\u00bb global_colors_info=\u00bb{}\u00bb]<\/p>\n<h3 style=\"text-align: center;\">Del crucero a La Rambla en 5 minutos<\/h3>\n<h4 style=\"text-align: center;\">El centro de Barcelona a tu aire<\/h4>\n<p>[\/et_pb_text][\/et_pb_column][et_pb_column type=\u00bb1_2&#8243; _builder_version=\u00bb4.20.4&#8243; _module_preset=\u00bbdefault\u00bb global_colors_info=\u00bb{}\u00bb][et_pb_text _builder_version=\u00bb4.20.4&#8243; _module_preset=\u00bbdefault\u00bb global_colors_info=\u00bb{}\u00bb]<link href=\"https:\/\/fonts.googleapis.com\/css?family=Ubuntu+Condensed\" rel=\"stylesheet\">\n<form name=\"form\" id=\"form\" action=\"\/ventabilletes\/conexionTPVV.php\" method=\"post\">\n    <input type=\"hidden\" name=\"Action\" id=\"Action\" action=\"formulari.php\" value=\"SendForm\" \/><br \/>\n    <input type=\"hidden\" name=\"arrTitulos\" id=\"arrTitulos\" value='a:2:{i:0;a:12:{s:8:\"idtitulo\";s:3:\"332\";s:9:\"codtitulo\";s:6:\"PBIDAW\";s:10:\"desctitulo\";s:20:\"CRUISE BUS - IDA WEB\";s:13:\"desctitulo_es\";s:20:\"CRUISE BUS - IDA WEB\";s:13:\"desctitulo_ca\";s:22:\"CRUISE BUS - ANADA WEB\";s:13:\"desctitulo_en\";s:24:\"CRUISE BUS - ONE WAY WEB\";s:13:\"desctitulo_fr\";s:22:\"CRUISE BUS - ALLER WEB\";s:13:\"desctitulo_de\";s:25:\"CRUISE BUS - HINFAHRT WEB\";s:13:\"desctitulo_ru\";s:43:\"CRUISE BUS - \u0412 \u043e\u0434\u043d\u0443 \u0441\u0442\u043e\u0440\u043e\u043d\u0443 WEB\";s:13:\"desctitulo_pt\";s:20:\"CRUISE BUS - IDA WEB\";s:13:\"desctitulo_it\";s:20:\"CRUISE BUS - IDA WEB\";s:7:\"importe\";s:1:\"3\";}i:1;a:12:{s:8:\"idtitulo\";s:3:\"335\";s:9:\"codtitulo\";s:5:\"DTWEB\";s:10:\"desctitulo\";s:14:\"DAY TICKET WEB\";s:13:\"desctitulo_es\";s:14:\"DAY TICKET WEB\";s:13:\"desctitulo_ca\";s:14:\"DAY TICKET WEB\";s:13:\"desctitulo_en\";s:14:\"DAY TICKET WEB\";s:13:\"desctitulo_fr\";s:14:\"DAY TICKET WEB\";s:13:\"desctitulo_de\";s:14:\"DAY TICKET WEB\";s:13:\"desctitulo_ru\";s:14:\"DAY TICKET WEB\";s:13:\"desctitulo_pt\";s:14:\"DAY TICKET WEB\";s:13:\"desctitulo_it\";s:14:\"DAY TICKET WEB\";s:7:\"importe\";s:4:\"4.50\";}}' \/><\/p>\n<div class=\"callout red corner\">\n<h3>Datos de la reserva <i class=\"fa fa-ticket\" aria-hidden=\"true\"><\/i><\/h3>\n<div class=\"grid-x grid-padding-x\">\n<div class=\"large-12 cell\">\n<div class=\"input-group\">\n                        <span class=\"input-group-label\">Fecha<\/span><input type=\"date\" name=\"fecha_reserva\" id=\"fecha_reserva\" value=\"\"   required title=\"Tiene que informar la fecha en la que se va a usar el billete\" min=\"2026-04-11\" class=\"input-group-field\" \/>\n                    <\/div>\n<p>                    <span class=\"help\">Tiene que informar la fecha en la que se va a usar el billete<\/span>\n                <\/div>\n<\/p><\/div>\n<div id=\"input_viajeros\" class=\"grid-x grid-padding-x\">\n<div class=\"large-12 cell\">\n<div class=\"input-group\">\n                    <span class=\"input-group-label\">CRUISE BUS &#8211; IDA WEB (3&euro;)<\/span><br \/>\n                    <select name=\"viajeros[0]\" id=\"viajeros[0]\" onchange=\"change_tipo();\"><option value=\"0\">N\u00famero de viajeros<\/option><option value=\"1\" >1<\/option><option value=\"2\" >2<\/option><option value=\"3\" >3<\/option><option value=\"4\" >4<\/option><option value=\"5\" >5<\/option><option value=\"6\" >6<\/option><option value=\"7\" >7<\/option><option value=\"8\" >8<\/option><option value=\"9\" >9<\/option><option value=\"10\" >10<\/option><\/select><br \/>\n                    <input type=\"hidden\" name=\"tipo[0]\" id=\"tipo[0]\" value=\"332|CRUISE BUS - IDA WEB|3\" \/>\n                <\/div>\n<p>                                <span class=\"help\">Los billetes de ida son v\u00e1lidos \u00fanicamente para la fecha indicada en el billete.<\/span><\/p><\/div>\n<div class=\"large-12 cell\">\n<div class=\"input-group\">\n                    <span class=\"input-group-label\">DAY TICKET WEB (4.50&euro;)<\/span><br \/>\n                    <select name=\"viajeros[1]\" id=\"viajeros[1]\" onchange=\"change_tipo();\"><option value=\"0\">N\u00famero de viajeros<\/option><option value=\"1\" >1<\/option><option value=\"2\" >2<\/option><option value=\"3\" >3<\/option><option value=\"4\" >4<\/option><option value=\"5\" >5<\/option><option value=\"6\" >6<\/option><option value=\"7\" >7<\/option><option value=\"8\" >8<\/option><option value=\"9\" >9<\/option><option value=\"10\" >10<\/option><\/select><br \/>\n                    <input type=\"hidden\" name=\"tipo[1]\" id=\"tipo[1]\" value=\"335|DAY TICKET WEB|4.50\" \/>\n                <\/div>\n<p>                <span class=\"help\">Los Day Ticket permiten m\u00faltiples viajes \u00fanicamente para la fecha indicada en el billete.<\/span>\n            <\/div>\n<\/p><\/div>\n<div class=\"grid-x grid-padding-x\">\n<div  id=\"importe_total_ws\" class=\"large-12 cell\">            <\/div>\n<\/p><\/div>\n<div class=\"grid-x grid-padding-x\">\n<div class=\"large-8 cell\">\n<div class=\"input-group\">\n                        <span class=\"input-group-label\">Email<\/span><input type=\"email\" placeholder=\"Email\" name=\"email_reserva\" id=\"email_reserva\" value=\"\"\/>\n                    <\/div>\n<div class=\"large-12 cell\">\n                        <input name=\"acepto\" id=\"acepto\" type=\"checkbox\"  style=\"float:left; margin-top: 6px;\"><label for=\"checkbox1\" style=\"float:left;;margin-left:5px;\">Estoy de acuerdo con la <a onclick=\"$('#privacitat').slideToggle(100)\" style=\"cursor:pointer;\">pol\u00edtica de privacidad<\/a><\/label>\n                    <\/div>\n<\/p><\/div>\n<div class=\"large-12 cell\">\n<div class=\"callout\">Los billetes ser\u00e1n enviados por email en formato PDF para imprimir y presentar f\u00edsicamente.<\/div>\n<\/div>\n<div class=\"large-12 cell\">\n<div class=\"grid-x grid-padding-x\">\n                        <!-- S\u00f3lo Tarjeta  --><\/p>\n<div class=\"large-6 cell\">\n                            <label>Pago por <strong> Tarjeta<\/strong> <i class=\"fa fa-credit-card\" aria-hidden=\"true\"><\/i><\/label>\n                                                    <\/div>\n<p>                        <input type=\"hidden\" id=\"payment_method_tarjeta\" name=\"payment_method\" value=\"tarjeta\"><\/p>\n<div class=\"large-6 cell\">\n                            <input type=\"submit\" class=\"button\" style=\"float:right;\" value=\"Pagar\" \/>\n                        <\/div>\n<p>                        <!-- S\u00f3lo Tarjeta  -->\n                    <\/div>\n<\/p><\/div>\n<\/p><\/div>\n<\/p><\/div>\n<p>    <input type=\"hidden\" name=\"IdEmpleado\" value=\"30000\"\/><br \/>\n<\/form>\n<div id=\"privacitat\" style=\"display:none;\">\n<p style=\"text-align:right;position:absolute; right:1.25rem; font-size: 2rem;\"><a style=\"cursor:pointer; text-decoration: none;\" onclick=\"$('#privacitat').slideToggle(100)\" title=\"CERRAR\">&times;<\/a><\/p>\n<h4>pol\u00edtica de privacidad<\/h4>\n<p style=\"text-align: justify;\">En relaci\u00f3n al cumplimiento de la Ley de Protecci\u00f3n de Datos, le informamos que los datos personales facilitados por Ud. en cualquiera de los formularios incluidos en este sitio web son incluidos en unos ficheros inform\u00e1ticos propiedad y responsabilidad de TRANSPORTS CIUTAT COMTAL S.A., sociedad de nacionalidadespa\u00f1ola con CIF A59736686 y domicilio social en RAMBLA CATALUNYA, 123, 2\u00ba, 08008 Barcelona (Espa\u00f1a) y ser\u00e1n tratados por m\u00e9todos auto- matizados con la \u00fanica finalidad de hacer posible la gesti\u00f3n admi- nistrativa de nuestras relaciones comerciales, y\/o de permitir la realizaci\u00f3n de los servicios explicados en este sitioweb. Puede Ud. ejercer los derechos de acceso, rectificaci\u00f3n, cancelaci\u00f3n y oposici\u00f3n que le otorga la vigente Ley 15\/1999 de Protecci\u00f3n de Datos, simplemente notific\u00e1ndolo por correo, fax o email, o directamente en este sitio web. <\/p>\n<p style=\"text-align: justify;\">La finalidad fundamental de este sitio Web es permitir la reserva online de billetes de CRUISE BUS para lo cual guardamos el correo electr\u00f3nico con la \u00fanica finalidad de permitir este contacto, entendiendo que este correo ha sido destinado para poder llevar a cabo una comunicaci\u00f3n de la contrataci\u00f3n de los servicios que se proporcionan a trav\u00e9s de la Web. <\/p>\n<p style=\"text-align: justify;\">Nos comprometemos a cumplir con todas las especificaciones y requerimientos de la Ley Org\u00e1nica 15\/1999 de Protecci\u00f3n de Datos de Car\u00e1cter Personal: por supuesto, en cualquier momento puede Ud. ejercer su derecho de acceso, rectificaci\u00f3n, cancelaci\u00f3n y oposici\u00f3n que le otorga la vigente Ley 15\/1999 de Protecci\u00f3n de Datos, simplemente notific\u00e1ndolo por correo, fax o email, o directamente en este sitio web. <\/p>\n<\/p><\/div>\n<p>[\/et_pb_text][\/et_pb_column][\/et_pb_row][et_pb_row disabled_on=\u00bbon|on|on\u00bb admin_label=\u00bbANUNCIO\u00bb module_id=\u00bbpromo\u00bb _builder_version=\u00bb4.21.0&#8243; _module_preset=\u00bbdefault\u00bb background_color=\u00bbRGBA(255,255,255,0)\u00bb custom_margin=\u00bb0px||||false|false\u00bb custom_padding=\u00bb0px||||false|false\u00bb global_colors_info=\u00bb{}\u00bb disabled=\u00bbon\u00bb][et_pb_column type=\u00bb4_4&#8243; _builder_version=\u00bb4.20.4&#8243; _module_preset=\u00bbdefault\u00bb global_colors_info=\u00bb{}\u00bb][et_pb_image src=\u00bbhttps:\/\/cruisebus.barcelona\/wp-content\/uploads\/2025\/06\/TOMBCN-Cruise-Ad-June-Desktop.png\u00bb title_text=\u00bbTOMBCN-Cruise-Ad-June-Desktop\u00bb url=\u00bbhttps:\/\/www.google.com\/maps\/place\/Time+Out+Market+Barcelona\/@41.3752689,2.1830457,854m\/data=!3m2!1e3!5s0x12a4a25366a6e099:0xd9f4d09c6cd50b1c!4m6!3m5!1s0x12a4a3b8151c7619:0xe1efb1b1f6735f35!8m2!3d41.3752689!4d2.1830457!16s%2Fg%2F11y5762b6t!5m1!1e1?entry=ttu&#038;g_ep=EgoyMDI1MDYyMy4yIKXMDSoASAFQAw%3D%3D\u00bb url_new_window=\u00bbon\u00bb force_fullwidth=\u00bbon\u00bb disabled_on=\u00bboff|off|off\u00bb _builder_version=\u00bb4.27.4&#8243; _module_preset=\u00bbdefault\u00bb global_colors_info=\u00bb{}\u00bb][\/et_pb_image][\/et_pb_column][\/et_pb_row][et_pb_row disabled_on=\u00bbon|on|on\u00bb admin_label=\u00bbANUNCIO\u00bb module_id=\u00bbpromo\u00bb _builder_version=\u00bb4.21.0&#8243; _module_preset=\u00bbdefault\u00bb background_color=\u00bbRGBA(255,255,255,0)\u00bb custom_margin=\u00bb0px||||false|false\u00bb custom_padding=\u00bb0px||||false|false\u00bb global_colors_info=\u00bb{}\u00bb disabled=\u00bbon\u00bb][et_pb_column type=\u00bb4_4&#8243; _builder_version=\u00bb4.20.4&#8243; _module_preset=\u00bbdefault\u00bb global_colors_info=\u00bb{}\u00bb][et_pb_image src=\u00bbhttps:\/\/cruisebus.barcelona\/wp-content\/uploads\/2025\/06\/TOMBCN-Cruise-Ad-June-Mobile.png\u00bb title_text=\u00bbTOMBCN-Cruise-Ad-June-Mobile\u00bb url=\u00bbhttps:\/\/www.google.com\/maps\/place\/Time+Out+Market+Barcelona\/@41.3752689,2.1830457,854m\/data=!3m2!1e3!5s0x12a4a25366a6e099:0xd9f4d09c6cd50b1c!4m6!3m5!1s0x12a4a3b8151c7619:0xe1efb1b1f6735f35!8m2!3d41.3752689!4d2.1830457!16s%2Fg%2F11y5762b6t!5m1!1e1?entry=ttu&#038;g_ep=EgoyMDI1MDYyMy4yIKXMDSoASAFQAw%3D%3D\u00bb url_new_window=\u00bbon\u00bb force_fullwidth=\u00bbon\u00bb disabled_on=\u00bboff|off|off\u00bb _builder_version=\u00bb4.27.4&#8243; _module_preset=\u00bbdefault\u00bb global_colors_info=\u00bb{}\u00bb][\/et_pb_image][\/et_pb_column][\/et_pb_row][\/et_pb_section]<\/p>\n","protected":false},"excerpt":{"rendered":"<p>Missatge d&#8217;Av\u00eds Lorem ipsum dolor sit amet, consectetur adipiscing elit. Suspendisse quis hendrerit ligula. In varius non diam ut tincidunt. Vivamus a eros suscipit, interdum quam nec, auctor magna. Sed in tincidunt tortor.Del crucero a La Rambla en 5 minutos El centro de Barcelona a tu aire<\/p>\n","protected":false},"author":3,"featured_media":0,"parent":0,"menu_order":0,"comment_status":"closed","ping_status":"closed","template":"","meta":{"_et_pb_use_builder":"on","_et_pb_old_content":"<div class=\"row\">\r\n<div class=\"large-12 columns\">\r\n<h2 style=\"color: #000; margin: 0;\">Del crucero a la Rambla en 5 minutos<\/h2>\r\n<h3 style=\"color: #000; font-size: 1.6375rem!important;\">El centro de Barcelona a tu aire<\/h3>\r\n<\/div>\r\n<\/div>\r\n<?php include(\"\/var\/www\/vhosts\/cruisebus.barcelona\/httpdocs\/ventabilletes\/formulari.php\"); ?>","_et_gb_content_width":"","_joinchat":[],"footnotes":""},"class_list":["post-904","page","type-page","status-publish","hentry"],"_links":{"self":[{"href":"https:\/\/cruisebus.barcelona\/es\/wp-json\/wp\/v2\/pages\/904","targetHints":{"allow":["GET"]}}],"collection":[{"href":"https:\/\/cruisebus.barcelona\/es\/wp-json\/wp\/v2\/pages"}],"about":[{"href":"https:\/\/cruisebus.barcelona\/es\/wp-json\/wp\/v2\/types\/page"}],"author":[{"embeddable":true,"href":"https:\/\/cruisebus.barcelona\/es\/wp-json\/wp\/v2\/users\/3"}],"replies":[{"embeddable":true,"href":"https:\/\/cruisebus.barcelona\/es\/wp-json\/wp\/v2\/comments?post=904"}],"version-history":[{"count":35,"href":"https:\/\/cruisebus.barcelona\/es\/wp-json\/wp\/v2\/pages\/904\/revisions"}],"predecessor-version":[{"id":2768,"href":"https:\/\/cruisebus.barcelona\/es\/wp-json\/wp\/v2\/pages\/904\/revisions\/2768"}],"wp:attachment":[{"href":"https:\/\/cruisebus.barcelona\/es\/wp-json\/wp\/v2\/media?parent=904"}],"curies":[{"name":"wp","href":"https:\/\/api.w.org\/{rel}","templated":true}]}}