{"id":1285,"date":"2020-10-26T13:30:15","date_gmt":"2020-10-26T13:30:15","guid":{"rendered":"https:\/\/www.cruisebus.barcelona\/?page_id=1285"},"modified":"2020-11-01T09:21:02","modified_gmt":"2020-11-01T09:21:02","slug":"politica-de-cookies","status":"publish","type":"page","link":"https:\/\/cruisebus.barcelona\/es\/politica-de-cookies\/","title":{"rendered":"Pol\u00edtica de Cookies"},"content":{"rendered":"<p><strong>1. \u00bfQu\u00e9 son las cookies?<\/strong><\/p>\n<p>Las cookies son ficheros que almacenan y recuperan informaci\u00f3n sobre los h\u00e1bitos de navegaci\u00f3n del usuario. La informaci\u00f3n que se obtiene est\u00e1 relacionada, por ejemplo, con el n\u00famero de p\u00e1ginas que se visitan, el idioma, el lugar desde el que se accede, el n\u00famero de nuevos usuarios, la frecuencia y reincidencia de las visitas, el tiempo que dura la misma, el navegador o el equipo desde el que se realiza la visita o se ejecuta la aplicaci\u00f3n.<\/p>\n<p><strong>2. \u00bfQu\u00e9 tipos de cookies utiliza el sitio web?<\/strong><\/p>\n<p>La tipolog\u00eda de cookies que se utilizan con la navegaci\u00f3n a trav\u00e9s del sitio web son las que se detallan a continuaci\u00f3n:<\/p>\n<p><em>Seg\u00fan la entidad que las gestiona:<\/em><\/p>\n<ul>\n<li>Cookies propias: se env\u00edan al equipo terminal del usuario desde un equipo o dominio gestionado por el propio editor y desde el que se presta el servicio solicitado por el Usuario.<\/li>\n<li>Cookies de terceros: se env\u00edan al equipo terminal del usuario desde un equipo o dominio que no es gestionado por el editor, sino por otra entidad que trata los datos obtenidos a trav\u00e9s de las cookies.<\/li>\n<\/ul>\n<p><em>Seg\u00fan el plazo de tiempo que permanecen activas:<\/em><\/p>\n<ul>\n<li>Cookies de sesi\u00f3n: recaban y almacenan datos mientras el usuario accede al sitio web.<\/li>\n<li>Cookies persistentes: recopilan datos almacenados en el terminal y son accedidos y tratados durante el periodo definido.<\/li>\n<\/ul>\n<p><em>Seg\u00fan su finalidad:<\/em><\/p>\n<ul>\n<li>Cookies t\u00e9cnicas: permiten la navegaci\u00f3n a trav\u00e9s del sitio web y la utilizaci\u00f3n de diferentes servicios que existan en la misma como podr\u00eda ser controlar el tr\u00e1fico y comunicaci\u00f3n de datos, realizar el proceso de compra de un pedido o utilizar elementos de seguridad durante la navegaci\u00f3n.<\/li>\n<li>Cookies de personalizaci\u00f3n: permiten al usuario acceder al servicio en funci\u00f3n de caracter\u00edsticas predefinidas.<\/li>\n<li>Cookies de an\u00e1lisis: permiten el seguimiento y an\u00e1lisis del comportamiento de los usuarios (por ejemplo, para la medici\u00f3n de la actividad de la aplicaci\u00f3n, la elaboraci\u00f3n de perfiles de usuarios, etc., con el fin de introducir mejoras en el servicio en funci\u00f3n de los datos de uso que hacen los usuarios).<\/li>\n<li>Cookies publicitarias: permiten la gesti\u00f3n de forma eficaz de los espacios publicitarios incluidos en el sitio web, en base a criterios como el contenido editado o la frecuencia en la que se muestran los anuncios.<\/li>\n<li>Cookies de publicidad comportamental: permiten la gesti\u00f3n, de la forma m\u00e1s eficaz posible, de los espacios publicitarios incluidos en el sitio web. Estas cookies almacenan informaci\u00f3n del comportamiento de los usuarios obtenida a trav\u00e9s de la observaci\u00f3n continuada de sus h\u00e1bitos de navegaci\u00f3n, lo que permite desarrollar un perfil espec\u00edfico para mostrar publicidad en funci\u00f3n del mismo.<\/li>\n<\/ul>\n<p>A continuaci\u00f3n, adjuntamos lista de todas las cookies especificas que utiliza el sitio web:<\/p>\n<table style=\"font-weight: 400;\" cellspacing=\"0\" cellpadding=\"7px\" data-tablestyle=\"MsoNormalTable\" data-tablelook=\"0\">\n<tbody>\n<tr>\n<td style=\"border: 1px solid #666666;\" data-celllook=\"69905\"><b><span data-contrast=\"auto\">Cookies<\/span><\/b><span data-ccp-props=\"{&quot;335551550&quot;:2,&quot;335551620&quot;:2}\">\u00a0<\/span><\/td>\n<td style=\"border: 1px solid #666666;\" data-celllook=\"65809\"><b><span data-contrast=\"auto\">Funci\u00f3n<\/span><\/b><span data-ccp-props=\"{&quot;335551550&quot;:2,&quot;335551620&quot;:2}\">\u00a0<\/span><\/td>\n<td style=\"border: 1px solid #666666;\" data-celllook=\"65809\"><b><span data-contrast=\"auto\">Caducidad<\/span><\/b><span data-ccp-props=\"{&quot;335551550&quot;:2,&quot;335551620&quot;:2}\">\u00a0<\/span><\/td>\n<td style=\"border: 1px solid #666666;\" data-celllook=\"65809\"><b><span data-contrast=\"auto\">Origen<\/span><\/b><span data-ccp-props=\"{&quot;335551550&quot;:2,&quot;335551620&quot;:2}\">\u00a0<\/span><\/td>\n<\/tr>\n<tr>\n<td style=\"border: 1px solid #666666;\" data-celllook=\"69904\"><b><span data-contrast=\"none\">Google\u00a0<\/span><\/b><b><span data-contrast=\"none\">Analytics<\/span><\/b><span data-ccp-props=\"{&quot;335551550&quot;:2,&quot;335551620&quot;:2}\">\u00a0<\/span><\/td>\n<td style=\"border: 1px solid #666666;\" data-celllook=\"65808\"><b><span data-contrast=\"none\">Anal\u00edticas:<\/span><\/b><span data-contrast=\"none\">\u00a0Enviamos el comportamiento del usuario dentro de<\/span><span data-contrast=\"none\">l sitio web<\/span><span data-contrast=\"none\">, ya sea haciendo \u201c<\/span><span data-contrast=\"none\">tracks<\/span><span data-contrast=\"none\">\u201d de la navegaci\u00f3n de las pantallas que ve el\u00a0<\/span><span data-contrast=\"none\">usuario<\/span><span data-contrast=\"none\">\u00a0as\u00ed como eventos que realiza. Esto nos permite hacer seguimiento y an\u00e1lisis de su comportamiento de navegaci\u00f3n<\/span><span data-contrast=\"none\">.<\/span><span data-ccp-props=\"{&quot;335551550&quot;:2,&quot;335551620&quot;:2}\">\u00a0<\/span><\/td>\n<td style=\"border: 1px solid #666666;\" data-celllook=\"65808\"><span data-contrast=\"none\">[<\/span><span data-contrast=\"none\">\u2026<\/span><span data-contrast=\"none\">]<\/span><span data-ccp-props=\"{&quot;335551550&quot;:2,&quot;335551620&quot;:2}\">\u00a0<\/span><\/td>\n<td style=\"border: 1px solid #666666;\" data-celllook=\"65808\"><span data-contrast=\"none\">De terceros<\/span><span data-ccp-props=\"{&quot;335551550&quot;:2,&quot;335551620&quot;:2}\">\u00a0<\/span><\/td>\n<\/tr>\n<\/tbody>\n<\/table>\n<p>&nbsp;<\/p>\n<p><b><span data-contrast=\"auto\">3. \u00bfC\u00f3mo administrar las <\/span><\/b><b><i><span data-contrast=\"auto\">cookies<\/span><\/i><\/b><b><span data-contrast=\"auto\">?<\/span><\/b><span data-ccp-props=\"{&quot;335551550&quot;:6,&quot;335551620&quot;:6}\">\u00a0<\/span><\/p>\n<p><span data-contrast=\"auto\">E<\/span><span data-contrast=\"auto\">l usuario tiene la opci\u00f3n de permitir, bloquear o eliminar las cookies instaladas en su\u00a0<\/span><span data-contrast=\"auto\">dispositivo<\/span><span data-contrast=\"auto\">\u00a0en la\u00a0<\/span><span data-contrast=\"auto\">ventana de configuraci\u00f3n de las cookies<\/span><span data-contrast=\"auto\">.<\/span><span data-ccp-props=\"{&quot;335551550&quot;:6,&quot;335551620&quot;:6}\">\u00a0<\/span><\/p>\n<p><span data-contrast=\"auto\">Por otra parte, l<\/span><span data-contrast=\"auto\">a\u00a0<\/span><span data-contrast=\"auto\">deshabilitaci\u00f3n<\/span><span data-contrast=\"auto\">\u00a0de las\u00a0<\/span><span data-contrast=\"auto\">cookies<\/span><span data-contrast=\"auto\">\u00a0podr\u00eda modificar el funcionamiento de<\/span><span data-contrast=\"auto\">l sitio web<\/span><span data-contrast=\"auto\">. Por favor, consulte las instrucciones y manuales de su\u00a0<\/span><span data-contrast=\"auto\">dispositivo<\/span><span data-contrast=\"auto\">\u00a0para ampliar esta informaci\u00f3n.<\/span><span data-ccp-props=\"{&quot;335551550&quot;:6,&quot;335551620&quot;:6}\">\u00a0<\/span><\/p>\n<p><span data-contrast=\"auto\">En caso de bloquear el uso de\u00a0<\/span><i><span data-contrast=\"auto\">cookies<\/span><\/i><span data-contrast=\"auto\">\u00a0en su\u00a0<\/span><span data-contrast=\"auto\">dispositivo<\/span><span data-contrast=\"auto\">\u00a0es posible que algunos<\/span><span data-contrast=\"auto\">\u00a0servicios o funcionalidades del sitio web\u00a0<\/span><span data-contrast=\"auto\">no est\u00e9n disponibles.<\/span><span data-ccp-props=\"{&quot;335551550&quot;:6,&quot;335551620&quot;:6}\">\u00a0<\/span><\/p>\n<p><span data-contrast=\"auto\">Si\u202faceptas las cookies\u202fde nuestro sitio web y\u202fm\u00e1s tarde deseas eliminar las cookies\u202fque hemos configurado en el dispositivo<\/span><span data-contrast=\"auto\">, consulte el men\u00fa de ayuda de s<\/span><span data-contrast=\"auto\">u navegador para obtener las instrucciones con los pasos a seguir.<\/span><span data-ccp-props=\"{&quot;335551550&quot;:6,&quot;335551620&quot;:6}\">\u00a0<\/span><\/p>\n<p><span data-ccp-props=\"{&quot;335551550&quot;:6,&quot;335551620&quot;:6}\">\u00a0<\/span><\/p>\n<p><b><span data-contrast=\"auto\">4. Actualizaci\u00f3n de la pol\u00edtica de <\/span><\/b><b><i><span data-contrast=\"auto\">cookies<\/span><\/i><\/b><span data-ccp-props=\"{&quot;335551550&quot;:6,&quot;335551620&quot;:6}\">\u00a0<\/span><\/p>\n<p><span data-contrast=\"auto\">En el caso de que las caracter\u00edsticas o fines de uso de las cookies de<\/span><span data-contrast=\"auto\">l<\/span><span data-contrast=\"auto\">\u00a0<\/span><span data-contrast=\"auto\">sitio web<\/span><span data-contrast=\"auto\">\u00a0<\/span><span data-contrast=\"auto\">sean modificadas, se le informar\u00e1\u00a0<\/span><span data-contrast=\"auto\">acerca\u00a0<\/span><span data-contrast=\"auto\">de esos cambios con el\u00a0<\/span><span data-contrast=\"auto\">fin de recabar nuevamente su consentimiento<\/span><span data-contrast=\"auto\">.\u00a0<\/span><\/p>\n<p>&nbsp;<\/p>\n<p>&nbsp;<\/p>\n","protected":false},"excerpt":{"rendered":"<p>1. \u00bfQu\u00e9 son las cookies? Las cookies son ficheros que almacenan y recuperan informaci\u00f3n sobre los h\u00e1bitos de navegaci\u00f3n del usuario. La informaci\u00f3n que se obtiene est\u00e1 relacionada, por ejemplo, con el n\u00famero de p\u00e1ginas que se visitan, el idioma, el lugar desde el que se accede, el n\u00famero de nuevos usuarios, la frecuencia y [&hellip;]<\/p>\n","protected":false},"author":3,"featured_media":0,"parent":0,"menu_order":0,"comment_status":"closed","ping_status":"closed","template":"page-templates\/template-page-basic.php","meta":{"_et_pb_use_builder":"","_et_pb_old_content":"","_et_gb_content_width":"","_joinchat":[],"footnotes":""},"class_list":["post-1285","page","type-page","status-publish","hentry"],"_links":{"self":[{"href":"https:\/\/cruisebus.barcelona\/es\/wp-json\/wp\/v2\/pages\/1285","targetHints":{"allow":["GET"]}}],"collection":[{"href":"https:\/\/cruisebus.barcelona\/es\/wp-json\/wp\/v2\/pages"}],"about":[{"href":"https:\/\/cruisebus.barcelona\/es\/wp-json\/wp\/v2\/types\/page"}],"author":[{"embeddable":true,"href":"https:\/\/cruisebus.barcelona\/es\/wp-json\/wp\/v2\/users\/3"}],"replies":[{"embeddable":true,"href":"https:\/\/cruisebus.barcelona\/es\/wp-json\/wp\/v2\/comments?post=1285"}],"version-history":[{"count":8,"href":"https:\/\/cruisebus.barcelona\/es\/wp-json\/wp\/v2\/pages\/1285\/revisions"}],"predecessor-version":[{"id":1323,"href":"https:\/\/cruisebus.barcelona\/es\/wp-json\/wp\/v2\/pages\/1285\/revisions\/1323"}],"wp:attachment":[{"href":"https:\/\/cruisebus.barcelona\/es\/wp-json\/wp\/v2\/media?parent=1285"}],"curies":[{"name":"wp","href":"https:\/\/api.w.org\/{rel}","templated":true}]}}