{"id":1172,"date":"2016-11-10T10:24:16","date_gmt":"2016-11-10T10:24:16","guid":{"rendered":"http:\/\/www.cruisebus.barcelona\/es\/visita-barcelona\/"},"modified":"2023-06-01T06:59:40","modified_gmt":"2023-06-01T06:59:40","slug":"visita-barcelona","status":"publish","type":"page","link":"https:\/\/cruisebus.barcelona\/es\/visita-barcelona\/","title":{"rendered":"Visita Barcelona"},"content":{"rendered":"<p>[et_pb_section fb_built=\u00bb1&#8243; fullwidth=\u00bbon\u00bb _builder_version=\u00bb4.20.4&#8243; _module_preset=\u00bbdefault\u00bb global_colors_info=\u00bb{}\u00bb][et_pb_fullwidth_header title=\u00bbVisita Barcelona\u00bb _builder_version=\u00bb4.20.4&#8243; _module_preset=\u00bbdefault\u00bb global_colors_info=\u00bb{}\u00bb][\/et_pb_fullwidth_header][\/et_pb_section][et_pb_section fb_built=\u00bb1&#8243; _builder_version=\u00bb4.16&#8243; saved_tabs=\u00bball\u00bb global_colors_info=\u00bb{}\u00bb][et_pb_row column_structure=\u00bb3_5,2_5&#8243; _builder_version=\u00bb4.16&#8243; background_size=\u00bbinitial\u00bb background_position=\u00bbtop_left\u00bb background_repeat=\u00bbrepeat\u00bb global_colors_info=\u00bb{}\u00bb][et_pb_column type=\u00bb3_5&#8243; _builder_version=\u00bb4.16&#8243; custom_padding=\u00bb|||\u00bb global_colors_info=\u00bb{}\u00bb custom_padding__hover=\u00bb|||\u00bb][et_pb_text _builder_version=\u00bb4.20.4&#8243; background_size=\u00bbinitial\u00bb background_position=\u00bbtop_left\u00bb background_repeat=\u00bbrepeat\u00bb global_colors_info=\u00bb{}\u00bb]<\/p>\n<h2>Toda la ciudad a tus pies<\/h2>\n<p>Barcelona es una de las ciudades m\u00e1s visitadas del mundo gracias al extenso abanico de oferta comercial, cultural y de ocio que ofrece.<\/p>\n<p>Aprovecha la parada de tu crucero visitando Barcelona a tu aire, con libertad, sin hacer colas y con la posibilidad de quedarte todo el tiempo que te apetezca en el rinc\u00f3n de la ciudad que m\u00e1s te impresione.<\/p>\n<p>[\/et_pb_text][\/et_pb_column][et_pb_column type=\u00bb2_5&#8243; _builder_version=\u00bb4.16&#8243; custom_padding=\u00bb|||\u00bb global_colors_info=\u00bb{}\u00bb custom_padding__hover=\u00bb|||\u00bb][et_pb_image src=\u00bbhttps:\/\/cruisebus.barcelona\/wp-content\/uploads\/2023\/06\/Barcelona-colon.jpg\u00bb title_text=\u00bbBarcelona-colon\u00bb _builder_version=\u00bb4.21.0&#8243; _module_preset=\u00bbdefault\u00bb global_colors_info=\u00bb{}\u00bb hover_enabled=\u00bb0&#8243; sticky_enabled=\u00bb0&#8243;][\/et_pb_image][\/et_pb_column][\/et_pb_row][et_pb_row _builder_version=\u00bb4.20.4&#8243; _module_preset=\u00bbdefault\u00bb global_colors_info=\u00bb{}\u00bb][et_pb_column type=\u00bb4_4&#8243; _builder_version=\u00bb4.20.4&#8243; _module_preset=\u00bbdefault\u00bb global_colors_info=\u00bb{}\u00bb][et_pb_text _builder_version=\u00bb4.20.4&#8243; background_size=\u00bbinitial\u00bb background_position=\u00bbtop_left\u00bb background_repeat=\u00bbrepeat\u00bb global_colors_info=\u00bb{}\u00bb]<\/p>\n<p>Aqu\u00ed tienes una recopilaci\u00f3n de los enlaces m\u00e1s \u00fatiles para programar tu visita como m\u00e1s te guste:<\/p>\n<p>[\/et_pb_text][\/et_pb_column][\/et_pb_row][et_pb_row column_structure=\u00bb1_5,1_5,1_5,1_5,1_5&#8243; use_custom_gutter=\u00bbon\u00bb gutter_width=\u00bb1&#8243; _builder_version=\u00bb4.20.4&#8243; _module_preset=\u00bbdefault\u00bb global_colors_info=\u00bb{}\u00bb][et_pb_column type=\u00bb1_5&#8243; _builder_version=\u00bb4.20.4&#8243; _module_preset=\u00bbdefault\u00bb global_colors_info=\u00bb{}\u00bb][et_pb_image src=\u00bbhttps:\/\/cruisebus.barcelona\/wp-content\/uploads\/2023\/04\/port-barcelona.jpg\u00bb title_text=\u00bbport-barcelona\u00bb url=\u00bbhttps:\/\/www.portdebarcelona.cat\/home_apb\u00bb url_new_window=\u00bbon\u00bb force_fullwidth=\u00bbon\u00bb _builder_version=\u00bb4.21.0&#8243; _module_preset=\u00bbdefault\u00bb global_colors_info=\u00bb{}\u00bb hover_enabled=\u00bb0&#8243; sticky_enabled=\u00bb0&#8243;][\/et_pb_image][\/et_pb_column][et_pb_column type=\u00bb1_5&#8243; _builder_version=\u00bb4.20.4&#8243; _module_preset=\u00bbdefault\u00bb global_colors_info=\u00bb{}\u00bb][et_pb_image src=\u00bbhttps:\/\/cruisebus.barcelona\/wp-content\/uploads\/2023\/04\/bcn-turisme.jpg\u00bb title_text=\u00bbbcn-turisme\u00bb url=\u00bbhttps:\/\/www.barcelonaturisme.com\/wv3\/ca\/\u00bb url_new_window=\u00bbon\u00bb force_fullwidth=\u00bbon\u00bb _builder_version=\u00bb4.21.0&#8243; _module_preset=\u00bbdefault\u00bb global_colors_info=\u00bb{}\u00bb hover_enabled=\u00bb0&#8243; sticky_enabled=\u00bb0&#8243;][\/et_pb_image][\/et_pb_column][et_pb_column type=\u00bb1_5&#8243; _builder_version=\u00bb4.20.4&#8243; _module_preset=\u00bbdefault\u00bb global_colors_info=\u00bb{}\u00bb][et_pb_image src=\u00bbhttps:\/\/cruisebus.barcelona\/wp-content\/uploads\/2023\/04\/tibidabo.jpg\u00bb title_text=\u00bbtibidabo\u00bb url=\u00bbhttps:\/\/www.tibidabo.cat\/\u00bb url_new_window=\u00bbon\u00bb force_fullwidth=\u00bbon\u00bb _builder_version=\u00bb4.21.0&#8243; _module_preset=\u00bbdefault\u00bb global_colors_info=\u00bb{}\u00bb hover_enabled=\u00bb0&#8243; sticky_enabled=\u00bb0&#8243;][\/et_pb_image][\/et_pb_column][et_pb_column type=\u00bb1_5&#8243; _builder_version=\u00bb4.20.4&#8243; _module_preset=\u00bbdefault\u00bb global_colors_info=\u00bb{}\u00bb][et_pb_image src=\u00bbhttps:\/\/cruisebus.barcelona\/wp-content\/uploads\/2023\/04\/bus-turistic.jpg\u00bb title_text=\u00bbbus-turistic\u00bb url=\u00bbhttps:\/\/www.catalunyabusturistic.com\/es\u00bb url_new_window=\u00bbon\u00bb force_fullwidth=\u00bbon\u00bb _builder_version=\u00bb4.21.0&#8243; _module_preset=\u00bbdefault\u00bb global_colors_info=\u00bb{}\u00bb hover_enabled=\u00bb0&#8243; sticky_enabled=\u00bb0&#8243;][\/et_pb_image][\/et_pb_column][et_pb_column type=\u00bb1_5&#8243; _builder_version=\u00bb4.20.4&#8243; _module_preset=\u00bbdefault\u00bb global_colors_info=\u00bb{}\u00bb][et_pb_image src=\u00bbhttps:\/\/cruisebus.barcelona\/wp-content\/uploads\/2023\/04\/city-tour-barcelona.jpg\u00bb title_text=\u00bbcity-tour-barcelona\u00bb url=\u00bbhttps:\/\/barcelona.city-tour.com\/es\/\u00bb url_new_window=\u00bbon\u00bb force_fullwidth=\u00bbon\u00bb _builder_version=\u00bb4.21.0&#8243; _module_preset=\u00bbdefault\u00bb global_colors_info=\u00bb{}\u00bb hover_enabled=\u00bb0&#8243; sticky_enabled=\u00bb0&#8243;][\/et_pb_image][\/et_pb_column][\/et_pb_row][\/et_pb_section]<\/p>\n","protected":false},"excerpt":{"rendered":"<p>Toda la ciudad a tus pies Barcelona es una de las ciudades m\u00e1s visitadas del mundo gracias al extenso abanico de oferta comercial, cultural y de ocio que ofrece. Aprovecha la parada de tu crucero visitando Barcelona a tu aire, con libertad, sin hacer colas y con la posibilidad de quedarte todo el tiempo que [&hellip;]<\/p>\n","protected":false},"author":3,"featured_media":0,"parent":0,"menu_order":0,"comment_status":"closed","ping_status":"closed","template":"","meta":{"_et_pb_use_builder":"on","_et_pb_old_content":"<h2><span style=\"color: #ff6600;\">Toda la ciudad a tus pies<\/span><\/h2>\r\n<h3><span style=\"color: #808080;\">Barcelona es una de las ciudades m\u00e1s visitadas del mundo gracias al extenso abanico de oferta comercial, cultural y de ocio que ofrece.<\/span><\/h3>\r\n<h3><span style=\"color: #808080;\">Aprovecha la parada de tu crucero visitando Barcelona a tu aire, con libertad, sin hacer colas y con la posibilidad de quedarte todo el tiempo que te apetezca en el rinc\u00f3n de la ciudad que m\u00e1s te impresione.<\/span><\/h3>\r\n<h3><span style=\"color: #808080;\">Aqu\u00ed tienes una recopilaci\u00f3n de los enlaces m\u00e1s \u00fatiles para programar tu visita como m\u00e1s te guste:<\/span><\/h3>\r\n<a href=\"http:\/\/www.portdebarcelona.cat\/es\/home_apb\"><img class=\"alignnone wp-image-1121\" src=\"https:\/\/beta.cruisebus.barcelona\/wp-content\/uploads\/2016\/11\/logo-vector-port-de-barcelona.jpg\" alt=\"\" width=\"215\" height=\"109\" \/><\/a>\u00a0 \u00a0 <a href=\"https:\/\/www.barcelonaturisme.com\/wv3\/es\/\"><img class=\"alignnone wp-image-1482\" src=\"https:\/\/beta.cruisebus.barcelona\/wp-content\/uploads\/2021\/07\/bcn-turisme-logo.jpg\" alt=\"\" width=\"134\" height=\"134\" \/><\/a>\r\n\r\n<a href=\"http:\/\/www.tibidabo.cat\/\" target=\"_blank\" rel=\"noopener\"><img class=\"alignnone wp-image-1095\" src=\"http:\/\/www.cruisebus.barcelona\/wp-content\/uploads\/2016\/11\/logo_tibidabo_1_2.jpg\" alt=\"logo_tibidabo_1_2\" width=\"164\" height=\"116\" \/><\/a>\u00a0 \u00a0 <a href=\"https:\/\/www.catalunyabusturistic.com\/es\"><img class=\"alignnone wp-image-1435\" src=\"https:\/\/beta.cruisebus.barcelona\/wp-content\/uploads\/2021\/07\/CBT-logo.png\" alt=\"\" width=\"218\" height=\"100\" \/><\/a> <a href=\"https:\/\/barcelona.city-tour.com\/es\"><img class=\"alignnone wp-image-1429\" src=\"https:\/\/beta.cruisebus.barcelona\/wp-content\/uploads\/2021\/07\/bcn-ct-logo.png\" alt=\"\" width=\"152\" height=\"131\" \/><\/a>\r\n\r\n\u00a0","_et_gb_content_width":"","_joinchat":[],"footnotes":""},"class_list":["post-1172","page","type-page","status-publish","hentry"],"_links":{"self":[{"href":"https:\/\/cruisebus.barcelona\/es\/wp-json\/wp\/v2\/pages\/1172","targetHints":{"allow":["GET"]}}],"collection":[{"href":"https:\/\/cruisebus.barcelona\/es\/wp-json\/wp\/v2\/pages"}],"about":[{"href":"https:\/\/cruisebus.barcelona\/es\/wp-json\/wp\/v2\/types\/page"}],"author":[{"embeddable":true,"href":"https:\/\/cruisebus.barcelona\/es\/wp-json\/wp\/v2\/users\/3"}],"replies":[{"embeddable":true,"href":"https:\/\/cruisebus.barcelona\/es\/wp-json\/wp\/v2\/comments?post=1172"}],"version-history":[{"count":7,"href":"https:\/\/cruisebus.barcelona\/es\/wp-json\/wp\/v2\/pages\/1172\/revisions"}],"predecessor-version":[{"id":2243,"href":"https:\/\/cruisebus.barcelona\/es\/wp-json\/wp\/v2\/pages\/1172\/revisions\/2243"}],"wp:attachment":[{"href":"https:\/\/cruisebus.barcelona\/es\/wp-json\/wp\/v2\/media?parent=1172"}],"curies":[{"name":"wp","href":"https:\/\/api.w.org\/{rel}","templated":true}]}}