{"id":1156,"date":"2016-11-10T10:21:44","date_gmt":"2016-11-10T10:21:44","guid":{"rendered":"http:\/\/www.cruisebus.barcelona\/es\/qui-som\/"},"modified":"2023-06-01T07:01:55","modified_gmt":"2023-06-01T07:01:55","slug":"qui-som","status":"publish","type":"page","link":"https:\/\/cruisebus.barcelona\/es\/qui-som\/","title":{"rendered":"Qui\u00e9nes somos"},"content":{"rendered":"<p>[et_pb_section fb_built=\u00bb1&#8243; fullwidth=\u00bbon\u00bb _builder_version=\u00bb4.20.4&#8243; _module_preset=\u00bbdefault\u00bb global_colors_info=\u00bb{}\u00bb][et_pb_fullwidth_header title=\u00bbQui\u00e9nes somos\u00bb _builder_version=\u00bb4.20.4&#8243; _module_preset=\u00bbdefault\u00bb global_colors_info=\u00bb{}\u00bb][\/et_pb_fullwidth_header][\/et_pb_section][et_pb_section fb_built=\u00bb1&#8243; _builder_version=\u00bb4.16&#8243; global_colors_info=\u00bb{}\u00bb][et_pb_row column_structure=\u00bb1_2,1_2&#8243; _builder_version=\u00bb4.16&#8243; background_size=\u00bbinitial\u00bb background_position=\u00bbtop_left\u00bb background_repeat=\u00bbrepeat\u00bb global_colors_info=\u00bb{}\u00bb][et_pb_column type=\u00bb1_2&#8243; _builder_version=\u00bb4.16&#8243; custom_padding=\u00bb|||\u00bb global_colors_info=\u00bb{}\u00bb custom_padding__hover=\u00bb|||\u00bb][et_pb_text _builder_version=\u00bb4.20.4&#8243; background_size=\u00bbinitial\u00bb background_position=\u00bbtop_left\u00bb background_repeat=\u00bbrepeat\u00bb global_colors_info=\u00bb{}\u00bb]<\/p>\n<h2>En movimiento desde 1923<\/h2>\n<p>TCC \u2013 Transports Ciutat Comtal es una empresa del grupo Moventis, creada en 1991. Es un operador de transportes que, entre otros servicios, gestiona el servicio Cruise Bus.<\/p>\n<p>TCC gestiona otros servicios en el \u00e1rea de Barcelona como, por ejemplo: el transporte de PMR del Ayuntamiento de Barcelona, el TibiBus, el Bus G\u00fcell, diferentes l\u00edneas urbanas de la ciudad de Barcelona, Vilanova i la Geltr\u00fa, Sitges y Sant Sadurn\u00ed d\u2019Anoia.<\/p>\n<p>El grupo al que pertenece TCC (Grupo Moventis) tambi\u00e9n gestiona otros servicios como el Barcelona City Tour, Catalunya Bus Tur\u00edstic, los tranv\u00edas de Barcelona con las l\u00edneas del Trambaix y el Trambes\u00f3s, as\u00ed como servicios discrecionales de alquiler de autocares a medida como los que ofrece el grupo Moventis, para administraciones p\u00fablicas, congresos, escuelas, lanzaderas, empresas, operadores tur\u00edsticos, etc.<\/p>\n<p>[\/et_pb_text][\/et_pb_column][et_pb_column type=\u00bb1_2&#8243; _builder_version=\u00bb4.16&#8243; custom_padding=\u00bb|||\u00bb global_colors_info=\u00bb{}\u00bb custom_padding__hover=\u00bb|||\u00bb][et_pb_image src=\u00bbhttps:\/\/cruisebus.barcelona\/wp-content\/uploads\/2023\/06\/quisom1.jpg\u00bb title_text=\u00bbquisom1&#8243; force_fullwidth=\u00bbon\u00bb _builder_version=\u00bb4.21.0&#8243; _module_preset=\u00bbdefault\u00bb hover_enabled=\u00bb0&#8243; global_colors_info=\u00bb{}\u00bb sticky_enabled=\u00bb0&#8243;][\/et_pb_image][\/et_pb_column][\/et_pb_row][\/et_pb_section]<\/p>\n","protected":false},"excerpt":{"rendered":"<p>En movimiento desde 1923 TCC \u2013 Transports Ciutat Comtal es una empresa del grupo Moventis, creada en 1991. Es un operador de transportes que, entre otros servicios, gestiona el servicio Cruise Bus. TCC gestiona otros servicios en el \u00e1rea de Barcelona como, por ejemplo: el transporte de PMR del Ayuntamiento de Barcelona, el TibiBus, el [&hellip;]<\/p>\n","protected":false},"author":3,"featured_media":0,"parent":0,"menu_order":0,"comment_status":"closed","ping_status":"closed","template":"","meta":{"_et_pb_use_builder":"on","_et_pb_old_content":"<h2><span style=\"color: #ff6600;\">En movimiento desde 1923<\/span><\/h2>\r\n[su_row][su_column size=\"1\/2\"]\r\n<h3><span style=\"color: #808080;\">TCC \u2013 Transports Ciutat Comtal es una empresa del grupo Moventis, creada en 1991. Es un operador de transportes que, entre otros servicios, gestiona el servicio Cruise Bus.<\/span><\/h3>\r\n<h3><span style=\"color: #808080;\">TCC gestiona otros servicios en el \u00e1rea de Barcelona como, por ejemplo: el transporte de PMR del Ayuntamiento de Barcelona, el TibiBus, el Bus G\u00fcell, diferentes l\u00edneas urbanas de la ciudad de Barcelona, Vilanova i la Geltr\u00fa, Sitges y Sant Sadurn\u00ed d'Anoia.<\/span><\/h3>\r\n[\/su_column]\r\n[su_column size=\"1\/2\"]<img class=\"alignnone wp-image-1111 size-full\" src=\"https:\/\/beta.cruisebus.barcelona\/wp-content\/uploads\/2021\/07\/quisom.jpg\" width=\"614\" height=\"343\" \/>[\/su_column]\r\n[\/su_row]\r\n<h3><span style=\"color: #808080;\"><strong>El grupo al que pertenece TCC (Grupo Moventis) tambi\u00e9n gestiona otros servicios como el Barcelona City Tour, Catalunya Bus Tur\u00edstic, los tranv\u00edas de Barcelona con las l\u00edneas del Trambaix y el Trambes\u00f3s, as\u00ed como servicios discrecionales de alquiler de autocares a medida como los que ofrece el grupo Moventis, para administraciones p\u00fablicas, congresos, escuelas, lanzaderas, empresas, operadores tur\u00edsticos, etc. <\/strong><\/span><\/h3>\r\n<h3><span style=\"color: #808080;\"><strong>\u00a0<\/strong><\/span><\/h3>","_et_gb_content_width":"","_joinchat":[],"footnotes":""},"class_list":["post-1156","page","type-page","status-publish","hentry"],"_links":{"self":[{"href":"https:\/\/cruisebus.barcelona\/es\/wp-json\/wp\/v2\/pages\/1156","targetHints":{"allow":["GET"]}}],"collection":[{"href":"https:\/\/cruisebus.barcelona\/es\/wp-json\/wp\/v2\/pages"}],"about":[{"href":"https:\/\/cruisebus.barcelona\/es\/wp-json\/wp\/v2\/types\/page"}],"author":[{"embeddable":true,"href":"https:\/\/cruisebus.barcelona\/es\/wp-json\/wp\/v2\/users\/3"}],"replies":[{"embeddable":true,"href":"https:\/\/cruisebus.barcelona\/es\/wp-json\/wp\/v2\/comments?post=1156"}],"version-history":[{"count":8,"href":"https:\/\/cruisebus.barcelona\/es\/wp-json\/wp\/v2\/pages\/1156\/revisions"}],"predecessor-version":[{"id":2252,"href":"https:\/\/cruisebus.barcelona\/es\/wp-json\/wp\/v2\/pages\/1156\/revisions\/2252"}],"wp:attachment":[{"href":"https:\/\/cruisebus.barcelona\/es\/wp-json\/wp\/v2\/media?parent=1156"}],"curies":[{"name":"wp","href":"https:\/\/api.w.org\/{rel}","templated":true}]}}