{"id":930,"date":"2016-10-28T09:52:48","date_gmt":"2016-10-28T09:52:48","guid":{"rendered":"http:\/\/www.cruisebus.barcelona\/de\/home\/"},"modified":"2025-08-01T05:29:31","modified_gmt":"2025-08-01T05:29:31","slug":"home","status":"publish","type":"page","link":"https:\/\/cruisebus.barcelona\/de\/","title":{"rendered":"Inici"},"content":{"rendered":"<p>[et_pb_section fb_built=&#8220;1&#8243; disabled_on=&#8220;on|on|on&#8220; admin_label=&#8220;AVIS&#8220; module_id=&#8220;avis&#8220; _builder_version=&#8220;4.20.4&#8243; _module_preset=&#8220;default&#8220; custom_margin=&#8220;0px||0px||false|false&#8220; custom_padding=&#8220;0px||0px||false|false&#8220; disabled=&#8220;on&#8220; global_colors_info=&#8220;{}&#8220;][et_pb_row _builder_version=&#8220;4.20.4&#8243; _module_preset=&#8220;default&#8220; custom_margin=&#8220;5px||5px||false|false&#8220; custom_padding=&#8220;5px||5px||false|false&#8220; global_colors_info=&#8220;{}&#8220;][et_pb_column type=&#8220;4_4&#8243; _builder_version=&#8220;4.20.4&#8243; _module_preset=&#8220;default&#8220; global_colors_info=&#8220;{}&#8220;][et_pb_text _builder_version=&#8220;4.20.4&#8243; _module_preset=&#8220;default&#8220; global_colors_info=&#8220;{}&#8220;]<\/p>\n<h3 style=\"text-align: center;\">Missatge d&#8217;Av\u00eds<\/h3>\n<p style=\"text-align: center;\">Lorem ipsum dolor sit amet, consectetur adipiscing elit. Suspendisse quis hendrerit ligula. In varius non diam ut tincidunt. Vivamus a eros suscipit, interdum quam nec, auctor magna. Sed in tincidunt tortor. <\/p>\n<p>[\/et_pb_text][\/et_pb_column][\/et_pb_row][\/et_pb_section][et_pb_section fb_built=&#8220;1&#8243; module_id=&#8220;row-home&#8220; _builder_version=&#8220;4.20.4&#8243; _module_preset=&#8220;default&#8220; background_color=&#8220;RGBA(255,255,255,0)&#8220; background_enable_image=&#8220;off&#8220; custom_margin=&#8220;0px||0px||false|false&#8220; custom_padding=&#8220;0px||0px||false|false&#8220; global_colors_info=&#8220;{}&#8220;][et_pb_row column_structure=&#8220;1_2,1_2&#8243; use_custom_gutter=&#8220;on&#8220; gutter_width=&#8220;1&#8243; _builder_version=&#8220;4.20.4&#8243; _module_preset=&#8220;default&#8220; background_color=&#8220;RGBA(255,255,255,0)&#8220; global_colors_info=&#8220;{}&#8220;][et_pb_column type=&#8220;1_2&#8243; _builder_version=&#8220;4.20.4&#8243; _module_preset=&#8220;default&#8220; global_colors_info=&#8220;{}&#8220;][et_pb_text module_class=&#8220;claim&#8220; _builder_version=&#8220;4.27.4&#8243; _module_preset=&#8220;default&#8220; global_colors_info=&#8220;{}&#8220;]<\/p>\n<h3 style=\"text-align: center;\">Vom Kreuzfahrtschiff zur Rambla in 5 Min.<\/h3>\n<h4 style=\"text-align: center;\">Das Zentrum Barcelona so wie es Ihnen gef\u00e4llt<\/h4>\n<p>[\/et_pb_text][\/et_pb_column][et_pb_column type=&#8220;1_2&#8243; _builder_version=&#8220;4.20.4&#8243; _module_preset=&#8220;default&#8220; global_colors_info=&#8220;{}&#8220;][et_pb_text _builder_version=&#8220;4.20.4&#8243; _module_preset=&#8220;default&#8220; global_colors_info=&#8220;{}&#8220;]<link href=\"https:\/\/fonts.googleapis.com\/css?family=Ubuntu+Condensed\" rel=\"stylesheet\">\n<form name=\"form\" id=\"form\" action=\"\/ventabilletes\/conexionTPVV.php\" method=\"post\">\n    <input type=\"hidden\" name=\"Action\" id=\"Action\" action=\"formulari.php\" value=\"SendForm\" \/><br \/>\n    <input type=\"hidden\" name=\"arrTitulos\" id=\"arrTitulos\" value='a:2:{i:0;a:12:{s:8:\"idtitulo\";s:3:\"332\";s:9:\"codtitulo\";s:6:\"PBIDAW\";s:10:\"desctitulo\";s:20:\"CRUISE BUS - IDA WEB\";s:13:\"desctitulo_es\";s:20:\"CRUISE BUS - IDA WEB\";s:13:\"desctitulo_ca\";s:22:\"CRUISE BUS - ANADA WEB\";s:13:\"desctitulo_en\";s:24:\"CRUISE BUS - ONE WAY WEB\";s:13:\"desctitulo_fr\";s:22:\"CRUISE BUS - ALLER WEB\";s:13:\"desctitulo_de\";s:25:\"CRUISE BUS - HINFAHRT WEB\";s:13:\"desctitulo_ru\";s:43:\"CRUISE BUS - \u0412 \u043e\u0434\u043d\u0443 \u0441\u0442\u043e\u0440\u043e\u043d\u0443 WEB\";s:13:\"desctitulo_pt\";s:20:\"CRUISE BUS - IDA WEB\";s:13:\"desctitulo_it\";s:20:\"CRUISE BUS - IDA WEB\";s:7:\"importe\";s:1:\"3\";}i:1;a:12:{s:8:\"idtitulo\";s:3:\"335\";s:9:\"codtitulo\";s:5:\"DTWEB\";s:10:\"desctitulo\";s:14:\"DAY TICKET WEB\";s:13:\"desctitulo_es\";s:14:\"DAY TICKET WEB\";s:13:\"desctitulo_ca\";s:14:\"DAY TICKET WEB\";s:13:\"desctitulo_en\";s:14:\"DAY TICKET WEB\";s:13:\"desctitulo_fr\";s:14:\"DAY TICKET WEB\";s:13:\"desctitulo_de\";s:14:\"DAY TICKET WEB\";s:13:\"desctitulo_ru\";s:14:\"DAY TICKET WEB\";s:13:\"desctitulo_pt\";s:14:\"DAY TICKET WEB\";s:13:\"desctitulo_it\";s:14:\"DAY TICKET WEB\";s:7:\"importe\";s:4:\"4.50\";}}' \/><\/p>\n<div class=\"callout red corner\">\n<h3>Buchungsdaten <i class=\"fa fa-ticket\" aria-hidden=\"true\"><\/i><\/h3>\n<div class=\"grid-x grid-padding-x\">\n<div class=\"large-12 cell\">\n<div class=\"input-group\">\n                        <span class=\"input-group-label\">Datum<\/span><input type=\"date\" name=\"fecha_reserva\" id=\"fecha_reserva\" value=\"\"   required title=\"Sie m\u00fcssen das Datum angeben, an dem das Ticket verwendet wird.\" min=\"2026-04-07\" class=\"input-group-field\" \/>\n                    <\/div>\n<p>                    <span class=\"help\">Sie m\u00fcssen das Datum angeben, an dem das Ticket verwendet wird.<\/span>\n                <\/div>\n<\/p><\/div>\n<div id=\"input_viajeros\" class=\"grid-x grid-padding-x\">\n<div class=\"large-12 cell\">\n<div class=\"input-group\">\n                    <span class=\"input-group-label\">CRUISE BUS &#8211; HINFAHRT WEB (3&euro;)<\/span><br \/>\n                    <select name=\"viajeros[0]\" id=\"viajeros[0]\" onchange=\"change_tipo();\"><option value=\"0\">Anzahl der Reisenden<\/option><option value=\"1\" >1<\/option><option value=\"2\" >2<\/option><option value=\"3\" >3<\/option><option value=\"4\" >4<\/option><option value=\"5\" >5<\/option><option value=\"6\" >6<\/option><option value=\"7\" >7<\/option><option value=\"8\" >8<\/option><option value=\"9\" >9<\/option><option value=\"10\" >10<\/option><\/select><br \/>\n                    <input type=\"hidden\" name=\"tipo[0]\" id=\"tipo[0]\" value=\"332|CRUISE BUS - HINFAHRT WEB|3\" \/>\n                <\/div>\n<p>                                <span class=\"help\">Die Tickets f\u00fcr die Hinfahrt sind nur an dem auf den Tickets angegebenen Tag g\u00fcltig<\/span><\/p><\/div>\n<div class=\"large-12 cell\">\n<div class=\"input-group\">\n                    <span class=\"input-group-label\">DAY TICKET WEB (4.50&euro;)<\/span><br \/>\n                    <select name=\"viajeros[1]\" id=\"viajeros[1]\" onchange=\"change_tipo();\"><option value=\"0\">Anzahl der Reisenden<\/option><option value=\"1\" >1<\/option><option value=\"2\" >2<\/option><option value=\"3\" >3<\/option><option value=\"4\" >4<\/option><option value=\"5\" >5<\/option><option value=\"6\" >6<\/option><option value=\"7\" >7<\/option><option value=\"8\" >8<\/option><option value=\"9\" >9<\/option><option value=\"10\" >10<\/option><\/select><br \/>\n                    <input type=\"hidden\" name=\"tipo[1]\" id=\"tipo[1]\" value=\"335|DAY TICKET WEB|4.50\" \/>\n                <\/div>\n<p>                <span class=\"help\">Die Day Tickets sind nur an dem auf dem Ticket angegebenen Tag g\u00fcltig.<\/span>\n            <\/div>\n<\/p><\/div>\n<div class=\"grid-x grid-padding-x\">\n<div  id=\"importe_total_ws\" class=\"large-12 cell\">            <\/div>\n<\/p><\/div>\n<div class=\"grid-x grid-padding-x\">\n<div class=\"large-8 cell\">\n<div class=\"input-group\">\n                        <span class=\"input-group-label\">Email<\/span><input type=\"email\" placeholder=\"Email\" name=\"email_reserva\" id=\"email_reserva\" value=\"\"\/>\n                    <\/div>\n<div class=\"large-12 cell\">\n                        <input name=\"acepto\" id=\"acepto\" type=\"checkbox\"  style=\"float:left; margin-top: 6px;\"><label for=\"checkbox1\" style=\"float:left;;margin-left:5px;\">Ich akzeptiere <a onclick=\"$('#privacitat').slideToggle(100)\" style=\"cursor:pointer;\">die Datenschutzrichtlinien<\/a><\/label>\n                    <\/div>\n<\/p><\/div>\n<div class=\"large-12 cell\">\n<div class=\"callout\">Die Tickets werden per E-Mail im PDF-Format gesendet werden, zu drucken und physisch anwesend ist.<\/div>\n<\/div>\n<div class=\"large-12 cell\">\n<div class=\"grid-x grid-padding-x\">\n                        <!-- S\u00f3lo Tarjeta  --><\/p>\n<div class=\"large-6 cell\">\n                            <label>Zahlung <strong> Kreditkarte<\/strong> <i class=\"fa fa-credit-card\" aria-hidden=\"true\"><\/i><\/label>\n                                                    <\/div>\n<p>                        <input type=\"hidden\" id=\"payment_method_tarjeta\" name=\"payment_method\" value=\"tarjeta\"><\/p>\n<div class=\"large-6 cell\">\n                            <input type=\"submit\" class=\"button\" style=\"float:right;\" value=\"zahlen\" \/>\n                        <\/div>\n<p>                        <!-- S\u00f3lo Tarjeta  -->\n                    <\/div>\n<\/p><\/div>\n<\/p><\/div>\n<\/p><\/div>\n<p>    <input type=\"hidden\" name=\"IdEmpleado\" value=\"30000\"\/><br \/>\n<\/form>\n<div id=\"privacitat\" style=\"display:none;\">\n<p style=\"text-align:right;position:absolute; right:1.25rem; font-size: 2rem;\"><a style=\"cursor:pointer; text-decoration: none;\" onclick=\"$('#privacitat').slideToggle(100)\" title=\"SCHLIESSEN\">&times;<\/a><\/p>\n<h4>die Datenschutzrichtlinien<\/h4>\n<p style=\"text-align: justify;\">In \u00dcbereinstimmung mit dem Datenschutzgesetz informieren wir Sie dar\u00fcber, dass die von Ihnen in den Formularen unserer Webseite angegebenen pers\u00f6nlichen Daten in eine Datenbank aufgenommen werden, f\u00fcr die TRANSPORTS CIUTAT COMTAL S.A., Steuernummer CIF A59736686, ein spanisches Unternehmen mit Sitz in RAMBLA CATALUNYA, 123, 2\u00ba, 08008 Barcelona (Spanien), zust\u00e4ndig und haftbar ist; die erhobenen Daten werden durch automatisierte Verfahren verarbeitet, zu dem alleinigen Zweck, die Verwaltung unserer Gesch\u00e4ftsbeziehungen zu erm\u00f6glichen und\/oder die Durchf\u00fchrung der auf dieser Webseite angebotenen Dienstleistungen zu gew\u00e4hrleisten. Sie k\u00f6nnen nach dem Datenschutzgesetz 15\/1999 jederzeit Ihr Recht auf Zugriff, Berichtigung, Aufhebung und Widerspruch aus\u00fcben. Senden Sie uns dazu bitte einfach eine schriftliche Mitteilung per Post, Fax oder E-Mail oder direkt \u00fcber unsere Webseite. <\/p>\n<p style=\"text-align: justify;\">Das Hauptziel unserer Webseite besteht darin, die Online-Buchung von Tickets des Busunternehmens CRUISE BUS vornehmen zu k\u00f6nnen. Ihre E-Mail-Adresse wird von uns gespeichert, um mit Ihnen in Kontakt treten zu k\u00f6nnen. Diese E-Mail-Adresse dient ausschlie\u00dflich dem Zweck, Ihnen den Abschluss der Dienstleistung mitzuteilen, die auf der Webseite angeboten wird. <\/p>\n<p style=\"text-align: justify;\">Wir verpflichten uns, alle Vorgaben und Anforderungen des Datenschutzgesetzes 15\/1999 zu erf\u00fcllen: Wir weisen Sie darauf hin, dass Sie gem\u00e4\u00df dieses Gesetzes jederzeit Ihr Recht auf Zugriff, Berichtigung, Aufhebung und Widerspruch aus\u00fcben k\u00f6nnen. Senden Sie uns dazu bitte eine schriftliche Mitteilung per Post, Fax oder E-Mail oder direkt \u00fcber unsere Webseite. <\/p>\n<\/p><\/div>\n<p>[\/et_pb_text][\/et_pb_column][\/et_pb_row][et_pb_row disabled_on=&#8220;on|on|on&#8220; admin_label=&#8220;ANUNCIO&#8220; module_id=&#8220;promo&#8220; _builder_version=&#8220;4.21.0&#8243; _module_preset=&#8220;default&#8220; background_color=&#8220;RGBA(255,255,255,0)&#8220; custom_margin=&#8220;0px||||false|false&#8220; custom_padding=&#8220;0px||||false|false&#8220; global_colors_info=&#8220;{}&#8220; disabled=&#8220;on&#8220;][et_pb_column type=&#8220;4_4&#8243; _builder_version=&#8220;4.20.4&#8243; _module_preset=&#8220;default&#8220; global_colors_info=&#8220;{}&#8220;][et_pb_image src=&#8220;https:\/\/cruisebus.barcelona\/wp-content\/uploads\/2025\/06\/TOMBCN-Cruise-Ad-June-Desktop.png&#8220; title_text=&#8220;TOMBCN-Cruise-Ad-June-Desktop&#8220; url=&#8220;https:\/\/www.google.com\/maps\/place\/Time+Out+Market+Barcelona\/@41.3752689,2.1830457,854m\/data=!3m2!1e3!5s0x12a4a25366a6e099:0xd9f4d09c6cd50b1c!4m6!3m5!1s0x12a4a3b8151c7619:0xe1efb1b1f6735f35!8m2!3d41.3752689!4d2.1830457!16s%2Fg%2F11y5762b6t!5m1!1e1?entry=ttu&#038;g_ep=EgoyMDI1MDYyMy4yIKXMDSoASAFQAw%3D%3D&#8220; url_new_window=&#8220;on&#8220; force_fullwidth=&#8220;on&#8220; disabled_on=&#8220;off|off|off&#8220; _builder_version=&#8220;4.27.4&#8243; _module_preset=&#8220;default&#8220; global_colors_info=&#8220;{}&#8220;][\/et_pb_image][\/et_pb_column][\/et_pb_row][et_pb_row disabled_on=&#8220;on|on|on&#8220; admin_label=&#8220;ANUNCIO&#8220; module_id=&#8220;promo&#8220; _builder_version=&#8220;4.21.0&#8243; _module_preset=&#8220;default&#8220; background_color=&#8220;RGBA(255,255,255,0)&#8220; custom_margin=&#8220;0px||||false|false&#8220; custom_padding=&#8220;0px||||false|false&#8220; global_colors_info=&#8220;{}&#8220; disabled=&#8220;on&#8220;][et_pb_column type=&#8220;4_4&#8243; _builder_version=&#8220;4.20.4&#8243; _module_preset=&#8220;default&#8220; global_colors_info=&#8220;{}&#8220;][et_pb_image src=&#8220;https:\/\/cruisebus.barcelona\/wp-content\/uploads\/2025\/06\/TOMBCN-Cruise-Ad-June-Mobile.png&#8220; title_text=&#8220;TOMBCN-Cruise-Ad-June-Mobile&#8220; url=&#8220;https:\/\/www.google.com\/maps\/place\/Time+Out+Market+Barcelona\/@41.3752689,2.1830457,854m\/data=!3m2!1e3!5s0x12a4a25366a6e099:0xd9f4d09c6cd50b1c!4m6!3m5!1s0x12a4a3b8151c7619:0xe1efb1b1f6735f35!8m2!3d41.3752689!4d2.1830457!16s%2Fg%2F11y5762b6t!5m1!1e1?entry=ttu&#038;g_ep=EgoyMDI1MDYyMy4yIKXMDSoASAFQAw%3D%3D&#8220; url_new_window=&#8220;on&#8220; force_fullwidth=&#8220;on&#8220; disabled_on=&#8220;off|off|off&#8220; _builder_version=&#8220;4.27.4&#8243; _module_preset=&#8220;default&#8220; global_colors_info=&#8220;{}&#8220;][\/et_pb_image][\/et_pb_column][\/et_pb_row][\/et_pb_section]<\/p>\n","protected":false},"excerpt":{"rendered":"<p>Missatge d&#8217;Av\u00eds Lorem ipsum dolor sit amet, consectetur adipiscing elit. Suspendisse quis hendrerit ligula. In varius non diam ut tincidunt. Vivamus a eros suscipit, interdum quam nec, auctor magna. Sed in tincidunt tortor. Vom Kreuzfahrtschiff zur Rambla in 5 Min. Das Zentrum Barcelona so wie es Ihnen gef\u00e4llt<\/p>\n","protected":false},"author":3,"featured_media":0,"parent":0,"menu_order":0,"comment_status":"closed","ping_status":"closed","template":"","meta":{"_et_pb_use_builder":"on","_et_pb_old_content":"<div class=\"row\">\r\n<div class=\"large-12 columns\">\r\n<h2 style=\"color: #000; margin: 0;\">Vom Kreuzfahrtschiff zur Rambla in 5 Minuten<\/h2>\r\n<h3 style=\"color: #000; font-size: 1.6375rem!important;\">Das Zentrum von Barcelona so wie es Ihnen gef\u00e4llt<\/h3>\r\n<\/div>\r\n<\/div>\r\n<?php include(\"\/var\/www\/vhosts\/cruisebus.barcelona\/httpdocs\/ventabilletes\/formulari.php\"); ?>","_et_gb_content_width":"","_joinchat":[],"footnotes":""},"class_list":["post-930","page","type-page","status-publish","hentry"],"_links":{"self":[{"href":"https:\/\/cruisebus.barcelona\/de\/wp-json\/wp\/v2\/pages\/930","targetHints":{"allow":["GET"]}}],"collection":[{"href":"https:\/\/cruisebus.barcelona\/de\/wp-json\/wp\/v2\/pages"}],"about":[{"href":"https:\/\/cruisebus.barcelona\/de\/wp-json\/wp\/v2\/types\/page"}],"author":[{"embeddable":true,"href":"https:\/\/cruisebus.barcelona\/de\/wp-json\/wp\/v2\/users\/3"}],"replies":[{"embeddable":true,"href":"https:\/\/cruisebus.barcelona\/de\/wp-json\/wp\/v2\/comments?post=930"}],"version-history":[{"count":28,"href":"https:\/\/cruisebus.barcelona\/de\/wp-json\/wp\/v2\/pages\/930\/revisions"}],"predecessor-version":[{"id":2771,"href":"https:\/\/cruisebus.barcelona\/de\/wp-json\/wp\/v2\/pages\/930\/revisions\/2771"}],"wp:attachment":[{"href":"https:\/\/cruisebus.barcelona\/de\/wp-json\/wp\/v2\/media?parent=930"}],"curies":[{"name":"wp","href":"https:\/\/api.w.org\/{rel}","templated":true}]}}