{"id":2297,"date":"2023-04-26T11:53:21","date_gmt":"2023-04-26T11:53:21","guid":{"rendered":"https:\/\/cruisebus.barcelona\/politica-de-cookies\/"},"modified":"2024-02-06T08:47:54","modified_gmt":"2024-02-06T08:47:54","slug":"politica-de-cookies","status":"publish","type":"page","link":"https:\/\/cruisebus.barcelona\/de\/politica-de-cookies\/","title":{"rendered":"Pol\u00edtica de Cookies"},"content":{"rendered":"<p>[et_pb_section fb_built=&#8220;1&#8243; fullwidth=&#8220;on&#8220; _builder_version=&#8220;4.20.4&#8243; _module_preset=&#8220;default&#8220; global_colors_info=&#8220;{}&#8220;][et_pb_fullwidth_header title=&#8220;Pol\u00edtica de Cookies&#8220; _builder_version=&#8220;4.20.4&#8243; _module_preset=&#8220;default&#8220; global_colors_info=&#8220;{}&#8220;][\/et_pb_fullwidth_header][\/et_pb_section][et_pb_section fb_built=&#8220;1&#8243; admin_label=&#8220;section&#8220; _builder_version=&#8220;4.16&#8243; global_colors_info=&#8220;{}&#8220;][et_pb_row admin_label=&#8220;row&#8220; _builder_version=&#8220;4.16&#8243; background_size=&#8220;initial&#8220; background_position=&#8220;top_left&#8220; background_repeat=&#8220;repeat&#8220; global_colors_info=&#8220;{}&#8220;][et_pb_column type=&#8220;4_4&#8243; _builder_version=&#8220;4.16&#8243; custom_padding=&#8220;|||&#8220; global_colors_info=&#8220;{}&#8220; custom_padding__hover=&#8220;|||&#8220;][et_pb_text _builder_version=&#8220;4.24.0&#8243; _module_preset=&#8220;default&#8220; hover_enabled=&#8220;0&#8243; global_colors_info=&#8220;{}&#8220; sticky_enabled=&#8220;0&#8243;]<\/p>\n<p><strong>1. \u00bfQu\u00e9 son les cookies?<\/strong><\/p>\n<p>Les cookies s\u00f3n fitxers que emmagatzemen i recuperen informaci\u00f3 sobre els h\u00e0bits de navegaci\u00f3 de l&#8217;usuari. La informaci\u00f3 que s&#8217;obt\u00e9 est\u00e0 relacionada, per exemple, amb el nombre de p\u00e0gines que es visiten, l&#8217;idioma, el lloc des del qual s&#8217;accedeix, el nombre de nous usuaris, la freq\u00fc\u00e8ncia i reincid\u00e8ncia de les visites, el temps que dura la mateixa, el navegador o l&#8217;equip des del qual es realitza la visita o s&#8217;executa l&#8217;aplicaci\u00f3.<\/p>\n<p><strong>2. <\/strong><strong>\u00bfQuin tipus de <em>cookies<\/em> utiliza el lloc web? <\/strong><\/p>\n<p>La tipologia de cookies que s\u2019utilitzen amb la navegaci\u00f3 a trav\u00e9s del lloc web s\u00f3n les que es detallen a continuaci\u00f3:<\/p>\n<p><em>Segons l\u2019entitat que les gestiona: <\/em><\/p>\n<ul>\n<li>Cookies pr\u00f2pies: s&#8217;envien a l&#8217;equip terminal de l&#8217;usuari des d&#8217;un equip o domini gestionat pel propi editor i des del qual es presta el servei sol\u00b7licitat per l&#8217;Usuari.<\/li>\n<li>Cookies de tercers s&#8217;envien a l&#8217;equip terminal de l&#8217;usuari des d&#8217;un equip o domini que no \u00e9s gestionat per l&#8217;editor, sin\u00f3 per una altra entitat que tracta les dades obtingudes a trav\u00e9s de les cookies.<\/li>\n<\/ul>\n<p><em>Segons el per\u00edode de temps que romanguin actives:<\/em><\/p>\n<ul>\n<li>Cookies de sessi\u00f3: recopilen i emmagatzemen dades mentre l\u2019usuari accedeix al lloc web<\/li>\n<li>Cookies persistents: recopilen dades emmagatzemades en el terminal i s\u00f3n accedides i tractades durant el per\u00edode definit.<\/li>\n<\/ul>\n<p><em>Segons la seva finalitat:<\/em><\/p>\n<ul>\n<li>Cookies t\u00e8cniques: permeten la navegaci\u00f3 a trav\u00e9s del lloc web i la utilitzaci\u00f3 de diferents serveis que existeixin en la mateixa com podria ser controlar el tr\u00e0nsit i comunicaci\u00f3 de dades, realitzar el proc\u00e9s de compra d&#8217;una comanda o utilitzar elements de seguretat durant la navegaci\u00f3.<\/li>\n<li>Cookies de personalitzaci\u00f3: permeten a l\u2019usuari accedir al servei en funci\u00f3 de caracter\u00edstiques predefinides.<\/li>\n<li>Cookies d\u2019an\u00e0lisis: permeten el seguiment i an\u00e0lisi del comportament dels usuaris (per exemple, per al mesurament de l&#8217;activitat de l&#8217;aplicaci\u00f3, l&#8217;elaboraci\u00f3 de perfils d&#8217;usuaris, etc., amb la finalitat d&#8217;introduir millores en el servei en funci\u00f3 de les dades d&#8217;\u00fas que fan els usuaris).<\/li>\n<li>Cookies publicit\u00e0ries: permeten la gesti\u00f3 de manera efica\u00e7 dels espais publicitaris inclosos en el lloc web, sobre la base de criteris com el contingut editat o la freq\u00fc\u00e8ncia en la qual es mostren els anuncis.<\/li>\n<li>Cookies de publicitat comportamental: permeten la gesti\u00f3, de la forma m\u00e9s efica\u00e7 possible, dels espais publicitaris inclosos en el lloc web. Aquestes cookies emmagatzemen informaci\u00f3 del comportament dels usuaris obtinguda a trav\u00e9s de l&#8217;observaci\u00f3 continuada dels seus h\u00e0bits de navegaci\u00f3, la qual cosa permet desenvolupar un perfil espec\u00edfic per a mostrar publicitat en funci\u00f3 d&#8217;aquest.<\/li>\n<\/ul>\n<p><strong><br \/>3. Com administrar les cookies?<\/strong><\/p>\n<p>L&#8217;usuari t\u00e9 l&#8217;opci\u00f3 de permetre, bloquejar o eliminar les cookies instal\u00b7lades en el seu dispositiu en la \u00a0finestra de configuraci\u00f3 de les cookies.<\/p>\n<p>Per altra part, la deshabilitaci\u00f3 de les cookies podria modificar el funcionament del lloc web. Per favor, consulti les instruccions i manuals del seu dispositiu per ampliar aquesta informaci\u00f3.<\/p>\n<p>En cas de bloquejar l&#8217;\u00fas de cookies en el seu dispositiu \u00e9s possible que alguns serveis o funcionalitats del lloc web no estiguin disponibles. Si acceptes les cookies del nostre lloc web i m\u00e9s tard desitges eliminar les cookies que hem configurat en el dispositiu, consulti el men\u00fa d&#8217;ajuda del seu navegador per a obtenir les instruccions amb els passos a seguir.<\/p>\n<p>&nbsp;<\/p>\n<p><strong>4. Actualitzaci\u00f3 de la pol\u00edtica de <em>cookies<\/em><\/strong><\/p>\n<p>En el caso que las caracter\u00edstiques o finalitats d\u2019\u00fas de les cookies del lloc web siguin modificades, l\u2019informarem sobre els canvis per tal de recabar novament el seu consentiment.<\/p>\n<p>[\/et_pb_text][et_pb_code _builder_version=&#8220;4.24.0&#8243; _module_preset=&#8220;default&#8220; hover_enabled=&#8220;0&#8243; sticky_enabled=&#8220;0&#8243;]<script id=\"CookieDeclaration\" src=\"https:\/\/consent.cookiebot.com\/3b22834f-530f-48aa-b7f1-e1ba30e6d07b\/cd.js\" type=\"text\/javascript\" async><\/script>[\/et_pb_code][\/et_pb_column][\/et_pb_row][\/et_pb_section]<\/p>\n","protected":false},"excerpt":{"rendered":"<p>1. \u00bfQu\u00e9 son les cookies? Les cookies s\u00f3n fitxers que emmagatzemen i recuperen informaci\u00f3 sobre els h\u00e0bits de navegaci\u00f3 de l&#8217;usuari. La informaci\u00f3 que s&#8217;obt\u00e9 est\u00e0 relacionada, per exemple, amb el nombre de p\u00e0gines que es visiten, l&#8217;idioma, el lloc des del qual s&#8217;accedeix, el nombre de nous usuaris, la freq\u00fc\u00e8ncia i reincid\u00e8ncia de les [&hellip;]<\/p>\n","protected":false},"author":3,"featured_media":0,"parent":0,"menu_order":0,"comment_status":"closed","ping_status":"closed","template":"","meta":{"_et_pb_use_builder":"on","_et_pb_old_content":"","_et_gb_content_width":"","_joinchat":[],"footnotes":""},"class_list":["post-2297","page","type-page","status-publish","hentry"],"_links":{"self":[{"href":"https:\/\/cruisebus.barcelona\/de\/wp-json\/wp\/v2\/pages\/2297","targetHints":{"allow":["GET"]}}],"collection":[{"href":"https:\/\/cruisebus.barcelona\/de\/wp-json\/wp\/v2\/pages"}],"about":[{"href":"https:\/\/cruisebus.barcelona\/de\/wp-json\/wp\/v2\/types\/page"}],"author":[{"embeddable":true,"href":"https:\/\/cruisebus.barcelona\/de\/wp-json\/wp\/v2\/users\/3"}],"replies":[{"embeddable":true,"href":"https:\/\/cruisebus.barcelona\/de\/wp-json\/wp\/v2\/comments?post=2297"}],"version-history":[{"count":1,"href":"https:\/\/cruisebus.barcelona\/de\/wp-json\/wp\/v2\/pages\/2297\/revisions"}],"predecessor-version":[{"id":2491,"href":"https:\/\/cruisebus.barcelona\/de\/wp-json\/wp\/v2\/pages\/2297\/revisions\/2491"}],"wp:attachment":[{"href":"https:\/\/cruisebus.barcelona\/de\/wp-json\/wp\/v2\/media?parent=2297"}],"curies":[{"name":"wp","href":"https:\/\/api.w.org\/{rel}","templated":true}]}}