{"id":1170,"date":"2016-11-10T10:24:16","date_gmt":"2016-11-10T10:24:16","guid":{"rendered":"http:\/\/www.cruisebus.barcelona\/de\/visita-barcelona\/"},"modified":"2023-04-25T12:48:37","modified_gmt":"2023-04-25T12:48:37","slug":"visita-barcelona","status":"publish","type":"page","link":"https:\/\/cruisebus.barcelona\/de\/visita-barcelona\/","title":{"rendered":"Besuchen sie Barcelona"},"content":{"rendered":"<p>[et_pb_section fb_built=&#8220;1&#8243; fullwidth=&#8220;on&#8220; _builder_version=&#8220;4.20.4&#8243; _module_preset=&#8220;default&#8220; global_colors_info=&#8220;{}&#8220;][et_pb_fullwidth_header title=&#8220;Besuchen sie Barcelona&#8220; _builder_version=&#8220;4.20.4&#8243; _module_preset=&#8220;default&#8220; global_colors_info=&#8220;{}&#8220;][\/et_pb_fullwidth_header][\/et_pb_section][et_pb_section fb_built=&#8220;1&#8243; _builder_version=&#8220;4.16&#8243; saved_tabs=&#8220;all&#8220; global_colors_info=&#8220;{}&#8220; theme_builder_area=&#8220;post_content&#8220;][et_pb_row column_structure=&#8220;3_5,2_5&#8243; _builder_version=&#8220;4.16&#8243; background_size=&#8220;initial&#8220; background_position=&#8220;top_left&#8220; background_repeat=&#8220;repeat&#8220; global_colors_info=&#8220;{}&#8220; theme_builder_area=&#8220;post_content&#8220;][et_pb_column type=&#8220;3_5&#8243; _builder_version=&#8220;4.16&#8243; custom_padding=&#8220;|||&#8220; global_colors_info=&#8220;{}&#8220; custom_padding__hover=&#8220;|||&#8220; theme_builder_area=&#8220;post_content&#8220;][et_pb_text _builder_version=&#8220;4.20.4&#8243; background_size=&#8220;initial&#8220; background_position=&#8220;top_left&#8220; background_repeat=&#8220;repeat&#8220; hover_enabled=&#8220;0&#8243; global_colors_info=&#8220;{}&#8220; theme_builder_area=&#8220;post_content&#8220; sticky_enabled=&#8220;0&#8243;]<\/p>\n<h2>Die gesamte Stadt zu Ihren F\u00fc\u00dfen<\/h2>\n<p>Barcelona ist eine der meist besuchten St\u00e4dte der Welt, dank ihres umfangreichen Handels-, Kultur- und Freizeitangebots.<\/p>\n<p>Nutzen Sie die Haltestelle am Liegeplatz Ihres Kreuzfahrtschiffes, um Barcelona nach Ihrer eigenen Zeitplanung zu besuchen, mit allen Freiheiten, ohne Schlange stehen zu m\u00fcssen und mit der M\u00f6glichkeit, solange wie Sie wollen in dem Winkel der Stadt zu verweilen, der Ihnen am besten gef\u00e4llt.<\/p>\n<p>[\/et_pb_text][\/et_pb_column][et_pb_column type=&#8220;2_5&#8243; _builder_version=&#8220;4.16&#8243; custom_padding=&#8220;|||&#8220; global_colors_info=&#8220;{}&#8220; custom_padding__hover=&#8220;|||&#8220; theme_builder_area=&#8220;post_content&#8220;][et_pb_image src=&#8220;https:\/\/beta.cruisebus.barcelona\/wp-content\/uploads\/2016\/11\/IMG_6181.jpg&#8220; title_text=&#8220;img_6181&#8243; _builder_version=&#8220;4.20.4&#8243; _module_preset=&#8220;default&#8220; global_colors_info=&#8220;{}&#8220; theme_builder_area=&#8220;post_content&#8220;][\/et_pb_image][\/et_pb_column][\/et_pb_row][et_pb_row _builder_version=&#8220;4.20.4&#8243; _module_preset=&#8220;default&#8220; global_colors_info=&#8220;{}&#8220; theme_builder_area=&#8220;post_content&#8220;][et_pb_column type=&#8220;4_4&#8243; _builder_version=&#8220;4.20.4&#8243; _module_preset=&#8220;default&#8220; global_colors_info=&#8220;{}&#8220; theme_builder_area=&#8220;post_content&#8220;][et_pb_text _builder_version=&#8220;4.20.4&#8243; background_size=&#8220;initial&#8220; background_position=&#8220;top_left&#8220; background_repeat=&#8220;repeat&#8220; hover_enabled=&#8220;0&#8243; global_colors_info=&#8220;{}&#8220; theme_builder_area=&#8220;post_content&#8220; sticky_enabled=&#8220;0&#8243;]<\/p>\n<p>Hier finden Sie eine Zusammenstellung der n\u00fctzlichsten Links, um Ihren Besuch so zu planen, wie es Ihnen gef\u00e4llt:<\/p>\n<p>[\/et_pb_text][\/et_pb_column][\/et_pb_row][et_pb_row column_structure=&#8220;1_5,1_5,1_5,1_5,1_5&#8243; use_custom_gutter=&#8220;on&#8220; gutter_width=&#8220;1&#8243; _builder_version=&#8220;4.20.4&#8243; _module_preset=&#8220;default&#8220; global_colors_info=&#8220;{}&#8220; theme_builder_area=&#8220;post_content&#8220;][et_pb_column type=&#8220;1_5&#8243; _builder_version=&#8220;4.20.4&#8243; _module_preset=&#8220;default&#8220; global_colors_info=&#8220;{}&#8220; theme_builder_area=&#8220;post_content&#8220;][et_pb_image src=&#8220;https:\/\/beta.cruisebus.barcelona\/wp-content\/uploads\/2023\/04\/port-barcelona.jpg&#8220; title_text=&#8220;port-barcelona&#8220; url=&#8220;https:\/\/www.portdebarcelona.cat\/home_apb&#8220; url_new_window=&#8220;on&#8220; force_fullwidth=&#8220;on&#8220; _builder_version=&#8220;4.20.4&#8243; _module_preset=&#8220;default&#8220; global_colors_info=&#8220;{}&#8220; theme_builder_area=&#8220;post_content&#8220;][\/et_pb_image][\/et_pb_column][et_pb_column type=&#8220;1_5&#8243; _builder_version=&#8220;4.20.4&#8243; _module_preset=&#8220;default&#8220; global_colors_info=&#8220;{}&#8220; theme_builder_area=&#8220;post_content&#8220;][et_pb_image src=&#8220;https:\/\/beta.cruisebus.barcelona\/wp-content\/uploads\/2023\/04\/bcn-turisme.jpg&#8220; title_text=&#8220;bcn-turisme&#8220; url=&#8220;https:\/\/www.barcelonaturisme.com\/wv3\/ca\/&#8220; url_new_window=&#8220;on&#8220; force_fullwidth=&#8220;on&#8220; _builder_version=&#8220;4.20.4&#8243; _module_preset=&#8220;default&#8220; global_colors_info=&#8220;{}&#8220; theme_builder_area=&#8220;post_content&#8220;][\/et_pb_image][\/et_pb_column][et_pb_column type=&#8220;1_5&#8243; _builder_version=&#8220;4.20.4&#8243; _module_preset=&#8220;default&#8220; global_colors_info=&#8220;{}&#8220; theme_builder_area=&#8220;post_content&#8220;][et_pb_image src=&#8220;https:\/\/beta.cruisebus.barcelona\/wp-content\/uploads\/2023\/04\/tibidabo.jpg&#8220; title_text=&#8220;tibidabo&#8220; url=&#8220;https:\/\/www.tibidabo.cat\/&#8220; url_new_window=&#8220;on&#8220; force_fullwidth=&#8220;on&#8220; _builder_version=&#8220;4.20.4&#8243; _module_preset=&#8220;default&#8220; global_colors_info=&#8220;{}&#8220; theme_builder_area=&#8220;post_content&#8220;][\/et_pb_image][\/et_pb_column][et_pb_column type=&#8220;1_5&#8243; _builder_version=&#8220;4.20.4&#8243; _module_preset=&#8220;default&#8220; global_colors_info=&#8220;{}&#8220; theme_builder_area=&#8220;post_content&#8220;][et_pb_image src=&#8220;https:\/\/beta.cruisebus.barcelona\/wp-content\/uploads\/2023\/04\/bus-turistic.jpg&#8220; title_text=&#8220;bus-turistic&#8220; url=&#8220;https:\/\/www.catalunyabusturistic.com\/es&#8220; url_new_window=&#8220;on&#8220; force_fullwidth=&#8220;on&#8220; _builder_version=&#8220;4.20.4&#8243; _module_preset=&#8220;default&#8220; global_colors_info=&#8220;{}&#8220; theme_builder_area=&#8220;post_content&#8220;][\/et_pb_image][\/et_pb_column][et_pb_column type=&#8220;1_5&#8243; _builder_version=&#8220;4.20.4&#8243; _module_preset=&#8220;default&#8220; global_colors_info=&#8220;{}&#8220; theme_builder_area=&#8220;post_content&#8220;][et_pb_image src=&#8220;https:\/\/beta.cruisebus.barcelona\/wp-content\/uploads\/2023\/04\/city-tour-barcelona.jpg&#8220; title_text=&#8220;city-tour-barcelona&#8220; url=&#8220;https:\/\/barcelona.city-tour.com\/es\/&#8220; url_new_window=&#8220;on&#8220; force_fullwidth=&#8220;on&#8220; _builder_version=&#8220;4.20.4&#8243; _module_preset=&#8220;default&#8220; global_colors_info=&#8220;{}&#8220; theme_builder_area=&#8220;post_content&#8220;][\/et_pb_image][\/et_pb_column][\/et_pb_row][\/et_pb_section]<\/p>\n","protected":false},"excerpt":{"rendered":"<p>Die gesamte Stadt zu Ihren F\u00fc\u00dfen Barcelona ist eine der meist besuchten St\u00e4dte der Welt, dank ihres umfangreichen Handels-, Kultur- und Freizeitangebots. Nutzen Sie die Haltestelle am Liegeplatz Ihres Kreuzfahrtschiffes, um Barcelona nach Ihrer eigenen Zeitplanung zu besuchen, mit allen Freiheiten, ohne Schlange stehen zu m\u00fcssen und mit der M\u00f6glichkeit, solange wie Sie wollen in [&hellip;]<\/p>\n","protected":false},"author":3,"featured_media":0,"parent":0,"menu_order":0,"comment_status":"closed","ping_status":"closed","template":"","meta":{"_et_pb_use_builder":"on","_et_pb_old_content":"<h2><span style=\"color: #ff6600;\">Die gesamte Stadt zu Ihren F\u00fc\u00dfen<\/span><\/h2>\r\n<h3><span style=\"color: #808080;\">Barcelona ist eine der meist besuchten St\u00e4dte der Welt, dank ihres umfangreichen Handels-, Kultur- und Freizeitangebots.<\/span><\/h3>\r\n<h3><span style=\"color: #808080;\">Nutzen Sie die Haltestelle am Liegeplatz Ihres Kreuzfahrtschiffes, um Barcelona nach Ihrer eigenen Zeitplanung zu besuchen, mit allen Freiheiten, ohne Schlange stehen zu m\u00fcssen und mit der M\u00f6glichkeit, solange wie Sie wollen in dem Winkel der Stadt zu verweilen, der Ihnen am besten gef\u00e4llt.<\/span><\/h3>\r\n<h3><span style=\"color: #808080;\">Hier finden Sie eine Zusammenstellung der n\u00fctzlichsten Links, um Ihren Besuch so zu planen, wie es Ihnen gef\u00e4llt:<\/span><\/h3>\r\n<a href=\"http:\/\/www.portdebarcelona.cat\/en\/home_apb\"><img class=\"alignnone wp-image-1121\" src=\"https:\/\/beta.cruisebus.barcelona\/wp-content\/uploads\/2016\/11\/logo-vector-port-de-barcelona.jpg\" alt=\"\" width=\"215\" height=\"109\" \/><\/a>\u00a0 \u00a0 <a href=\"https:\/\/www.barcelonaturisme.com\/wv3\/en\/\"><img class=\"alignnone wp-image-1482\" src=\"https:\/\/beta.cruisebus.barcelona\/wp-content\/uploads\/2021\/07\/bcn-turisme-logo.jpg\" alt=\"\" width=\"134\" height=\"134\" \/><\/a>\r\n\r\n<a href=\"http:\/\/www.tibidabo.cat\/\" target=\"_blank\" rel=\"noopener\"><img class=\"alignnone wp-image-1095\" src=\"http:\/\/www.cruisebus.barcelona\/wp-content\/uploads\/2016\/11\/logo_tibidabo_1_2.jpg\" alt=\"logo_tibidabo_1_2\" width=\"164\" height=\"116\" \/><\/a>\u00a0 \u00a0 <a href=\"https:\/\/www.catalunyabusturistic.com\/en\"><img class=\"alignnone wp-image-1431\" src=\"https:\/\/beta.cruisebus.barcelona\/wp-content\/uploads\/2021\/07\/CBT-logo.png\" alt=\"\" width=\"196\" height=\"90\" \/><\/a><a href=\"https:\/\/barcelona.city-tour.com\/en\"><img class=\"alignnone wp-image-1425\" src=\"https:\/\/beta.cruisebus.barcelona\/wp-content\/uploads\/2021\/07\/bcn-ct-logo.png\" alt=\"\" width=\"138\" height=\"119\" \/><\/a>\r\n\r\n\u00a0","_et_gb_content_width":"","_joinchat":[],"footnotes":""},"class_list":["post-1170","page","type-page","status-publish","hentry"],"_links":{"self":[{"href":"https:\/\/cruisebus.barcelona\/de\/wp-json\/wp\/v2\/pages\/1170","targetHints":{"allow":["GET"]}}],"collection":[{"href":"https:\/\/cruisebus.barcelona\/de\/wp-json\/wp\/v2\/pages"}],"about":[{"href":"https:\/\/cruisebus.barcelona\/de\/wp-json\/wp\/v2\/types\/page"}],"author":[{"embeddable":true,"href":"https:\/\/cruisebus.barcelona\/de\/wp-json\/wp\/v2\/users\/3"}],"replies":[{"embeddable":true,"href":"https:\/\/cruisebus.barcelona\/de\/wp-json\/wp\/v2\/comments?post=1170"}],"version-history":[{"count":7,"href":"https:\/\/cruisebus.barcelona\/de\/wp-json\/wp\/v2\/pages\/1170\/revisions"}],"predecessor-version":[{"id":1767,"href":"https:\/\/cruisebus.barcelona\/de\/wp-json\/wp\/v2\/pages\/1170\/revisions\/1767"}],"wp:attachment":[{"href":"https:\/\/cruisebus.barcelona\/de\/wp-json\/wp\/v2\/media?parent=1170"}],"curies":[{"name":"wp","href":"https:\/\/api.w.org\/{rel}","templated":true}]}}