{"id":1154,"date":"2016-11-10T10:21:44","date_gmt":"2016-11-10T10:21:44","guid":{"rendered":"http:\/\/www.cruisebus.barcelona\/de\/qui-som\/"},"modified":"2023-04-26T06:24:21","modified_gmt":"2023-04-26T06:24:21","slug":"qui-som","status":"publish","type":"page","link":"https:\/\/cruisebus.barcelona\/de\/qui-som\/","title":{"rendered":"Wer wir sind"},"content":{"rendered":"<p>[et_pb_section fb_built=&#8220;1&#8243; fullwidth=&#8220;on&#8220; _builder_version=&#8220;4.20.4&#8243; _module_preset=&#8220;default&#8220; global_colors_info=&#8220;{}&#8220;][et_pb_fullwidth_header title=&#8220;Wer wir sind&#8220; _builder_version=&#8220;4.20.4&#8243; _module_preset=&#8220;default&#8220; global_colors_info=&#8220;{}&#8220;][\/et_pb_fullwidth_header][\/et_pb_section][et_pb_section fb_built=&#8220;1&#8243; _builder_version=&#8220;4.16&#8243; global_colors_info=&#8220;{}&#8220;][et_pb_row column_structure=&#8220;1_2,1_2&#8243; _builder_version=&#8220;4.16&#8243; background_size=&#8220;initial&#8220; background_position=&#8220;top_left&#8220; background_repeat=&#8220;repeat&#8220; global_colors_info=&#8220;{}&#8220;][et_pb_column type=&#8220;1_2&#8243; _builder_version=&#8220;4.16&#8243; custom_padding=&#8220;|||&#8220; global_colors_info=&#8220;{}&#8220; custom_padding__hover=&#8220;|||&#8220;][et_pb_text _builder_version=&#8220;4.20.4&#8243; background_size=&#8220;initial&#8220; background_position=&#8220;top_left&#8220; background_repeat=&#8220;repeat&#8220; hover_enabled=&#8220;0&#8243; global_colors_info=&#8220;{}&#8220; sticky_enabled=&#8220;0&#8243;]<\/p>\n<h2>Seit 1923 in Bewegung<\/h2>\n<p>TCC \u2013 Transports Ciutat Comtal ist ein 1991 gegr\u00fcndetes Unternehmen der Gruppe Moventis. Die Firma ist ein Transportunternehmen, das unter anderem, den Service Cruise Bus betreibt.<\/p>\n<p>TCC bietet noch weitere Dienstleistungen in der Region Barcelona, wie beispielsweise: den Behindertentransport der Stadtverwaltung Barcelona, den TibiBus, verschiedene st\u00e4dtische Linien in Barcelona, Vilanova i la Geltr\u00fa, Sitges und Sant Sadurn\u00ed d&#8217;Anoia.<\/p>\n<p>Die Gruppe, zu der TCC (Gruppe Moventis) geh\u00f6rt, bietet dar\u00fcberhinaus weitere Dienstleistungen, wie die Barcelona City Tour, den Catalunya Bus Tur\u00edstic, die Stra\u00dfenbahnen in Barcelona mit den Linien Trambaix und Trambes\u00f3s, so wie kundenspezifische Bedarfsdienstleistungen wie die von Calella Moventis, f\u00fcr die \u00f6ffentliche Verwaltung, Kongresse, Schulen, Pendelbusse, Firmen, Reiseveranstalter, etc.<\/p>\n<p>[\/et_pb_text][\/et_pb_column][et_pb_column type=&#8220;1_2&#8243; _builder_version=&#8220;4.16&#8243; custom_padding=&#8220;|||&#8220; global_colors_info=&#8220;{}&#8220; custom_padding__hover=&#8220;|||&#8220;][et_pb_image src=&#8220;https:\/\/beta.cruisebus.barcelona\/wp-content\/uploads\/2021\/07\/quisom.jpg&#8220; title_text=&#8220;quisom&#8220; force_fullwidth=&#8220;on&#8220; _builder_version=&#8220;4.20.4&#8243; _module_preset=&#8220;default&#8220; global_colors_info=&#8220;{}&#8220;][\/et_pb_image][\/et_pb_column][\/et_pb_row][\/et_pb_section]<\/p>\n","protected":false},"excerpt":{"rendered":"<p>Seit 1923 in Bewegung TCC \u2013 Transports Ciutat Comtal ist ein 1991 gegr\u00fcndetes Unternehmen der Gruppe Moventis. Die Firma ist ein Transportunternehmen, das unter anderem, den Service Cruise Bus betreibt. TCC bietet noch weitere Dienstleistungen in der Region Barcelona, wie beispielsweise: den Behindertentransport der Stadtverwaltung Barcelona, den TibiBus, verschiedene st\u00e4dtische Linien in Barcelona, Vilanova i [&hellip;]<\/p>\n","protected":false},"author":3,"featured_media":0,"parent":0,"menu_order":0,"comment_status":"closed","ping_status":"closed","template":"","meta":{"_et_pb_use_builder":"on","_et_pb_old_content":"<h2><span style=\"color: #ff6600;\">Seit 1923 in Bewegung<\/span><\/h2>\r\n[su_row][su_column size=\"1\/2\"]\r\n<h3><span style=\"color: #808080;\">TCC \u2013 Transports Ciutat Comtal ist ein 1991 gegr\u00fcndetes Unternehmen der Gruppe Moventis. Die Firma ist ein Transportunternehmen, das unter anderem, den Service Cruise Bus betreibt.<\/span><\/h3>\r\n<h3><span style=\"color: #808080;\">TCC bietet noch weitere Dienstleistungen in der Region Barcelona, wie beispielsweise: den Behindertentransport der Stadtverwaltung Barcelona, den TibiBus, verschiedene st\u00e4dtische Linien in Barcelona, Vilanova i la Geltr\u00fa, Sitges und Sant Sadurn\u00ed d'Anoia.<\/span><\/h3>\r\n[\/su_column]\r\n[su_column size=\"1\/2\"]<img class=\"alignnone wp-image-1111 size-full\" src=\"https:\/\/beta.cruisebus.barcelona\/wp-content\/uploads\/2021\/07\/quisom.jpg\" width=\"614\" height=\"343\" \/>[\/su_column]\r\n[\/su_row]\r\n<h3><span style=\"color: #808080;\"><strong>Die Gruppe, zu der TCC (Gruppe Moventis) geh\u00f6rt, bietet dar\u00fcberhinaus weitere Dienstleistungen, wie die Barcelona City Tour, den Catalunya Bus Tur\u00edstic, die Stra\u00dfenbahnen in Barcelona mit den Linien Trambaix und Trambes\u00f3s, so wie kundenspezifische Bedarfsdienstleistungen wie die von Calella Moventis, f\u00fcr die \u00f6ffentliche Verwaltung, Kongresse, Schulen, Pendelbusse, Firmen, Reiseveranstalter, etc.<\/strong><\/span><\/h3>\r\n<h3><span style=\"color: #808080;\"><strong>\u00a0<\/strong><\/span><\/h3>","_et_gb_content_width":"","_joinchat":[],"footnotes":""},"class_list":["post-1154","page","type-page","status-publish","hentry"],"_links":{"self":[{"href":"https:\/\/cruisebus.barcelona\/de\/wp-json\/wp\/v2\/pages\/1154","targetHints":{"allow":["GET"]}}],"collection":[{"href":"https:\/\/cruisebus.barcelona\/de\/wp-json\/wp\/v2\/pages"}],"about":[{"href":"https:\/\/cruisebus.barcelona\/de\/wp-json\/wp\/v2\/types\/page"}],"author":[{"embeddable":true,"href":"https:\/\/cruisebus.barcelona\/de\/wp-json\/wp\/v2\/users\/3"}],"replies":[{"embeddable":true,"href":"https:\/\/cruisebus.barcelona\/de\/wp-json\/wp\/v2\/comments?post=1154"}],"version-history":[{"count":6,"href":"https:\/\/cruisebus.barcelona\/de\/wp-json\/wp\/v2\/pages\/1154\/revisions"}],"predecessor-version":[{"id":1838,"href":"https:\/\/cruisebus.barcelona\/de\/wp-json\/wp\/v2\/pages\/1154\/revisions\/1838"}],"wp:attachment":[{"href":"https:\/\/cruisebus.barcelona\/de\/wp-json\/wp\/v2\/media?parent=1154"}],"curies":[{"name":"wp","href":"https:\/\/api.w.org\/{rel}","templated":true}]}}