{"id":1146,"date":"2016-11-10T10:22:20","date_gmt":"2016-11-10T10:22:20","guid":{"rendered":"http:\/\/www.cruisebus.barcelona\/de\/el-servei\/"},"modified":"2025-04-08T07:05:13","modified_gmt":"2025-04-08T07:05:13","slug":"el-servei","status":"publish","type":"page","link":"https:\/\/cruisebus.barcelona\/de\/el-servei\/","title":{"rendered":"Der service"},"content":{"rendered":"<p>[et_pb_section fb_built=&#8220;1&#8243; fullwidth=&#8220;on&#8220; _builder_version=&#8220;4.20.4&#8243; _module_preset=&#8220;default&#8220; global_colors_info=&#8220;{}&#8220;][et_pb_fullwidth_header title=&#8220;Der service&#8220; _builder_version=&#8220;4.20.4&#8243; _module_preset=&#8220;default&#8220; global_colors_info=&#8220;{}&#8220;][\/et_pb_fullwidth_header][\/et_pb_section][et_pb_section fb_built=&#8220;1&#8243; _builder_version=&#8220;4.16&#8243; global_colors_info=&#8220;{}&#8220;][et_pb_row column_structure=&#8220;1_2,1_2&#8243; _builder_version=&#8220;4.16&#8243; background_size=&#8220;initial&#8220; background_position=&#8220;top_left&#8220; background_repeat=&#8220;repeat&#8220; global_colors_info=&#8220;{}&#8220;][et_pb_column type=&#8220;1_2&#8243; _builder_version=&#8220;4.16&#8243; custom_padding=&#8220;|||&#8220; global_colors_info=&#8220;{}&#8220; custom_padding__hover=&#8220;|||&#8220;][et_pb_text admin_label=&#8220;Text&#8220; _builder_version=&#8220;4.24.0&#8243; background_size=&#8220;initial&#8220; background_position=&#8220;top_left&#8220; background_repeat=&#8220;repeat&#8220; global_colors_info=&#8220;{}&#8220;]<\/p>\n<h2>Vom Kreuzfahrtschiff zur Rambla in 5 Minuten<\/h2>\n<p>Cruise Bus ist der Pendelbusservice, der die Anlegestellen der Kreuzfahrtschiffe an der Muelle Adosado mit dem Portal de la Pau verbindet. Von hier aus gelangen die Passagiere ins Zentrum Barcelonas und k\u00f6nnen die Stadt besuchen.<\/p>\n<p>F\u00fcr 4 Euro (Hin- und R\u00fcckfahrt) ist dies die beste Alternative sowohl f\u00fcr die Passagiere der Kreuzfahrtschiffe, die Barcelona besuchen m\u00f6chten, als auch f\u00fcr Passagiere, die ihre Kreuzfahrt in Barcelona beginnen oder beenden.<\/p>\n<p>[\/et_pb_text][\/et_pb_column][et_pb_column type=&#8220;1_2&#8243; _builder_version=&#8220;4.16&#8243; custom_padding=&#8220;|||&#8220; global_colors_info=&#8220;{}&#8220; custom_padding__hover=&#8220;|||&#8220;][et_pb_image src=&#8220;https:\/\/beta.cruisebus.barcelona\/wp-content\/uploads\/2016\/11\/CRUISE-BUS-_PORTADA_WEB-1.jpg&#8220; title_text=&#8220;cruise-bus-_portada_web&#8220; force_fullwidth=&#8220;on&#8220; _builder_version=&#8220;4.20.4&#8243; _module_preset=&#8220;default&#8220; global_colors_info=&#8220;{}&#8220;][\/et_pb_image][\/et_pb_column][\/et_pb_row][\/et_pb_section]<\/p>\n","protected":false},"excerpt":{"rendered":"<p>Vom Kreuzfahrtschiff zur Rambla in 5 Minuten Cruise Bus ist der Pendelbusservice, der die Anlegestellen der Kreuzfahrtschiffe an der Muelle Adosado mit dem Portal de la Pau verbindet. Von hier aus gelangen die Passagiere ins Zentrum Barcelonas und k\u00f6nnen die Stadt besuchen. F\u00fcr 4 Euro (Hin- und R\u00fcckfahrt) ist dies die beste Alternative sowohl f\u00fcr [&hellip;]<\/p>\n","protected":false},"author":3,"featured_media":0,"parent":0,"menu_order":0,"comment_status":"closed","ping_status":"closed","template":"","meta":{"_et_pb_use_builder":"on","_et_pb_old_content":"<h2><span style=\"color: #ff6600;\">Vom Kreuzfahrtschiff zur Rambla in 5 Minuten<\/span><\/h2>\r\n[su_row][su_column size=\"2\/3\"]\r\n<h3><span style=\"color: #808080;\">Cruise Bus ist der Pendelbusservice, der die Anlegestellen der Kreuzfahrtschiffe an der Muelle Adosado mit dem Portal de la Pau verbindet. Von hier aus gelangen die Passagiere ins Zentrum Barcelonas und k\u00f6nnen die Stadt besuchen.<\/span><\/h3>\r\n<h3><span style=\"color: #808080;\">F\u00fcr 4 Euro (Hin- und R\u00fcckfahrt) ist dies die beste Alternative sowohl f\u00fcr die Passagiere der Kreuzfahrtschiffe, die Barcelona besuchen m\u00f6chten, als auch f\u00fcr Passagiere, die ihre Kreuzfahrt in Barcelona beginnen oder beenden.<\/span><\/h3>\r\n[\/su_column]\r\n[su_column size=\"1\/3\"][\/su_column][\/su_row]<img class=\"aligncenter wp-image-1110 \" src=\"http:\/\/www.cruisebus.barcelona\/wp-content\/uploads\/2016\/11\/CRUISE-BUS-_PORTADA_WEB-300x120.jpg\" alt=\"cruise-bus-_portada_web\" width=\"721\" height=\"288\" \/>\r\n\r\n\u00a0","_et_gb_content_width":"","_joinchat":[],"footnotes":""},"class_list":["post-1146","page","type-page","status-publish","hentry"],"_links":{"self":[{"href":"https:\/\/cruisebus.barcelona\/de\/wp-json\/wp\/v2\/pages\/1146","targetHints":{"allow":["GET"]}}],"collection":[{"href":"https:\/\/cruisebus.barcelona\/de\/wp-json\/wp\/v2\/pages"}],"about":[{"href":"https:\/\/cruisebus.barcelona\/de\/wp-json\/wp\/v2\/types\/page"}],"author":[{"embeddable":true,"href":"https:\/\/cruisebus.barcelona\/de\/wp-json\/wp\/v2\/users\/3"}],"replies":[{"embeddable":true,"href":"https:\/\/cruisebus.barcelona\/de\/wp-json\/wp\/v2\/comments?post=1146"}],"version-history":[{"count":9,"href":"https:\/\/cruisebus.barcelona\/de\/wp-json\/wp\/v2\/pages\/1146\/revisions"}],"predecessor-version":[{"id":2666,"href":"https:\/\/cruisebus.barcelona\/de\/wp-json\/wp\/v2\/pages\/1146\/revisions\/2666"}],"wp:attachment":[{"href":"https:\/\/cruisebus.barcelona\/de\/wp-json\/wp\/v2\/media?parent=1146"}],"curies":[{"name":"wp","href":"https:\/\/api.w.org\/{rel}","templated":true}]}}